{"id":10014,"date":"2021-09-02T18:52:41","date_gmt":"2021-09-02T16:52:41","guid":{"rendered":"https:\/\/www.rc03-ilbenstadt.de\/?page_id=10014"},"modified":"2021-09-02T18:52:41","modified_gmt":"2021-09-02T16:52:41","slug":"45-herbst-rtf-wetterau-vogelsberg-rundfahrtmit-familientour-am-sonntag-den-12-09-2021strecken","status":"publish","type":"page","link":"https:\/\/www.rc03-ilbenstadt.de\/?page_id=10014","title":{"rendered":"45. Herbst-RTF &#8222;Wetterau &#8211; Vogelsberg &#8211; Rundfahrt&#8220;<br>mit Familientour am Sonntag, den 12.09.2021<br>STRECKEN"},"content":{"rendered":"<p>Wir haben die Strecken in der sanften H\u00fcgellandschaft der Wetterau eingebettet und, das wollen wir nicht verschweigen, hier und da sind kleine Fitnesspr\u00fcfungen angesagt. W\u00e4hrend sich die 32-Kilometer-Familientour und die 41-Kilometertour sich weitgehend flach an Einsteiger wendeen,  weist die 77-Kilometertour schon mal die ein oder andere moderate Steigung auf. Wir steigern uns jetzt langsam.  Die 111-Kilometertour hat schon den ein oder anderen moderaten H\u00fcgel im Streckenverlauf, gut rainierte Pedaleure werten diese als \u201eBodenwellen\u201c. Auf der 156-Kilometerrunde im Hohen Vogelsberg geht es dann schon kr\u00e4ftig zur Sache, \u00fcber 1.600 H\u00f6hemneter sind auf dieser wundersch\u00f6nen Strecke schon eine Hausnummer, die nur ge\u00fcbten Radlerinnen und Radlern empfohlen werden kann.<br \/>\nWir w\u00fcnschen unseren Teilnehmern auf den Strecken in der Wetterau und im Vogelsberg unvergessliche Eindr\u00fccke und eine unfallfreie Fahrt. In der Wetterau sind schon viele \u00c4cker abgeerntet und bereits in der Vorbereitung f\u00fcr die Neueinsaat. Dazwischen das leuchtende, satte Gr\u00fcn des Mais, der Zuckerr\u00fcben und anderer Feldfr\u00fcchte, bieten ein abwechslungsreiches Bild, das sich bei Folgetouren immer in anderen Nuancen pr\u00e4sentiert und das die Faszination der Wetterau mit ausmacht.<\/p>\n<p>Die Strecken befinden sich noch im beh\u00f6rdlichen Genehmigungsprozess und k\u00f6nnen aufgrund von Auflagen, Baustellen, Corona-Pandemieeinfl\u00fcssen sowie anderen unvorhergesehenen Ereignissen noch variieren. <\/p>\n<p>Die nachstehenden Kartenausschnitte erlauben das Zoomen mit dem Mausrad.<\/p>\n<p><strong>Gesamt\u00fcbersicht<\/strong><br \/>\n<strong>Kartendarstellung<\/strong><br \/>\n<a href=\"http:\/\/umap.openstreetmap.fr\/de\/map\/rc03_ilbenstadt_rtf_9_2021-gesamt-baustellen_var2_649979#12\/50.4009\/9.0290\" target=\"_blank\" rel=\"noopener\">RC03_Herbst-RTF_2021_Touren 1-5&#8243;<br \/>(Vollbildanzeige)<\/a><br \/>\n<iframe loading=\"lazy\" width=\"200%\" height=\"300px\" frameborder=\"0\" allowfullscreen src=\"\/\/umap.openstreetmap.fr\/de\/map\/rc03_ilbenstadt_rtf_9_2021-gesamt-baustellen_var2_649979?scaleControl=true&#038;miniMap=false&#038;scrollWheelZoom=true&#038;zoomControl=true&#038;allowEdit=false&#038;moreControl=true&#038;searchControl=true&#038;tilelayersControl=true&#038;embedControl=null&#038;datalayersControl=true&#038;onLoadPanel=undefined&#038;captionBar=false&#038;fullscreenControl=true&#038;measureControl=true\"><\/iframe><\/p>\n<p><strong>Tour 1 &#8211; 156-Kilometerstrecke<\/strong><br \/>\n<strong>Streckendownload f\u00fcr Navigationsger\u00e4te:<\/strong><br \/>\n<a href=\"https:\/\/rc03-ilbenstadt.de\/GPX\/GPX-RTF\/RC03_Ilbenstadt_RTF_9_2021_156km-V2.gpx\">RC03_Herbst-RTF_2021_156km<\/a><br \/>\n<strong>Kartendarstellung<\/strong><br \/>\n<a href=\"http:\/\/umap.openstreetmap.fr\/de\/map\/rc03_ilbenstadt_rtf_9_2021-156km-var2_650174#12\/50.4036\/9.0289\" target=\"_blank\" rel=\"noopener\">RC03_Herbst-RTF_2021_156km&#8220;<br \/>(Vollbildanzeige)<\/a><br \/>\n<iframe loading=\"lazy\" width=\"200%\" height=\"300px\" frameborder=\"0\" allowfullscreen src=\"\/\/umap.openstreetmap.fr\/de\/map\/rc03_ilbenstadt_rtf_9_2021-156km-var2_650174?scaleControl=true&#038;miniMap=false&#038;scrollWheelZoom=true&#038;zoomControl=true&#038;allowEdit=false&#038;moreControl=true&#038;searchControl=true&#038;tilelayersControl=true&#038;embedControl=null&#038;datalayersControl=true&#038;onLoadPanel=undefined&#038;captionBar=false&#038;fullscreenControl=true&#038;measureControl=true\"><\/iframe><\/p>\n<p><strong>Tour 1 &#8211; 111-Kilometerstrecke<\/strong><br \/>\n<strong>Streckendownload f\u00fcr Navigationsger\u00e4te:<\/strong><br \/>\n<a href=\"https:\/\/rc03-ilbenstadt.de\/GPX\/GPX-RTF\/RC03_Ilbenstadt_RTF_9_2021_111km-V2.gpx\">RC03_Herbst-RTF_2021_111km<\/a><br \/>\n<strong>Kartendarstellung<\/strong><br \/>\n<a href=\"http:\/\/umap.openstreetmap.fr\/de\/map\/rc03_ilbenstadt_rtf_9_2021-111km_var2_650175#12\/50.3747\/8.9549\" target=\"_blank\" rel=\"noopener\">RC03_Herbst-RTF_2021_111km&#8220;<br \/>(Vollbildanzeige)<\/a><br \/>\n<iframe loading=\"lazy\" width=\"200%\" height=\"300px\" frameborder=\"0\" allowfullscreen src=\"\/\/umap.openstreetmap.fr\/de\/map\/rc03_ilbenstadt_rtf_9_2021-111km_var2_650175?scaleControl=true&#038;miniMap=false&#038;scrollWheelZoom=true&#038;zoomControl=true&#038;allowEdit=false&#038;moreControl=true&#038;searchControl=true&#038;tilelayersControl=true&#038;embedControl=null&#038;datalayersControl=true&#038;onLoadPanel=undefined&#038;captionBar=false&#038;fullscreenControl=true&#038;measureControl=true\"><\/iframe><\/p>\n<p><strong>Tour 1 &#8211; 77-Kilometerstrecke<\/strong><br \/>\n<strong>Streckendownload f\u00fcr Navigationsger\u00e4te:<\/strong><br \/>\n<a href=\"https:\/\/rc03-ilbenstadt.de\/GPX\/GPX-RTF\/RC03_Ilbenstadt_RTF_9_2021_77km.gpx\">RC03_Herbst-RTF_2021_77km<\/a><br \/>\n<strong>Kartendarstellung<\/strong><br \/>\n<a href=\"http:\/\/umap.openstreetmap.fr\/de\/map\/rc03_ilbenstadt_rtf_9_2021-77km_638685#12\/50.3727\/8.9229\" target=\"_blank\" rel=\"noopener\">RC03_Herbst-RTF_2021_77km&#8220;<br \/>(Vollbildanzeige)<\/a><br \/>\n<iframe loading=\"lazy\" width=\"200%\" height=\"300px\" frameborder=\"0\" allowfullscreen src=\"\/\/umap.openstreetmap.fr\/de\/map\/rc03_ilbenstadt_rtf_9_2021-77km_638685?scaleControl=true&#038;miniMap=false&#038;scrollWheelZoom=true&#038;zoomControl=true&#038;allowEdit=false&#038;moreControl=true&#038;searchControl=true&#038;tilelayersControl=true&#038;embedControl=null&#038;datalayersControl=true&#038;onLoadPanel=undefined&#038;captionBar=false&#038;fullscreenControl=true&#038;locateControl=false&#038;measureControl=true\"><\/iframe><\/p>\n<p><strong>Tour 1 &#8211; 41-Kilometerstrecke<\/strong><br \/>\n<strong>Streckendownload f\u00fcr Navigationsger\u00e4te:<\/strong><br \/>\n<a href=\"https:\/\/rc03-ilbenstadt.de\/GPX\/GPX-RTF\/RC03_Ilbenstadt_RTF_9_2021_41km.gpx\">RC03_Herbst-RTF_2021_41km<\/a><br \/>\n<strong>Kartendarstellung<\/strong><br \/>\n<a href=\"http:\/\/umap.openstreetmap.fr\/de\/map\/rc03_ilbenstadt_rtf_9_2021-41km_638713#12\/50.3727\/8.9229\" target=\"_blank\" rel=\"noopener\">RC03_Herbst-RTF_2021_41km&#8220;<br \/>(Vollbildanzeige)<\/a><br \/>\n<iframe loading=\"lazy\" width=\"200%\" height=\"300px\" frameborder=\"0\" allowfullscreen src=\"\/\/umap.openstreetmap.fr\/de\/map\/rc03_ilbenstadt_rtf_9_2021-41km_638713?scaleControl=true&#038;miniMap=false&#038;scrollWheelZoom=true&#038;zoomControl=true&#038;allowEdit=false&#038;moreControl=true&#038;searchControl=true&#038;tilelayersControl=true&#038;embedControl=null&#038;datalayersControl=true&#038;onLoadPanel=undefined&#038;captionBar=false&#038;fullscreenControl=true&#038;measureControl=true\"><\/iframe><\/p>\n<p><strong>Tour 1 &#8211; 32-Kilometerstrecke<\/strong><br \/>\n<strong>Streckendownload f\u00fcr Navigationsger\u00e4te:<\/strong><br \/>\n<a href=\"https:\/\/rc03-ilbenstadt.de\/GPX\/GPX-RTF\/RC03_Ilbenstadt_RTF_9_2021_32km.gpx\">RC03_Herbst-RTF_2021_32km_Familientour<\/a><br \/>\n<strong>Kartendarstellung<\/strong><br \/>\n<a href=\"http:\/\/umap.openstreetmap.fr\/de\/map\/rc03_ilbenstadt_rtf_9_2021-32km_638915#13\/50.3272\/8.8448\" target=\"_blank\" rel=\"noopener\">RC03_Herbst-RTF_2021_32km_Familientour&#8220;<br \/>(Vollbildanzeige)<\/a><br \/>\n<iframe loading=\"lazy\" width=\"100%\" height=\"300px\" frameborder=\"0\" allowfullscreen src=\"\/\/umap.openstreetmap.fr\/de\/map\/rc03_ilbenstadt_rtf_9_2021-32km_638915?scaleControl=true&#038;miniMap=false&#038;scrollWheelZoom=true&#038;zoomControl=true&#038;allowEdit=false&#038;moreControl=true&#038;searchControl=true&#038;tilelayersControl=true&#038;embedControl=null&#038;datalayersControl=true&#038;onLoadPanel=undefined&#038;captionBar=false&#038;fullscreenControl=true&#038;measureControl=true\"><\/iframe><\/p>\n","protected":false},"excerpt":{"rendered":"<p>Wir haben die Strecken in der sanften H\u00fcgellandschaft der Wetterau eingebettet und, das wollen wir nicht verschweigen, hier und da sind kleine Fitnesspr\u00fcfungen angesagt. W\u00e4hrend sich die 32-Kilometer-Familientour und die 41-Kilometertour sich weitgehend flach an Einsteiger wendeen, weist die 77-Kilometertour &hellip; <a href=\"https:\/\/www.rc03-ilbenstadt.de\/?page_id=10014\">Weiterlesen <span class=\"meta-nav\">&rarr;<\/span><\/a><\/p>\n","protected":false},"author":9,"featured_media":8311,"parent":9968,"menu_order":0,"comment_status":"closed","ping_status":"closed","template":"","meta":{"_crdt_document":"","footnotes":""},"class_list":["post-10014","page","type-page","status-publish","has-post-thumbnail","hentry"],"_links":{"self":[{"href":"https:\/\/www.rc03-ilbenstadt.de\/index.php?rest_route=\/wp\/v2\/pages\/10014","targetHints":{"allow":["GET"]}}],"collection":[{"href":"https:\/\/www.rc03-ilbenstadt.de\/index.php?rest_route=\/wp\/v2\/pages"}],"about":[{"href":"https:\/\/www.rc03-ilbenstadt.de\/index.php?rest_route=\/wp\/v2\/types\/page"}],"author":[{"embeddable":true,"href":"https:\/\/www.rc03-ilbenstadt.de\/index.php?rest_route=\/wp\/v2\/users\/9"}],"replies":[{"embeddable":true,"href":"https:\/\/www.rc03-ilbenstadt.de\/index.php?rest_route=%2Fwp%2Fv2%2Fcomments&post=10014"}],"version-history":[{"count":5,"href":"https:\/\/www.rc03-ilbenstadt.de\/index.php?rest_route=\/wp\/v2\/pages\/10014\/revisions"}],"predecessor-version":[{"id":10029,"href":"https:\/\/www.rc03-ilbenstadt.de\/index.php?rest_route=\/wp\/v2\/pages\/10014\/revisions\/10029"}],"up":[{"embeddable":true,"href":"https:\/\/www.rc03-ilbenstadt.de\/index.php?rest_route=\/wp\/v2\/pages\/9968"}],"wp:featuredmedia":[{"embeddable":true,"href":"https:\/\/www.rc03-ilbenstadt.de\/index.php?rest_route=\/wp\/v2\/media\/8311"}],"wp:attachment":[{"href":"https:\/\/www.rc03-ilbenstadt.de\/index.php?rest_route=%2Fwp%2Fv2%2Fmedia&parent=10014"}],"curies":[{"name":"wp","href":"https:\/\/api.w.org\/{rel}","templated":true}]}}