{"id":10381,"date":"2022-02-15T15:15:10","date_gmt":"2022-02-15T14:15:10","guid":{"rendered":"https:\/\/www.rc03-ilbenstadt.de\/?page_id=10381"},"modified":"2022-03-18T17:54:55","modified_gmt":"2022-03-18T16:54:55","slug":"45-fruehjahrs-rtf-2022-rund-um-ilbenstadtausschreibung","status":"publish","type":"page","link":"https:\/\/www.rc03-ilbenstadt.de\/?page_id=10381","title":{"rendered":"45. Fr\u00fchjahrs-RTF 2022 &#8222;Rund um Ilbenstadt&#8220;- Ausschreibung"},"content":{"rendered":"<p>Die moderaten Fr\u00fchjahrstouren in der sanften H\u00fcgellandschaft der Wetterau sind gespickt mit kleinen Fitnesspr\u00fcfungen. So muss zum Beispiel der Besuch beim Keltenf\u00fcrsten auf dem Glauberg &#8222;erarbeitet&#8220; werden.<br \/>\nWir laden herzlich dazu ein.<\/p>\n<p><strong>Gegen\u00fcber den Vorjahren wurden insbesondere die 72- und die 114-Kilometerstrecke modifiziert.<\/strong><br \/>\nDie Strecken k\u00f6nnen noch variieren; die Genehmigung der Stra\u00dfenverkehrsbeh\u00f6rde steht noch aus.<\/p>\n<table class=\" aligncenter\">\n<tbody>\n<tr>\n<td style=\"text-align: left; vertical-align: middle;\" scope=\"col\"><a href=\"https:\/\/www.rc03-ilbenstadt.de\/wp-content\/uploads\/2015\/03\/scanbike-Logo_rechts-high-95px.jpg\" target=\"_blank\"  rel=\"lightbox[10381] noopener noreferrer\"><img loading=\"lazy\" decoding=\"async\" class=\"aligncenter wp-image-3511 size-thumbnail\" src=\"https:\/\/www.rc03-ilbenstadt.de\/wp-content\/uploads\/2015\/03\/scanbike-Logo_rechts-high-95px.jpg\" alt=\"\" width=\"150\" height=\"150\" \/><\/a><\/td>\n<td style=\"text-align: left; vertical-align: middle;\"><strong><span style=\"color: #ff0000;\">Voranmeldung ab dem 18.03.2022, 18:00 Uhr, geschlossen<\/p>\n<p>Wir wickeln die Veranstaltung \u00fcber scan+bike ab.<\/span> Da der BDR zur Abwicklung von Breitensportveranstaltungen eine App-Entwicklung in Auftrag gegeben hat, wird scan+bike <span style=\"color: #ff0000;\">nach<\/span> dem 30.06.2022 nicht mehr unterst\u00fctzt. Schon jetzt entfallen Onlineanmeldung  und  Rangliste . Bis zu einer verbandsweiten L\u00f6sung nehmen wir formlose Voranmeldungen <a href=\"mailto:rtf@rc03-ilbenstadt.de\">per E-Mail &#8222;rtf@rc03-ilbenstadt.de&#8220;<\/a> an.<\/strong><br \/>\nKurz zum Procedere:<br \/>\nEinzelmeldungen per E-Mail bitte mit vollst\u00e4ndigen Daten: WK-Nummer, wenn  BDR-Mitglied, Vorname, Name, vollst\u00e4ndige Adresse, Telefonnummer und Notfalltelefonnummer , Sternfahrer ja\/nein.<br \/>\nWir stellen ein Anmeldeformular (= Tabellenblatt LibreOffice Calc\/Microsoft Excel) f\u00fcr Gruppenmeldungen zur Verf\u00fcgung, das selbstverst\u00e4ndlich auch f\u00fcr Einzelmeldungen genutzt werden kann.<br \/>\nDie Startunterlagen werden nach Zahlungseingang erstellt. Sternfahrer bekommen diese auf Wunsch per E-Mail \u00fcbermittelt.<br \/>\nAnmeldeformulare zum Download:<br \/>\n<strong><a href=\"https:\/\/rc03-ilbenstadt.de\/RC03-DOC\/RC03_RTF_CTF_GTF_3_2022_Voranmeldung_3_2022.xls\">MS-Excel-Version<\/a> und <a href=\"https:\/\/rc03-ilbenstadt.de\/RC03-DOC\/RC03_RTF_CTF_GTF_3_2022_Voranmeldung_3_2022.ods\">LibreOffice Calc-Version<\/a><\/p>\n<p>Startgeld: 8 EUR, 5 EUR f\u00fcr BDR-Mitglieder; bei Vormeldung jeweils 1 EUR Nachlass.<br \/>\nDie Einzahlung erbitten wir mit genauer Absenderangabe auf das Konto des &#8222;RC 03 Ilbenstadt&#8220; bei der Sparkasse Oberhessen<br \/>\n<strong>IBAN: DE73 5185 0079 0077 0004 61, BIC: HELADEF1FRI<\/strong><\/p>\n<p><strong>Abbuchungsgenehmigung:<\/strong><br \/>\nErteilst Du eine Abbuchungsgenehmigung, buchen wir zum Veranstaltungstag ab.<br \/>\nWird die Veranstaltung aufgrund der Coronalage abgesagt, unterbleibt die Abbuchung.<\/p>\n<p><strong>Wir freuen uns auf Dich!<\/strong><\/td>\n<\/tr>\n<tr>\n<td>Start:<\/td>\n<td><strong>Sonntag, den 20. M\u00e4rz 2022, 08.00 Uhr \u2013 10:00 Uhr<\/strong><\/td>\n<\/tr>\n<tr>\n<td>Startort:<\/td>\n<td><strong>Turnhalle Ilbenstadt (Sportplatz)<br \/>\nSchulstra\u00dfe 1, 61194 Niddatal-Ilbenstadt<\/strong><\/td>\n<\/tr>\n<tr>\n<td>Sternfahrten:<\/td>\n<td>Diese sind nach Ziffer 5.1 a und 5.1b der Generalausschreibung RTF (Start vom Wohnort\/Einstieg bei einer Kontrollstelle\/20 km Mindestdistanz\/maximal 2 Punkte plus Originalstrecke) zugelassen. Dar\u00fcber hinaus akzeptieren wir den Einstieg an jedem beliebigen Punkt der Strecke.<\/td>\n<\/tr>\n<tr>\n<td>Strecken:<\/td>\n<td><strong>46 km, 72 km und 114 km k\u00f6nnen bew\u00e4ltigt werden<\/strong><\/td>\n<\/tr>\n<tr>\n<td>Auszeichnungen:<\/td>\n<td><strong>Bis 3 Auszeichnungen f\u00fcr die gr\u00f6\u00dften BDR-Mannschaften<br \/>\nBis 3 Auszeichnungen f\u00fcr die gr\u00f6\u00dften Privatmannschaften<\/strong><\/td>\n<\/tr>\n<tr>\n<td>Unsere Strecken<br \/>\nim Internet<\/td>\n<td>Wir stellen unsere Strecken auf dem freien Onlinetool uMap (https:\/\/www.umap\/openstreetmap\/fr\/de) zur Verf\u00fcgung.<br \/>\nHier geht es zu unserer <a href=\"https:\/\/www.rc03-ilbenstadt.de\/?page_id=10387\" rel=\"noopener noreferrer\"><strong>Karten\u00fcbersicht (RTF, Gravel-CTF, GTF)<\/strong><\/a><\/td>\n<\/tr>\n<tr>\n<td>GPX-Dateien<br \/>\ndirekt zum Download<\/td>\n<td><strong><a href=\"https:\/\/rc03-ilbenstadt.de\/GPX\/GPX-RTF\/RC03-Ilbenstadt-RTF_3_2022-46km_U.gpx\" target=\"_blank\" rel=\"noopener noreferrer\"> 46-Kilometer-Strecke\/294 Hm<\/a><br \/>\n<a href=\"https:\/\/rc03-ilbenstadt.de\/GPX\/GPX-RTF\/RC03-Ilbenstadt-RTF_3_2022-72km.gpx\" target=\"_blank\" rel=\"noopener noreferrer\">72-Kilometer-Strecke\/627 Hm<\/a><br \/>\n<a href=\"https:\/\/rc03-ilbenstadt.de\/GPX\/GPX-RTF\/RC03-Ilbenstadt-RTF_3_2022-114km_v1.gpx\" target=\"_blank\" rel=\"noopener noreferrer\">114-Kilometer-Strecke\/887 Hm<\/a><\/strong><\/td>\n<\/tr>\n<tr>\n<td>Teilnahmebedingungen:<\/td>\n<td><strong><a href=\"https:\/\/www.rc03-ilbenstadt.de\/?page_id=10396\" target=\"_blank\" rel=\"noopener noreferrer\">Bitte hier klicken \u2026<\/strong><\/a><\/td>\n<\/tr>\n<tr>\n<td>Flyer zu den Fr\u00fchjahrsradtouren:<\/td>\n<td><strong><a href=\"https:\/\/rc03-ilbenstadt.de\/RC03-DOC\/RC03_RTF_CTF_GTF_3_2022_Flyer_v6col_Bro_opt.pdf\" target=\"_blank\" rel=\"noopener\">Flyer\/Brosch\u00fcre<\/strong><\/a><br \/>\nSeiten f\u00fcr Brosch\u00fcrendruck zusammengestellt:<br \/>Doppelseitiger Druck, an Schmalseite wenden<\/td>\n<\/tr>\n<\/tbody>\n<\/table>\n<p><strong>Tourenkontrollfahrt f\u00fcr das Deutsche Radsportabzeichen!<\/strong><br \/>\nWenn Du das Deutsche Radsportabzeichen (DRA) erwerben m\u00f6chtest und dich am Start meldest, k\u00f6nnen wir Dir die gefahrene Zeit bescheinigen. Du kannst im Laufe des Jahres 2022 f\u00fcr das Radsportabzeichen auch beim RC03-Ilbenstadt trainieren. Unsere Pr\u00fcfer werden Deine Leistung abnehmen.<br \/>\nN\u00e4here Informationen zum DRA bekommst Du beim RC 03 Ilbenstadt oder\/und auf den Seiten des Bundes Deutscher Radfahrer..pdf&#8220; target=&#8220;_blank&#8220; rel=&#8220;noopener&#8220;>Flyer\/Brosch\u00fcre<\/strong><\/a><\/p>\n","protected":false},"excerpt":{"rendered":"<p>Die moderaten Fr\u00fchjahrstouren in der sanften H\u00fcgellandschaft der Wetterau sind gespickt mit kleinen Fitnesspr\u00fcfungen. So muss zum Beispiel der Besuch beim Keltenf\u00fcrsten auf dem Glauberg &#8222;erarbeitet&#8220; werden. Wir laden herzlich dazu ein. Gegen\u00fcber den Vorjahren wurden insbesondere die 72- und &hellip; <a href=\"https:\/\/www.rc03-ilbenstadt.de\/?page_id=10381\">Weiterlesen <span class=\"meta-nav\">&rarr;<\/span><\/a><\/p>\n","protected":false},"author":9,"featured_media":0,"parent":0,"menu_order":0,"comment_status":"closed","ping_status":"closed","template":"","meta":{"_crdt_document":"","footnotes":""},"class_list":["post-10381","page","type-page","status-publish","hentry"],"_links":{"self":[{"href":"https:\/\/www.rc03-ilbenstadt.de\/index.php?rest_route=\/wp\/v2\/pages\/10381","targetHints":{"allow":["GET"]}}],"collection":[{"href":"https:\/\/www.rc03-ilbenstadt.de\/index.php?rest_route=\/wp\/v2\/pages"}],"about":[{"href":"https:\/\/www.rc03-ilbenstadt.de\/index.php?rest_route=\/wp\/v2\/types\/page"}],"author":[{"embeddable":true,"href":"https:\/\/www.rc03-ilbenstadt.de\/index.php?rest_route=\/wp\/v2\/users\/9"}],"replies":[{"embeddable":true,"href":"https:\/\/www.rc03-ilbenstadt.de\/index.php?rest_route=%2Fwp%2Fv2%2Fcomments&post=10381"}],"version-history":[{"count":5,"href":"https:\/\/www.rc03-ilbenstadt.de\/index.php?rest_route=\/wp\/v2\/pages\/10381\/revisions"}],"predecessor-version":[{"id":10389,"href":"https:\/\/www.rc03-ilbenstadt.de\/index.php?rest_route=\/wp\/v2\/pages\/10381\/revisions\/10389"}],"wp:attachment":[{"href":"https:\/\/www.rc03-ilbenstadt.de\/index.php?rest_route=%2Fwp%2Fv2%2Fmedia&parent=10381"}],"curies":[{"name":"wp","href":"https:\/\/api.w.org\/{rel}","templated":true}]}}