{"id":10396,"date":"2022-02-16T02:22:47","date_gmt":"2022-02-16T01:22:47","guid":{"rendered":"https:\/\/www.rc03-ilbenstadt.de\/?page_id=10396"},"modified":"2022-03-12T17:28:23","modified_gmt":"2022-03-12T16:28:23","slug":"fruehjahrsradtouren-2022teilnahmebedingungen-fuer-rtf-ctf-und-gtf","status":"publish","type":"page","link":"https:\/\/www.rc03-ilbenstadt.de\/?page_id=10396","title":{"rendered":"Fr\u00fchjahrsradtouren 2022<br>Teilnahmebedingungen f\u00fcr RTF, Gravel-CTF und GTF"},"content":{"rendered":"<table style=\"border-collapse: collapse; width: 100%;\">\n<tbody>\n<tr>\n<td style=\"width: 49.9281%; vertical-align: top;\"><strong>Veranstalter:<\/strong><br \/>\nRadfahrer-Club 1903 Ilbenstadt e.V.<br \/>\nGesch\u00e4ftsstelle: 61194 Niddatal, Wingertstra\u00dfe 28<br \/>\n<strong>Durchf\u00fchrung:<\/strong><br \/>\nBei jeder Witterung mit Ausnahme extremer Wetterlagen, die mit Gef\u00e4hrdungen f\u00fcr Leib und Leben der Sportlerinnen und Sportler einhergehen k\u00f6nnen.<br \/>\n<strong>Besonderer Hinweis:<\/strong><br \/>\nGeltende Corona-Veranstaltungsregeln in Hessen, im Wetteraukreis, sind am Veranstaltungstag strikt einzuhalten.<br \/>\nEin Hygienekonzept wird zeitnah zum Veranstaltungstag erstellt und auf www.rc03-ilbenstadt.de eingestellt.<br \/>\n<strong>Start und Ziel:<\/strong><br \/>\nTurnhalle Ilbenstadt, Schulstra\u00dfe 1 (Sportplatz)<br \/>\n<strong>Siegerehrung:<\/strong><br \/>\nF\u00fcr die platzierten Mannschaften: 12:30 Uhr<br \/>\nKontrollschluss: 16:00 Uhr<br \/>\n<strong>Anfahrt:<\/strong><br \/>\nAutobahn A5 Frankfurt-Kassel, Abfahrt Friedberg, Rosbach, Ober-W\u00f6llstadt, B 45 bis Niddatal-Ilbenstadt, oder Autobahn<br \/>\nA 45 Dortmund-Hanau, Abfahrt Altenstadt, B 521 bis Ortsende, rechts ab Richtung Florstadt (L 3189), dann geradeaus (L 3188) bis Niddatal-Ilbenstadt.<\/p>\n<p><strong>Teilnahme:<\/strong><br \/>\nTeilnehmen k\u00f6nnen neben BDR-Mitgliedern mit roter Wertungskarte jede trainierte Radfahrerin\/jeder trainierte Radfahrer. Pedelecs sind ausdr\u00fccklich zugelassen.<br \/>\nKinder bis 18 Jahre d\u00fcrfen eigenst\u00e4ndig folgende Touren fahren:<br \/>\n<strong>Jahrg\u00e4nge 2008 und 2009 maximal 3-Punktetouren;<\/strong><br \/>\n<strong>Jahrg\u00e4nge 2010 bis 2013 maximal 2-Punktetouren.<\/strong><br \/>\nDar\u00fcber hinaus muss ein Erziehungsberechtigter einverstanden sein und das Kind begleiten.<br \/>\nDas Tragen von R\u00fcckennummern ist Pflicht. Sie sind am Start erh\u00e4ltlich.<br \/>\n<strong>Haftung:<\/strong><br \/>\nWir weisen ausdr\u00fccklich darauf hin, dass jeder Teilnehmer nach der Allgemeinen StVO zu fahren hat. Die Versicherung gegen Unfall und Haftpflicht ist Sache des Teilnehmers. Der<br \/>\nVeranstalter \u00fcbernimmt keine Haftung.<br \/>\nNachrangig zum eigenen Versicherungsschutz sind Vereinsmitglieder \u00fcber die Sportversicherung des Landessportbundes Hessen abgesichert; Nichtmitglieder sind \u00fcber eine kurzfristige Sportversicherung den Vereinsmitgliedern im Wesentlichen gleichgestellt.<\/p>\n<p><strong>Startgeb\u00fchr:<\/strong><br \/>\n8,00 EUR; 5,00 EUR f\u00fcr Wertungskarteninhaber; kostenlos fahren Wertungskarteninhaber mit dem Vermerk &#8222;Sch\u00fcler&#8220; und Kinder ohne Wertungskarte.<br \/>\n<strong>Bei Vereins- und Einzelvormeldungen wird das Startgeld um 1 EUR reduziert. <\/strong><br \/>\n<strong>Einzelvoranmeldungen\/Mannschafts-\/Gruppenmeldungen:<\/strong><br \/>\nWir stellen ein Anmeldeformular f\u00fcr Einzelmeldungen und ein Tabellenblatt LibreOffice Calc\/Microsoft Excel f\u00fcr Mannschaftsmeldungen ab dem 5. M\u00e4rz zur Verf\u00fcgung, das zur Meldung genutzt werden sollte. Die Startunterlagen werden nach Zahlungseingang erstellt. Sternfahrer bekommen diese auf Wunsch per E-Mail \u00fcbermittelt.<br \/>\nDie Einzahlung des Startgeldes erbitten wir mit genauer Absenderangabe auf das Konto des &#8222;RC 03 Ilbenstadt&#8220; bei der Sparkasse Oberhessen<br \/>\n<strong>IBAN: DE73 5185 0079 0077 0004 61, BIC: HELADEF1FRI<\/strong><\/p>\n<p><strong>Abbuchungsgenehmigung:<\/strong><br \/>\nErteilen Sie eine Abbuchungsgenehmigung buchen wir zum Veranstaltungstag ab.<br \/>\nWird die Veranstaltung aufgrund der Coronalage abgesagt, unterbleibt die Abbuchung.<\/p>\n<p><strong>Einzelmeldungen am Start:<\/strong><br \/>\nEinzelmeldungen am Start werden akzeptiert.<br \/>\nTeilnehmerinnen und Teilnehmer ohne Wertungskarte f\u00fcllen dazu ein Gastfahrerformular am Start aus.<br \/>\nSchnellerer Zugang bietet ein ganzj\u00e4hriger Zugang auch zu weiteren Veranstaltungen ein QR-Code, erh\u00e4ltlich \u00fcber www.scan.bike.de<br \/>\nWir bitten, das Startgeld passend bereitzuhalten.\n<\/td>\n<td style=\"width: 49.6403%; vertical-align: top;\" scope=\"col\"><strong>Mannschaftswertung\/Mannschaftsauszeichnung:<\/strong><br \/>\nZur Teilnahme am Gruppenwettbewerb f\u00fcr BDR- und Privatmannschaften ist eine Voranmeldung erforderlich.<br \/>\nEs werden bis zu 6 Auszeichungen, je drei f\u00fcr BDR- und Privatmannschaften vergeben.<br \/>\nZur Mannschaftswertung werden nur Fahrerinnen und Fahrer zugelassen, die auch tats\u00e4chlich am Start sind.<\/p>\n<p><strong>Datenschutz:<\/strong><br \/>\nErhobene pers\u00f6nliche Daten werden ausschlie\u00dflich veranstaltungsbezogen verwendet und nicht an Dritte weitergegeben. Ausnahmen betreffen zum Zwecke der \u00d6ffentlichkeitsarbeit die Ver\u00f6ffentlichung von Vorname, Name und Vereinszugeh\u00f6rigkeit in Presse, sozialen Medien und\/oder der Vereinshomepage.<br \/>\nWenn keine gesetzlichen Aufbewahrungsfristen gelten, werden die Daten nach Ablauf von 6 Monaten nach der Erhebung gel\u00f6scht.<br \/>\n<strong>Film und Fotoaufnahmen<\/strong><br \/>\nW\u00e4hrend der Veranstaltung werden zum Zwecke der \u00d6ffentlichkeitsarbeit Aufnahmen get\u00e4tigt und verarbeitet, die nach Artikel 6, Buchstabe f der Datenschutzgrundverordnung zur Wahrung unserer berechtigten Interessen zul\u00e4ssig sind. Wenn Sie der Meinung sind, dass ihre Interessen \u00fcberwiegen, sprechen Sie uns an:<\/p>\n<p>Wilhelm Schr\u00f6der<br \/>\nFachbereichsleiter Kommunikation und Sport (RTF\/CTF)<br \/>\nMobiltelefon: 01523 42 10 315<br \/>\nE-Mail: oeffentlichkeitsarbeit@rc03-ilbenstadt.de <\/p>\n<p><strong>Besonderer Hinweis zur Streckenf\u00fchrung:<\/strong><br \/>\nDie Strecke kann durch beh\u00f6rdliche Auflagen, Baustellen oder ge\u00e4nderte Verkehrsf\u00fchrungen vom Plan abweichen.<br \/>\nDie \u00c4nderungen werden am Start durch Aushang publiziert. Es gilt die aktuelle Beschilderung der Strecke.<br \/>\nZur Verf\u00fcgung gestellte GPS-Daten werden am 19. M\u00e4rz 2022 bis 19:00 Uhr aktualisiert.<br \/>\n<strong>Servicepunkte (ehemals Kontrollstellen):<\/strong><br \/>\nServicepunkte auf allen Strecken, Getr\u00e4nke und Obst werden so lange der Vorrat reicht, kostenlos abgegeben.<br \/>\nWie jeder Veranstalter bem\u00fchen wir uns um ausreichende Vorr\u00e4te.<br \/>\n<strong>Verpflegung am Start und Ziel:<\/strong><br \/>\nImbiss und Getr\u00e4nke, Kaffee und Kuchenbuffet.<br \/>\n<strong>Wasch- und Duschgelegenheit<\/strong><br \/>\nin der Turnhalle an Start und Ziel.<\/p>\n<p><strong>Ausk\u00fcnfte erteilt:<\/strong><br \/>\nJohannes Contag<br \/>\nTelefon: 0171 9 90 26 18<br \/>\nvon 09:00 bis 21:00 Uhr<br \/>\nE-Mail: rtf-fachwart@rc03-ilbenstadt.de<\/p>\n<p>Aktuelle Informationen zur Veranstaltung sind immer auf unserer Internetseite eingestellt:<br \/>\n<strong>www.rc03-ilbenstadt.de<\/strong><\/p>\n<p><strong>Mitgeltung:<\/strong><br \/>\nDie Generalausschreibung (RTF) 2022 des Bundes Deutscher Radfahrer gilt mit. Sie ist am Start einzusehen.<\/p>\n<p><strong>Achtung!<\/strong><br \/>\n<strong>Unsere Radtouren-Veranstaltung keine Rennen!<\/strong><br \/>\n<strong>Gefahren wird ausschlie\u00dflich nach der StVO in der aktuellen Fassung sowie den Regeln des Naturschutzes.<\/p>\n<p>Wir legen Wert auf einen r\u00fccksichtsvollen Umgang in der Begegnung mit allen erholungssuchenden Mitmenschen,  sowie dem land- und forstwirtschaftlchen Verkehr.<\/strong><\/td>\n<td style=\"width: 0.359712%;\"><\/td>\n<\/tr>\n<tr>\n<td style=\"width: 49.9281%; text-align: center;\" colspan=\"3\"><span style=\"font-size: 32px;\"><strong>Wir bitten zu beachten, dass ein Start nur <\/strong><\/span><\/p>\n<p><span style=\"font-size: 32px;\"><strong>mit Originalr\u00fcckennummer und Helm zugelassen wird!<\/strong><\/span><\/td>\n<\/tr>\n<\/tbody>\n<\/table>\n","protected":false},"excerpt":{"rendered":"<p>Veranstalter: Radfahrer-Club 1903 Ilbenstadt e.V. Gesch\u00e4ftsstelle: 61194 Niddatal, Wingertstra\u00dfe 28 Durchf\u00fchrung: Bei jeder Witterung mit Ausnahme extremer Wetterlagen, die mit Gef\u00e4hrdungen f\u00fcr Leib und Leben der Sportlerinnen und Sportler einhergehen k\u00f6nnen. Besonderer Hinweis: Geltende Corona-Veranstaltungsregeln in Hessen, im Wetteraukreis, sind &hellip; <a href=\"https:\/\/www.rc03-ilbenstadt.de\/?page_id=10396\">Weiterlesen <span class=\"meta-nav\">&rarr;<\/span><\/a><\/p>\n","protected":false},"author":9,"featured_media":0,"parent":10381,"menu_order":1,"comment_status":"closed","ping_status":"closed","template":"full-width-page.php","meta":{"_crdt_document":"","footnotes":""},"class_list":["post-10396","page","type-page","status-publish","hentry"],"_links":{"self":[{"href":"https:\/\/www.rc03-ilbenstadt.de\/index.php?rest_route=\/wp\/v2\/pages\/10396","targetHints":{"allow":["GET"]}}],"collection":[{"href":"https:\/\/www.rc03-ilbenstadt.de\/index.php?rest_route=\/wp\/v2\/pages"}],"about":[{"href":"https:\/\/www.rc03-ilbenstadt.de\/index.php?rest_route=\/wp\/v2\/types\/page"}],"author":[{"embeddable":true,"href":"https:\/\/www.rc03-ilbenstadt.de\/index.php?rest_route=\/wp\/v2\/users\/9"}],"replies":[{"embeddable":true,"href":"https:\/\/www.rc03-ilbenstadt.de\/index.php?rest_route=%2Fwp%2Fv2%2Fcomments&post=10396"}],"version-history":[{"count":5,"href":"https:\/\/www.rc03-ilbenstadt.de\/index.php?rest_route=\/wp\/v2\/pages\/10396\/revisions"}],"predecessor-version":[{"id":10587,"href":"https:\/\/www.rc03-ilbenstadt.de\/index.php?rest_route=\/wp\/v2\/pages\/10396\/revisions\/10587"}],"up":[{"embeddable":true,"href":"https:\/\/www.rc03-ilbenstadt.de\/index.php?rest_route=\/wp\/v2\/pages\/10381"}],"wp:attachment":[{"href":"https:\/\/www.rc03-ilbenstadt.de\/index.php?rest_route=%2Fwp%2Fv2%2Fmedia&parent=10396"}],"curies":[{"name":"wp","href":"https:\/\/api.w.org\/{rel}","templated":true}]}}