{"id":10443,"date":"2022-02-16T11:29:23","date_gmt":"2022-02-16T10:29:23","guid":{"rendered":"https:\/\/www.rc03-ilbenstadt.de\/?page_id=10443"},"modified":"2022-03-18T17:54:09","modified_gmt":"2022-03-18T16:54:09","slug":"6-fruehjahrs-gravel-ctf-2022-wetterauer-aecker-und-waeldertour","status":"publish","type":"page","link":"https:\/\/www.rc03-ilbenstadt.de\/?page_id=10443","title":{"rendered":"6. Fr\u00fchjahrs-Gravel-CTF 2022 &#8222;Wetterauer \u00c4cker- und W\u00e4ldertour&#8220; &#8211; Ausschreibung"},"content":{"rendered":"<p>Die moderaten Fr\u00fchjahrstouren in der sanften H\u00fcgellandschaft der Wetterau sind gespickt mit kleinen Fitnesspr\u00fcfungen. An eine CTF werden viele unterschiedliche Erwartungen gekn\u00fcpft. Den einen kann es nicht steil genug sein, Singletrails und Wurzelpassagen sind willkommen. Andere sind mit solchen Touren teilweise auch schon in der Steuerkunst \u00fcberfordert und n\u00e4hern sich in ihrer Leistungskurve dem roten Bereich. Wir sind in der gl\u00fccklichen Lage, eine moderate Tour anbieten zu k\u00f6nnen, die in der 71-Kilometervariante immerhin  mit 627 H\u00f6henmetern aufwartet. So flach ist dann die Wetterau auch wieder nicht. Gravelfreundinnen und -freunde sind auch auf den CTF-Touren willkommen; sie finden hier gegen\u00fcber unserer Gravelrunde mit 79 Kilometern und 848 H\u00f6henmetern die entspannteren Touren. <\/p>\n<p>Wir laden herzlich in die tolle Landschaft der Wetterau ein.<\/p>\n<p><strong>Gegen\u00fcber den Vorjahren wurden die Strecken nur marginal ge\u00e4ndert. Die \u00c4nderung der Namensgebung von CTF in Gravel-CTF hat nichts mit \u00c4nderungen der Streckencharakteristiken zu tun. Dies soll Gravelfreundinnen und -freunden lediglich signalisieren, dass auch im CTF-Umfeld ein Gravelbike artgerecht bewegt werden kann.<\/strong><\/p>\n<p>Die Strecken k\u00f6nnen noch variieren; die Genehmigung der Stra\u00dfenverkehrsbeh\u00f6rde steht noch aus.<\/p>\n<table class=\" aligncenter\">\n<tbody>\n<tr>\n<td style=\"text-align: left; vertical-align: middle;\" scope=\"col\"><a href=\"https:\/\/www.rc03-ilbenstadt.de\/wp-content\/uploads\/2015\/03\/scanbike-Logo_rechts-high-95px.jpg\" target=\"_blank\"  rel=\"lightbox[10443] noopener noreferrer\"><img loading=\"lazy\" decoding=\"async\" class=\"aligncenter wp-image-3511 size-thumbnail\" src=\"https:\/\/www.rc03-ilbenstadt.de\/wp-content\/uploads\/2015\/03\/scanbike-Logo_rechts-high-95px.jpg\" alt=\"\" width=\"150\" height=\"150\" \/><\/a><\/td>\n<td style=\"text-align: left; vertical-align: middle;\"><strong><span style=\"color: #ff0000;\">Voranmeldung ab dem 18.03.2022, 18:00 Uhr, geschlossen<\/p>\n<p>Wir wickeln die Veranstaltung \u00fcber scan+bike ab.<\/span> Da der BDR zur Abwicklung von Breitensportveranstaltungen eine App-Entwicklung in Auftrag gegeben hat, wird scan+bike <span style=\"color: #ff0000;\">nach<\/span> dem 30.06.2022 nicht mehr unterst\u00fctzt. Schon jetzt entfallen Onlineanmeldung  und  Rangliste . Bis zu einer verbandsweiten L\u00f6sung nehmen wir formlose Voranmeldungen <a href=\"mailto:rtf@rc03-ilbenstadt.de\">per E-Mail &#8222;rtf@rc03-ilbenstadt.de&#8220;<\/a> an.<\/strong><br \/>\nKurz zum Procedere:<br \/>\nEinzelmeldungen per E-Mail bitte mit vollst\u00e4ndigen Daten: WK-Nummer, wenn  BDR-Mitglied, Vorname, Name, vollst\u00e4ndige Adresse, Telefonnummer und Notfalltelefonnummer , Sternfahrer ja\/nein.<br \/>\nWir stellen ein Anmeldeformular (= Tabellenblatt LibreOffice Calc\/Microsoft Excel) f\u00fcr Gruppenmeldungen zur Verf\u00fcgung, das selbstverst\u00e4ndlich auch f\u00fcr Einzelmeldungen genutzt werden kann.<br \/>\nDie Startunterlagen werden nach Zahlungseingang erstellt. Sternfahrer bekommen diese auf Wunsch per E-Mail \u00fcbermittelt.<br \/>\nAnmeldeformulare zum Download:<br \/>\n<strong><a href=\"https:\/\/rc03-ilbenstadt.de\/RC03-DOC\/RC03_RTF_CTF_GTF_3_2022_Voranmeldung_3_2022.xls\">MS-Excel-Version<\/a> und <a href=\"https:\/\/rc03-ilbenstadt.de\/RC03-DOC\/RC03_RTF_CTF_GTF_3_2022_Voranmeldung_3_2022.ods\">LibreOffice Calc-Version<\/a><\/p>\n<p>Startgeld: 8 EUR, 5 EUR f\u00fcr BDR-Mitglieder; bei Vormeldung jeweils 1 EUR Nachlass.<br \/>\nDie Einzahlung erbitten wir mit genauer Absenderangabe auf das Konto des &#8222;RC 03 Ilbenstadt&#8220; bei der Sparkasse Oberhessen<br \/>\n<strong>IBAN: DE73 5185 0079 0077 0004 61, BIC: HELADEF1FRI<\/strong><\/p>\n<p><strong>Abbuchungsgenehmigung:<\/strong><br \/>\nErteilst Du eine Abbuchungsgenehmigung, buchen wir zum Veranstaltungstag ab.<br \/>\nWird die Veranstaltung aufgrund der Coronalage abgesagt, unterbleibt die Abbuchung.<\/p>\n<p><strong>Wir freuen uns auf Dich!<\/strong><\/td>\n<\/tr>\n<tr>\n<td>Start:<\/td>\n<td><strong>Sonntag, den 20. M\u00e4rz 2022, 08.00 Uhr \u2013 10:00 Uhr<\/strong><\/td>\n<\/tr>\n<tr>\n<td>Startort:<\/td>\n<td><strong>Turnhalle Ilbenstadt (Sportplatz)<br \/>\nSchulstra\u00dfe 1, 61194 Niddatal-Ilbenstadt<\/strong><\/td>\n<\/tr>\n<tr>\n<td>Sternfahrten:<\/td>\n<td>Streng genommen kennt die CTF keine Sternfahrten. In freier Auslegung von Ziffer 3. Umweltrichtlinien lassen wir Sternfahrten m\u00f6glichst auf dem Radwegenetz des Wetteraukreises in analoger Anwendung der RTF-Regelung zu. Danach kann vom Wohnort aus gestartet werden oder die Tour an einer Kontrollstelle aufgenommen werden. Dar\u00fcber hinaus kann der Einstieg an jedem beliebigen Punkt der Strecke erfolgen. Wir lassen als Sternfahrt unter CTF-Bedingungen nur eine 2-Punkte-Tour zu; die Mindestdistanz Wohnort &#8211; Startort betr\u00e4gt 20 km. In die Wertung flie\u00dfen zur\u00fcckgelegte Kilometer auf der Originalstrecke mit ein.<\/td>\n<\/tr>\n<tr>\n<td>Strecken:<\/td>\n<td><strong>37 km, 56 km und 71 km k\u00f6nnen bew\u00e4ltigt werden<\/strong><\/td>\n<\/tr>\n<tr>\n<td>Auszeichnungen:<\/td>\n<td><strong>Bis 3 Auszeichnungen f\u00fcr die gr\u00f6\u00dften BDR-Mannschaften.<br \/>\nBis 3 Auszeichnungen f\u00fcr die gr\u00f6\u00dften Privatmannschaften.<br \/>\nIn die Wertung k\u00f6nnen die Teilnehmer der Graveltour einbezogen werden.<\/strong><\/td>\n<\/tr>\n<tr>\n<td>Unsere Strecken<br \/>\nim Internet<\/td>\n<td>Wir stellen unsere Strecken auf dem freien Onlinetool uMap (https:\/\/www.umap\/openstreetmap\/fr\/de) zur Verf\u00fcgung.<br \/>\nHier geht es zu unserer <a href=\"https:\/\/www.rc03-ilbenstadt.de\/?page_id=10387\" rel=\"noopener noreferrer\"><strong>Karten\u00fcbersicht (RTF, Gravel-CTF, GTF)<\/strong><\/a><\/td>\n<\/tr>\n<tr>\n<td>GPX-Dateien<br \/>\ndirekt zum Download<\/td>\n<td><strong><a href=\"https:\/\/rc03-ilbenstadt.de\/GPX\/GPX-CTF\/RC03-Ilbenstadt-CTF_3_2022-71km.gpx\" target=\"_blank\" rel=\"noopener noreferrer\"> 71-Kilometer-Strecke\/627 Hm<\/a><br \/>\n<a href=\"https:\/\/rc03-ilbenstadt.de\/GPX\/GPX-CTF\/RC03-Ilbenstadt-CTF_3_2022-56km.gpx\" target=\"_blank\" rel=\"noopener noreferrer\">56-Kilometer-Strecke\/385 Hm<\/a><br \/>\n<a href=\"https:\/\/rc03-ilbenstadt.de\/GPX\/GPX-CTF\/RC03-Ilbenstadt-CTF_3_2022-37km\" target=\"_blank\" rel=\"noopener noreferrer\">37-Kilometer-Strecke\/242 Hm<\/a><\/strong><\/td>\n<\/tr>\n<tr>\n<td>Teilnahmebedingungen:<\/td>\n<td><a href=\"https:\/\/www.rc03-ilbenstadt.de\/?page_id=10396\" target=\"_blank\" rel=\"noopener noreferrer\"><strong>Bitte hier klicken \u2026<\/strong><\/a><\/td>\n<\/tr>\n<tr>\n<td>Flyer zu den Fr\u00fchjahrsradtouren:<\/td>\n<td><strong><a href=\"https:\/\/rc03-ilbenstadt.de\/RC03-DOC\/RC03_RTF_CTF_GTF_3_2022_Flyer_v6col_Bro_opt.pdf\" target=\"_blank\" rel=\"noopener\">Flyer\/Brosch\u00fcre<\/strong><\/a><br \/>\nSeiten f\u00fcr Brosch\u00fcrendruck zusammengestellt:<br \/>Doppelseitiger Druck, an Schmalseite wenden<\/td>\n<\/tr>\n<\/tbody>\n<\/table>\n<p><strong>Tourenkontrollfahrt f\u00fcr das Deutsche Radsportabzeichen!<\/strong><br \/>\nWenn Du das Deutsche Radsportabzeichen (DRA) erwerben m\u00f6chtest und dich am Start meldest, k\u00f6nnen wir Dir die gefahrene Zeit bescheinigen. Du kannst im Laufe des Jahres 2022 f\u00fcr das Radsportabzeichen auch beim RC03-Ilbenstadt trainieren. Unsere Pr\u00fcfer werden Deine Leistung abnehmen.<br \/>\nN\u00e4here Informationen zum DRA bekommst Du beim RC 03 Ilbenstadt oder\/und auf den Seiten des Bundes Deutscher Radfahrer.<\/p>\n","protected":false},"excerpt":{"rendered":"<p>Die moderaten Fr\u00fchjahrstouren in der sanften H\u00fcgellandschaft der Wetterau sind gespickt mit kleinen Fitnesspr\u00fcfungen. An eine CTF werden viele unterschiedliche Erwartungen gekn\u00fcpft. Den einen kann es nicht steil genug sein, Singletrails und Wurzelpassagen sind willkommen. Andere sind mit solchen Touren &hellip; <a href=\"https:\/\/www.rc03-ilbenstadt.de\/?page_id=10443\">Weiterlesen <span class=\"meta-nav\">&rarr;<\/span><\/a><\/p>\n","protected":false},"author":9,"featured_media":0,"parent":0,"menu_order":0,"comment_status":"closed","ping_status":"closed","template":"","meta":{"_crdt_document":"","footnotes":""},"class_list":["post-10443","page","type-page","status-publish","hentry"],"_links":{"self":[{"href":"https:\/\/www.rc03-ilbenstadt.de\/index.php?rest_route=\/wp\/v2\/pages\/10443","targetHints":{"allow":["GET"]}}],"collection":[{"href":"https:\/\/www.rc03-ilbenstadt.de\/index.php?rest_route=\/wp\/v2\/pages"}],"about":[{"href":"https:\/\/www.rc03-ilbenstadt.de\/index.php?rest_route=\/wp\/v2\/types\/page"}],"author":[{"embeddable":true,"href":"https:\/\/www.rc03-ilbenstadt.de\/index.php?rest_route=\/wp\/v2\/users\/9"}],"replies":[{"embeddable":true,"href":"https:\/\/www.rc03-ilbenstadt.de\/index.php?rest_route=%2Fwp%2Fv2%2Fcomments&post=10443"}],"version-history":[{"count":5,"href":"https:\/\/www.rc03-ilbenstadt.de\/index.php?rest_route=\/wp\/v2\/pages\/10443\/revisions"}],"predecessor-version":[{"id":10473,"href":"https:\/\/www.rc03-ilbenstadt.de\/index.php?rest_route=\/wp\/v2\/pages\/10443\/revisions\/10473"}],"wp:attachment":[{"href":"https:\/\/www.rc03-ilbenstadt.de\/index.php?rest_route=%2Fwp%2Fv2%2Fmedia&parent=10443"}],"curies":[{"name":"wp","href":"https:\/\/api.w.org\/{rel}","templated":true}]}}