{"id":10447,"date":"2022-02-16T12:26:20","date_gmt":"2022-02-16T11:26:20","guid":{"rendered":"https:\/\/www.rc03-ilbenstadt.de\/?page_id=10447"},"modified":"2022-03-18T17:56:07","modified_gmt":"2022-03-18T16:56:07","slug":"1-fruehjahrs-gtf-2022-wetterauer-schottertourausschreibung","status":"publish","type":"page","link":"https:\/\/www.rc03-ilbenstadt.de\/?page_id=10447","title":{"rendered":"1. Fr\u00fchjahrs-GTF 2022 &#8222;Wetterauer Schottertour&#8220;<br>Ausschreibung"},"content":{"rendered":"<p>Die moderaten Fr\u00fchjahrstouren in der sanften H\u00fcgellandschaft der Wetterau sind gespickt mit kleinen Fitnesspr\u00fcfungen. Hier sollen nun auch Freundinnen und Freunde des Gravelbikes in die Gemeinschaft des organisierten Breitenradsportes hineinschuppern. Gerne, die Breitradsportszene hat keine Scheuklappen. Unabh\u00e4ngig davon, dass zur RTF ein Rennrad geh\u00f6rt, zur CTF ein Mountainbike, haben R\u00e4der fast jeder Couleur die Spartengrenzen \u00fcberschritten, ohne dass daran Ansto\u00df genommen wurde. Eigene Erfahrungen mit einem Querfeldeinrad, auch Cyclocrossbike genannt, sind seit \u00fcber 15 Jahren vorhanden und lassen Grenzen verschwimmen.<br \/>\nAuch wenn das Graveln im BDR und seinen Verb\u00e4nden erst jetzt  entdeckt wird, wird man feststellen, dass es schon l\u00e4ngst da ist &#8230;<\/p>\n<p>Wir bieten eine Graveltour \u00fcber 79 Kilometer im Herzen der Wetterau, gef\u00fchrt auf Wirtschaftswegen mit wechselnden Untergr\u00fcnden. Zwei Servicepunkte auf dem Glauberg und in Melbach liegen auf der Tour. 848 H\u00f6henmeter wurden &#8222;versteckt&#8220;. Wer es entspannter haben m\u00f6chte, kann sich auf unseren Gravel-CTF austoben.<\/p>\n<p>Wir laden herzlich in die tolle Landschaft der Wetterau ein.<\/p>\n<p><strong>Gegen\u00fcber den Vorjahren wurden die CTF-Strecken nur marginal ge\u00e4ndert. Die \u00c4nderung der Namensgebung von CTF in Gravel-CTF hat nichts mit \u00c4nderungen der Streckencharkteristiken zu tun. Dies soll Gravelfreundinnen und -freunden lediglich signalisieren, dass auch im CTF-Umfeld ein Gravelbike artgerecht bewegt werden kann.<\/strong><\/p>\n<p>Die Strecken k\u00f6nnen noch variieren; die Genehmigung der Stra\u00dfenverkehrsbeh\u00f6rde, der Unteren Naturschutzbeh\u00f6rde und des Forstes stehen noch aus.<\/p>\n<table class=\" aligncenter\">\n<tbody>\n<tr>\n<td style=\"text-align: left; vertical-align: middle;\" scope=\"col\"><a href=\"https:\/\/www.rc03-ilbenstadt.de\/wp-content\/uploads\/2015\/03\/scanbike-Logo_rechts-high-95px.jpg\" target=\"_blank\"  rel=\"lightbox[10447] noopener noreferrer\"><img loading=\"lazy\" decoding=\"async\" class=\"aligncenter wp-image-3511 size-thumbnail\" src=\"https:\/\/www.rc03-ilbenstadt.de\/wp-content\/uploads\/2015\/03\/scanbike-Logo_rechts-high-95px.jpg\" alt=\"\" width=\"150\" height=\"150\" \/><\/a><\/td>\n<td style=\"text-align: left; vertical-align: middle;\"><strong><span style=\"color: #ff0000;\">Voranmeldung ab dem 18.03.2022, 18:00 Uhr, geschlossen<\/p>\n<p>Wir wickeln die Veranstaltung \u00fcber scan+bike ab.<\/span> Da der BDR zur Abwicklung von Breitensportveranstaltungen eine App-Entwicklung in Auftrag gegeben hat, wird scan+bike <span style=\"color: #ff0000;\">nach<\/span> dem 30.06.2022 nicht mehr unterst\u00fctzt. Schon jetzt entfallen Onlineanmeldung  und  Rangliste . Bis zu einer verbandsweiten L\u00f6sung nehmen wir formlose Voranmeldungen <a href=\"mailto:rtf@rc03-ilbenstadt.de\">per E-Mail &#8222;rtf@rc03-ilbenstadt.de&#8220;<\/a> an.<\/strong><\/p>\n<p>Kurz zum Procedere:<br \/>\nEinzelmeldungen per E-Mail bitte mit vollst\u00e4ndigen Daten: WK-Nummer, wenn  BDR-Mitglied, Vorname, Name, vollst\u00e4ndige Adresse, Telefonnummer und Notfalltelefonnummer , Sternfahrer ja\/nein.<br \/>\nWir stellen ein Anmeldeformular (= Tabellenblatt LibreOffice Calc\/Microsoft Excel) f\u00fcr Gruppenmeldungen zur Verf\u00fcgung, das selbstverst\u00e4ndlich auch f\u00fcr Einzelmeldungen genutzt werden kann.<br \/>\nDie Startunterlagen werden nach Zahlungseingang erstellt. Sternfahrer bekommen diese auf Wunsch per E-Mail \u00fcbermittelt.<br \/>\nAnmeldeformulare zum Download:<br \/>\n<strong><a href=\"https:\/\/rc03-ilbenstadt.de\/RC03-DOC\/RC03_RTF_CTF_GTF_3_2022_Voranmeldung_3_2022.xls\">MS-Excel-Version<\/a>       <a href=\"https:\/\/rc03-ilbenstadt.de\/RC03-DOC\/RC03_RTF_CTF_GTF_3_2022_Voranmeldung_3_2022.ods\">LibreOffice Calc-Version<\/a><\/p>\n<p>Startgeld: 8 EUR, 5 EUR f\u00fcr BDR-Mitglieder; bei Vormeldung jeweils 1 EUR Nachlass.<br \/>\nDie Einzahlung erbitten wir mit genauer Absenderangabe auf das Konto des &#8222;RC 03 Ilbenstadt&#8220; bei der Sparkasse Oberhessen<br \/>\n<strong>IBAN: DE73 5185 0079 0077 0004 61, BIC: HELADEF1FRI<\/strong><\/p>\n<p><strong>Abbuchungsgenehmigung:<\/strong><br \/>\nErteilst Du eine Abbuchungsgenehmigung, buchen wir zum Veranstaltungstag ab.<br \/>\nWird die Veranstaltung aufgrund der Coronalage abgesagt, unterbleibt die Abbuchung.<\/p>\n<p><strong>Wir freuen uns auf Dich!<\/strong><\/td>\n<\/tr>\n<tr>\n<td>Start:<\/td>\n<td><strong>Sonntag, den 20. M\u00e4rz 2022, 08.00 Uhr \u2013 10:00 Uhr<\/strong><\/td>\n<\/tr>\n<tr>\n<td>Startort:<\/td>\n<td><strong>Turnhalle Ilbenstadt (Sportplatz)<br \/>\nSchulstra\u00dfe 1, 61194 Niddatal-Ilbenstadt<\/strong><\/td>\n<\/tr>\n<tr>\n<td>Sternfahrten (Nur interessant f\u00fcr Wertungskartenfahrer):<\/td>\n<td>Streng genommen kennt die CTF keine Sternfahrten. In freier Auslegung von Ziffer 3. Umweltrichtlinien lassen wir Sternfahrten m\u00f6glichst auf dem Radwegenetz des Wetteraukreises in analoger Anwendung der RTF-Regelung zu. Danach kann vom Wohnort aus gestartet werden oder die Tour an einer Kontrollstelle aufgenommen werden. Dar\u00fcber hinaus kann der Einstieg an jedem beliebigen Punkt der Strecke erfolgen. Wir lassen als Sternfahrt unter CTF-Bedingungen nur eine 2-Punkte-Tour zu; die Mindestdistanz Wohnort &#8211; Startort betr\u00e4gt 20 km. In die Wertung flie\u00dfen zur\u00fcckgelegte Kilometer auf der Originalstrecke mit ein.<\/td>\n<\/tr>\n<tr>\n<td>Strecke:<\/td>\n<td><strong>79 km oder eine der CTF-Strecken von 37, 56 oder 71 Kilometern k\u00f6nnen unter die R\u00e4der genommen werden.<\/strong><\/td>\n<\/tr>\n<tr>\n<td>Wertung und Auszeichnungen:<\/td>\n<td><strong>Die Graveltourenfahrt \u00fcber 79 Kilometer wird als CTF mit 4 Punkten gewertet.<br \/>\nTeilnehmerinnen und Teilnehmer werden in die Wertung der Gravel-CTF einbezogen.<\/strong><\/td>\n<\/tr>\n<tr>\n<td>Unsere Strecken<br \/>\nim Internet<\/td>\n<td>Wir stellen unsere Strecken auf dem freien Onlinetool uMap (https:\/\/www.umap\/openstreetmap\/fr\/de) zur Verf\u00fcgung.<br \/>\nHier geht es zu unserer <a href=\"https:\/\/www.rc03-ilbenstadt.de\/?page_id=10387\" rel=\"noopener noreferrer\"><strong>Karten\u00fcbersicht (RTF, Gravel-CTF, GTF)<\/strong><\/a><\/td>\n<\/tr>\n<tr>\n<td>GPX-Dateien<br \/>\ndirekt zum Download<\/td>\n<td><strong><a href=\"https:\/\/rc03-ilbenstadt.de\/GPX\/GPX-GTF\/RC03-GT_3_2022_79km_SP_Glauberg_220213-v1.gpx\" target=\"_blank\" rel=\"noopener noreferrer\"> 79-Kilometer-Strecke\/627 Hm<\/a><br \/>\nDazu die Touren der Gravel-CTF als Alternative:<br \/>\n<a href=\"https:\/\/rc03-ilbenstadt.de\/GPX\/GPX-CTF\/RC03-Ilbenstadt-CTF_3_2022-71km.gpx\" target=\"_blank\" rel=\"noopener noreferrer\"> 71-Kilometer-Strecke\/627 Hm<\/a><br \/>\n<a href=\"https:\/\/rc03-ilbenstadt.de\/GPX\/GPX-CTF\/RC03-Ilbenstadt-CTF_3_2022-56km.gpx\" target=\"_blank\" rel=\"noopener noreferrer\">56-Kilometer-Strecke\/385 Hm<\/a><br \/>\n<a href=\"https:\/\/rc03-ilbenstadt.de\/GPX\/GPX-CTF\/RC03-Ilbenstadt-CTF_3_2022-37km\" target=\"_blank\" rel=\"noopener noreferrer\">37-Kilometer-Strecke\/242 Hm<\/a><\/strong><\/td>\n<\/tr>\n<tr>\n<td>Teilnahmebedingungen:<\/td>\n<td><a href=\"https:\/\/www.rc03-ilbenstadt.de\/?page_id=10396\" target=\"_blank\" rel=\"noopener noreferrer\"><strong>Bitte hier klicken \u2026<\/strong><\/a><\/td>\n<\/tr>\n<tr>\n<td>Flyer zur Fr\u00fchjahrs-RTF:<\/td>\n<td><strong><a href=\"https:\/\/rc03-ilbenstadt.de\/RC03-DOC\/RC03_RTF_CTF_GTF_3_2022_Flyer_v6col_Bro_opt.pdf\" target=\"_blank\" rel=\"noopener\">Flyer\/Brosch\u00fcre<\/strong><\/a><br \/>\nSeiten f\u00fcr Brosch\u00fcrendruck zusammengestellt:<br \/>Doppelseitiger Druck, an Schmalseite wenden<\/td>\n<\/tr>\n<\/tbody>\n<\/table>\n<p><strong>Tourenkontrollfahrt f\u00fcr das Deutsche Radsportabzeichen!<\/strong><br \/>\nWenn Du das Deutsche Radsportabzeichen (DRA) erwerben m\u00f6chtest und dich am Start meldest, k\u00f6nnen wir Dir die gefahrene Zeit bescheinigen. Du kannst im Laufe des Jahres 2022 f\u00fcr das Radsportabzeichen auch beim RC03-Ilbenstadt trainieren. Unsere Pr\u00fcfer werden Deine Leistung abnehmen.<br \/>\nN\u00e4here Informationen zum DRA bekommst Du beim RC 03 Ilbenstadt oder\/und auf den Seiten des Bundes Deutscher Radfahrer.<\/p>\n","protected":false},"excerpt":{"rendered":"<p>Die moderaten Fr\u00fchjahrstouren in der sanften H\u00fcgellandschaft der Wetterau sind gespickt mit kleinen Fitnesspr\u00fcfungen. Hier sollen nun auch Freundinnen und Freunde des Gravelbikes in die Gemeinschaft des organisierten Breitenradsportes hineinschuppern. Gerne, die Breitradsportszene hat keine Scheuklappen. Unabh\u00e4ngig davon, dass zur &hellip; <a href=\"https:\/\/www.rc03-ilbenstadt.de\/?page_id=10447\">Weiterlesen <span class=\"meta-nav\">&rarr;<\/span><\/a><\/p>\n","protected":false},"author":9,"featured_media":0,"parent":0,"menu_order":0,"comment_status":"closed","ping_status":"closed","template":"","meta":{"_crdt_document":"","footnotes":""},"class_list":["post-10447","page","type-page","status-publish","hentry"],"_links":{"self":[{"href":"https:\/\/www.rc03-ilbenstadt.de\/index.php?rest_route=\/wp\/v2\/pages\/10447","targetHints":{"allow":["GET"]}}],"collection":[{"href":"https:\/\/www.rc03-ilbenstadt.de\/index.php?rest_route=\/wp\/v2\/pages"}],"about":[{"href":"https:\/\/www.rc03-ilbenstadt.de\/index.php?rest_route=\/wp\/v2\/types\/page"}],"author":[{"embeddable":true,"href":"https:\/\/www.rc03-ilbenstadt.de\/index.php?rest_route=\/wp\/v2\/users\/9"}],"replies":[{"embeddable":true,"href":"https:\/\/www.rc03-ilbenstadt.de\/index.php?rest_route=%2Fwp%2Fv2%2Fcomments&post=10447"}],"version-history":[{"count":5,"href":"https:\/\/www.rc03-ilbenstadt.de\/index.php?rest_route=\/wp\/v2\/pages\/10447\/revisions"}],"predecessor-version":[{"id":10507,"href":"https:\/\/www.rc03-ilbenstadt.de\/index.php?rest_route=\/wp\/v2\/pages\/10447\/revisions\/10507"}],"wp:attachment":[{"href":"https:\/\/www.rc03-ilbenstadt.de\/index.php?rest_route=%2Fwp%2Fv2%2Fmedia&parent=10447"}],"curies":[{"name":"wp","href":"https:\/\/api.w.org\/{rel}","templated":true}]}}