{"id":10894,"date":"2022-08-09T13:34:12","date_gmt":"2022-08-09T11:34:12","guid":{"rendered":"https:\/\/www.rc03-ilbenstadt.de\/?page_id=10894"},"modified":"2022-08-25T11:22:50","modified_gmt":"2022-08-25T09:22:50","slug":"2-graveltourenfahrt-gtf-2022-wetterauer-schottertour-ausschreibung","status":"publish","type":"page","link":"https:\/\/www.rc03-ilbenstadt.de\/?page_id=10894","title":{"rendered":"2. Graveltourenfahrt (GTF) 2022 &#8222;Wetterauer Schottertour&#8220; &#8211; Ausschreibung"},"content":{"rendered":"<p>Die Herbstradtouren in der abwechslungsreichen H\u00fcgellandschaft der Wetterau sind gespickt mit kleinen Fitnesspr\u00fcfungen. Hier sollen nun auch Freundinnen und Freunde des Gravelbikes in die Gemeinschaft des organisierten Breitenradsportes hineinschuppern. Gerne, die Breitradsportszene hat keine Scheuklappen. Unabh\u00e4ngig davon, dass zur RTF ein Rennrad geh\u00f6rt, zur CTF ein Mountainbike, haben R\u00e4der fast jeder Couleur die Spartengrenzen \u00fcberschritten, ohne dass daran Ansto\u00df genommen wurde. Eigene Erfahrungen mit einem Querfeldeinrad, auch Cyclocrossbike genannt, sind seit \u00fcber 15 Jahren vorhanden und lassen Grenzen verschwimmen.<br \/>\nAuch wenn das Graveln im BDR und seinen Verb\u00e4nden erst jetzt  entdeckt wird, wird man feststellen, dass es schon l\u00e4ngst da ist &#8230;<\/p>\n<p>Wir bieten eine Graveltour \u00fcber 82 Kilometer im Herzen der Wetterau, gef\u00fchrt auf Wirtschaftswegen mit wechselnden Untergr\u00fcnden. Zwei Servicepunkte auf dem M\u00fcnzenberg und in Staden liegen auf der Tour. 842 H\u00f6henmeter wurden &#8222;versteckt&#8220;. Wer es entspannter haben m\u00f6chte, kann sich auf unseren RTF bis in den Hohen Vogelsberg hinein austoben.<\/p>\n<p>Wir laden herzlich in die tolle Landschaft der Wetterau ein.<\/p>\n<p>Die Strecke (n) k\u00f6nnen aber noch variieren; die Genehmigung der Stra\u00dfenverkehrs- und Naturschutzbeh\u00f6rde und Hessen Forst steht noch aus.<\/p>\n<table class=\" aligncenter\">\n<tbody>\n<tr>\n<td style=\"text-align: left; vertical-align: middle;\" scope=\"col\"><a href=\"https:\/\/www.rc03-ilbenstadt.de\/wp-content\/uploads\/2015\/03\/scanbike-Logo_rechts-high-95px.jpg\" target=\"_blank\"  rel=\"lightbox[10894] noopener noreferrer\"><img loading=\"lazy\" decoding=\"async\" class=\"aligncenter wp-image-3511 size-thumbnail\" src=\"https:\/\/www.rc03-ilbenstadt.de\/wp-content\/uploads\/2015\/03\/scanbike-Logo_rechts-high-95px.jpg\" alt=\"\" width=\"150\" height=\"150\" \/><\/a><\/td>\n<td>Wir wickeln die Veranstaltung  <style=\"text-align: left; vertical-align: middle;\"><strong><span style=\"color: #ff0000;\"> nicht<\/span>  mehr \u00fcber scan+bike ab.  Da der BDR zur Abwicklung von Breitensportveranstaltungen eine App-Entwicklung in Auftrag gegeben hat, wurde scan+bike <span style=\"color: #ff0000;\">nach<\/span> dem 30.06.2022 nicht mehr unterst\u00fctzt. Dies ist Ergebnis einer Fehleinsch\u00e4tzung zur App-Entwicklung und einer ungl\u00fccklichen Personalpolitik des BDR. Bis zu einer verbandsweiten L\u00f6sung nehmen wir formlose Voranmeldungen per E-Mail <a href=\"mailto:rtf@rc03-ilbenstadt.de\">&#8222;rtf@rc03-ilbenstadt.de&#8220;<\/a> an.<\/strong><br \/>\nKurz zum Procedere:<br \/>\nEinzelmeldungen per E-Mail bitte mit vollst\u00e4ndigen Daten: WK-Nummer, wenn  BDR-Mitglied, Vorname, Name, vollst\u00e4ndige Adresse, Telefonnummer und Notfalltelefonnummer , Sternfahrer ja\/nein.<br \/>\nWir stellen ein Anmeldeformular (= Tabellenblatt LibreOffice Calc\/Microsoft Excel) f\u00fcr Gruppenmeldungen ab sofort zur Verf\u00fcgung, das selbstverst\u00e4ndlich auch f\u00fcr Einzelmeldungen genutzt werden kann.<br \/>\nDie Startunterlagen werden nach Zahlungseingang erstellt. Sternfahrer bekommen diese auf Wunsch per E-Mail \u00fcbermittelt.<br \/>\nAnmeldeformulare zum Download:<br \/>\n<strong><a href=\"https:\/\/rc03-ilbenstadt.de\/RC03-VA\/RC03_RTF_GTF_9_2022_Voranmeldung_Vorlage.xls\">MS-Excel-Version<\/a> \/ <a href=\"https:\/\/rc03-ilbenstadt.de\/RC03-VA\/RC03_RTF_GTF_9_2022_Voranmeldung_Vorlage.ods\">LibreOffice Calc-Version<\/a><\/p>\n<p><strong>Startgeld: 8 EUR, 5 EUR f\u00fcr BDR-Mitglieder; bei Vormeldung jeweils 1 EUR Nachlass.<\/strong><\/p>\n<p>Die Einzahlung des Startgeldes erbitten wir mit genauer Absenderangabe auf das Konto des &#8222;RC 03 Ilbenstadt&#8220; bei der Sparkasse Oberhessen<br \/>\n<strong>IBAN: DE73 5185 0079 0077 0004 61, BIC: HELADEF1FRI<\/strong><\/p>\n<p><strong>Wir freuen uns auf Dich!<\/strong><\/td>\n<\/tr>\n<tr>\n<td>Start:<\/td>\n<td><strong>Sonntag, den 11. September 2022, 07.00 Uhr \u2013 10:00 Uhr<\/strong><\/td>\n<\/tr>\n<tr>\n<td>Startort:<\/td>\n<td><strong>Turnhalle Ilbenstadt (Sportplatz)<br \/>\nSchulstra\u00dfe 1, 61194 Niddatal-Ilbenstadt<\/strong><\/td>\n<\/tr>\n<tr>\n<td>Sternfahrten:<\/td>\n<td>Diese sind  bei Graveltouren nicht geregelt. Wir verfahren hier im Angsicht der gestiegenen Anfahrtskosten per Kfz analog nach Ziffer 5.1 a und 5.1b der Generalausschreibung RTF (Start vom Wohnort\/Einstieg bei einer Kontrollstelle\/20 km Mindestdistanz\/maximal 2 Punkte plus Originalstrecke) zugelassen. Dar\u00fcber hinaus akzeptieren wir den Einstieg an jedem beliebigen Punkt der Strecke.<br \/>\nWir gehen davon aus, das gravelaffine Teilnehmerinnen und Teilnehmer grunds\u00e4tzlich \u00fcber geschotterte und Naturnahe Wege sowie Radwege anreisen. <\/td>\n<\/tr>\n<tr>\n<td>Strecken:<\/td>\n<td><strong>82 km GPS-gef\u00fchrt \u00fcber naturnahe Wege,<br \/>\nalternativ eine RTF \u00fcber 32 km, 41 km 77 km, 111 km und 153 km<\/strong><\/td>\n<\/tr>\n<tr>\n<td>Auszeichnungen (Gravelteilnehmer werden im RTF-Rahmen mitgewertet):<\/td>\n<td><strong>Bis 3 Auszeichnungen f\u00fcr die gr\u00f6\u00dften BDR-Mannschaften<br \/>\nBis 3 Auszeichnungen f\u00fcr die gr\u00f6\u00dften Privatmannschaften<\/strong><\/td>\n<\/tr>\n<tr>\n<td>Unsere Strecken im Internet<\/td>\n<td>Wir stellen unsere Strecken auf dem freien Onlinetool uMap (https:\/\/www.umap\/openstreetmap\/fr\/de) zur Verf\u00fcgung.<br \/>\nHier geht es zu unserer <a href=\"http:\/\/umap.openstreetmap.fr\/de\/map\/rc03_ilbenstadt_rtf_9_2022-gesamt_784552#13\/50.3642\/8.8418\" target=\"_blank\" rel=\"noopener\">Gesamt\u00fcbersicht<\/a><br \/>\nund hier zur  <a href=\"https:\/\/www.rc03-ilbenstadt.de\/?page_id=10855\" target=\"_blank\" rel=\"noopener\">Einzeldarstellung aller Strecken<\/a>\n<\/td>\n<\/tr>\n<tr>\n<td>GPX-Dateien direkt zum Download<\/td>\n<td><strong><a href=\"https:\/\/rc03-ilbenstadt.de\/GPX\/GPX-GTF\/RC03_Ilbenstadt_GTF_9_2022_82km_V06.gpx\" target=\"_blank\" rel=\"noopener noreferrer\">82-Kilometer-GTF-Strecke\/842 Hm<br \/>\nund der Vollst\u00e4ndigkeit halber auch die RTF-Strecken:<br \/>\n<a href=\"https:\/\/rc03-ilbenstadt.de\/GPX\/GPX-RTF\/RC03_Ilbenstadt_RTF_9_2022_32km.gpx\" target=\"_blank\" rel=\"noopener noreferrer\"> 32-Kilometer-Strecke\/83 Hm<\/a><br \/>\n<a href=\"https:\/\/rc03-ilbenstadt.de\/GPX\/GPX-RTF\/RC03_Ilbenstadt_RTF_9_2022_41km.gpx\" target=\"_blank\" rel=\"noopener noreferrer\">41-Kilometer-Strecke\/214 Hm<\/a><br \/>\n<a href=\"https:\/\/rc03-ilbenstadt.de\/GPX\/GPX-RTF\/RC03_Ilbenstadt_RTF_9_2022_77km_V02.gpx\" target=\"_blank\" rel=\"noopener noreferrer\">77-Kilometer-Strecke\/469 Hm<\/a><br \/>\n<a href=\"https:\/\/rc03-ilbenstadt.de\/GPX\/GPX-RTF\/RC03_Ilbenstadt_RTF_9_2022_111km_V02.gpx\" target=\"_blank\" rel=\"noopener noreferrer\">111-Kilometer-Strecke\/890 Hm<\/a><br \/>\n<a href=\"https:\/\/rc03-ilbenstadt.de\/GPX\/GPX-RTF\/RC03_Ilbenstadt_RTF_9_2022_153km_V03.gpx\" target=\"_blank\" rel=\"noopener noreferrer\">153-Kilometer-Strecke\/1560 Hm<\/a><\/strong><\/td>\n<\/tr>\n<tr>\n<td>Teilnahmebedingungen:<\/td>\n<td><strong><a href=\"https:\/\/www.rc03-ilbenstadt.de\/?page_id=10396\" target=\"_blank\" rel=\"noopener noreferrer\">Bitte hier klicken \u2026<\/strong><\/a><\/td>\n<\/tr>\n<tr>\n<td>Flyer zu den Herbstradtouren:<\/td>\n<td> <strong><a href=\"https:\/\/rc03-ilbenstadt.de\/RC03-VA\/RC03_RTF_GTF_9_2022_Flyer_v1a.pdf\" target=\"_blank\" rel=\"noopener\"> Flyer in Einzelblattdarstellung f\u00fcr RTF, GTF und Familien-RTF (= 12 Seiten)<\/strong><\/a><br \/>\nWir empfehlen auf einen Ausdruck grunds\u00e4tzlich zu verzichten oder nur die Seiten nach eigener Interessenlage auf DIN A5-Papier auszudrucken.<br \/>\n<strong><a href=\"https:\/\/rc03-ilbenstadt.de\/RC03-VA\/RC03_RTF_GTF_9_2022_Flyer_v1_Bro.pdf\" target=\"_blank\" rel=\"noopener\"> Flyer im Brosch\u00fcrendruck f\u00fcr RTF, GTF und Familien-RTF (= 3 DIN-A4-Seiten)<\/strong><\/a><br \/>\nWir empfehlen auf einen Ausdruck grunds\u00e4tzlich zu verzichten oder die Brosch\u00fcre doppelseitig (auf kurzer Seite wenden) auf DIN A4-Papier auszudrucken. <\/td>\n<\/tr>\n<\/tbody>\n<\/table>\n<p><strong>Tourenkontrollfahrt f\u00fcr das Deutsche Radsportabzeichen!<\/strong><br \/>\nWenn Du das Deutsche Radsportabzeichen (DRA) erwerben m\u00f6chtest und dich am Start meldest, k\u00f6nnen wir Dir die gefahrene Zeit bescheinigen. Du kannst im Laufe des Jahres 2022 f\u00fcr das Radsportabzeichen auch beim RC03-Ilbenstadt trainieren. Unsere Pr\u00fcfer werden Deine Leistung abnehmen.<br \/>\nN\u00e4here Informationen zum DRA bekommst Du beim RC 03 Ilbenstadt oder\/und auf den Seiten des Bundes Deutscher Radfahrer..pdf&#8220; target=&#8220;_blank&#8220; rel=&#8220;noopener&#8220;>Flyer\/Brosch\u00fcre<\/strong><\/a><\/p>\n","protected":false},"excerpt":{"rendered":"<p>Die Herbstradtouren in der abwechslungsreichen H\u00fcgellandschaft der Wetterau sind gespickt mit kleinen Fitnesspr\u00fcfungen. Hier sollen nun auch Freundinnen und Freunde des Gravelbikes in die Gemeinschaft des organisierten Breitenradsportes hineinschuppern. Gerne, die Breitradsportszene hat keine Scheuklappen. Unabh\u00e4ngig davon, dass zur RTF &hellip; <a href=\"https:\/\/www.rc03-ilbenstadt.de\/?page_id=10894\">Weiterlesen <span class=\"meta-nav\">&rarr;<\/span><\/a><\/p>\n","protected":false},"author":9,"featured_media":0,"parent":0,"menu_order":0,"comment_status":"closed","ping_status":"closed","template":"","meta":{"_crdt_document":"","footnotes":""},"class_list":["post-10894","page","type-page","status-publish","hentry"],"_links":{"self":[{"href":"https:\/\/www.rc03-ilbenstadt.de\/index.php?rest_route=\/wp\/v2\/pages\/10894","targetHints":{"allow":["GET"]}}],"collection":[{"href":"https:\/\/www.rc03-ilbenstadt.de\/index.php?rest_route=\/wp\/v2\/pages"}],"about":[{"href":"https:\/\/www.rc03-ilbenstadt.de\/index.php?rest_route=\/wp\/v2\/types\/page"}],"author":[{"embeddable":true,"href":"https:\/\/www.rc03-ilbenstadt.de\/index.php?rest_route=\/wp\/v2\/users\/9"}],"replies":[{"embeddable":true,"href":"https:\/\/www.rc03-ilbenstadt.de\/index.php?rest_route=%2Fwp%2Fv2%2Fcomments&post=10894"}],"version-history":[{"count":5,"href":"https:\/\/www.rc03-ilbenstadt.de\/index.php?rest_route=\/wp\/v2\/pages\/10894\/revisions"}],"predecessor-version":[{"id":10949,"href":"https:\/\/www.rc03-ilbenstadt.de\/index.php?rest_route=\/wp\/v2\/pages\/10894\/revisions\/10949"}],"wp:attachment":[{"href":"https:\/\/www.rc03-ilbenstadt.de\/index.php?rest_route=%2Fwp%2Fv2%2Fmedia&parent=10894"}],"curies":[{"name":"wp","href":"https:\/\/api.w.org\/{rel}","templated":true}]}}