{"id":11235,"date":"2023-01-13T13:11:28","date_gmt":"2023-01-13T12:11:28","guid":{"rendered":"https:\/\/www.rc03-ilbenstadt.de\/?page_id=11235"},"modified":"2023-08-15T12:15:23","modified_gmt":"2023-08-15T10:15:23","slug":"veranstaltungen","status":"publish","type":"page","link":"https:\/\/www.rc03-ilbenstadt.de\/?page_id=11235","title":{"rendered":"Veranstaltungen"},"content":{"rendered":"<p><strong>Veranstaltungen 2023<\/strong><\/p>\n<p>Diese Seite musste eingef\u00fcgt werden, da auf Smartphones f\u00fcr diese Internetseite keine Untermen\u00fcs dargestellt werden.<br \/>\nBekommst Du Untermen\u00fcs angezeigt, so kannst Du schneller \u00fcber diese navigieren.<\/p>\n<ul>\n<li><strong><a href=\"https:\/\/www.rc03-ilbenstadt.de\/?page_id=11614\" target=\"_blank\" rel=\"noopener\">Radtourenfahren in Ilbenstadt im Herbst 2023<\/a> <\/strong><\/li>\n<li><a href=\"https:\/\/www.rc03-ilbenstadt.de\/?page_id=11598\" rel=\"noopener noreferrer\"><strong>Zur Radtourenfahrt (RTF)- und Graveltouren (GTF)-Ausschreibung<\/strong><\/a><\/li>\n<li><a href=\"http:\/\/umap.openstreetmap.fr\/de\/map\/rc03_ilbenstadt_rtf_9_2023-gesamt_947392#12\/50.4046\/9.1169\" target=\"_blank\" rel=\"noopener\"><strong>Zur Gesamtdarstellung aller Strecken<\/strong><\/a><\/li>\n<li><a href=\"https:\/\/www.rc03-ilbenstadt.de\/?page_id=11657\" rel=\"noopener noreferrer\"><strong>Zu den RTF- und GTF (Gravel-)-Strecken<\/strong><\/a><\/td>\n<\/li>\n<li><a href=\"https:\/\/www.rc03-ilbenstadt.de\/?page_id=11649\" rel=\"noopener noreferrer\"><strong>Zu denTeilnahmebedingungen<\/strong><\/a><\/td>\n<\/li>\n<\/ul>\n","protected":false},"excerpt":{"rendered":"<p>Veranstaltungen 2023 Diese Seite musste eingef\u00fcgt werden, da auf Smartphones f\u00fcr diese Internetseite keine Untermen\u00fcs dargestellt werden. Bekommst Du Untermen\u00fcs angezeigt, so kannst Du schneller \u00fcber diese navigieren. Radtourenfahren in Ilbenstadt im Herbst 2023 Zur Radtourenfahrt (RTF)- und Graveltouren (GTF)-Ausschreibung &hellip; <a href=\"https:\/\/www.rc03-ilbenstadt.de\/?page_id=11235\">Weiterlesen <span class=\"meta-nav\">&rarr;<\/span><\/a><\/p>\n","protected":false},"author":9,"featured_media":0,"parent":11204,"menu_order":6,"comment_status":"closed","ping_status":"closed","template":"","meta":{"_crdt_document":"","footnotes":""},"class_list":["post-11235","page","type-page","status-publish","hentry"],"_links":{"self":[{"href":"https:\/\/www.rc03-ilbenstadt.de\/index.php?rest_route=\/wp\/v2\/pages\/11235","targetHints":{"allow":["GET"]}}],"collection":[{"href":"https:\/\/www.rc03-ilbenstadt.de\/index.php?rest_route=\/wp\/v2\/pages"}],"about":[{"href":"https:\/\/www.rc03-ilbenstadt.de\/index.php?rest_route=\/wp\/v2\/types\/page"}],"author":[{"embeddable":true,"href":"https:\/\/www.rc03-ilbenstadt.de\/index.php?rest_route=\/wp\/v2\/users\/9"}],"replies":[{"embeddable":true,"href":"https:\/\/www.rc03-ilbenstadt.de\/index.php?rest_route=%2Fwp%2Fv2%2Fcomments&post=11235"}],"version-history":[{"count":5,"href":"https:\/\/www.rc03-ilbenstadt.de\/index.php?rest_route=\/wp\/v2\/pages\/11235\/revisions"}],"predecessor-version":[{"id":11743,"href":"https:\/\/www.rc03-ilbenstadt.de\/index.php?rest_route=\/wp\/v2\/pages\/11235\/revisions\/11743"}],"up":[{"embeddable":true,"href":"https:\/\/www.rc03-ilbenstadt.de\/index.php?rest_route=\/wp\/v2\/pages\/11204"}],"wp:attachment":[{"href":"https:\/\/www.rc03-ilbenstadt.de\/index.php?rest_route=%2Fwp%2Fv2%2Fmedia&parent=11235"}],"curies":[{"name":"wp","href":"https:\/\/api.w.org\/{rel}","templated":true}]}}