{"id":117,"date":"2010-02-21T10:53:36","date_gmt":"2010-02-21T09:53:36","guid":{"rendered":"http:\/\/dw71.net\/wp03\/?page_id=117"},"modified":"2026-01-14T18:22:51","modified_gmt":"2026-01-14T17:22:51","slug":"impressum","status":"publish","type":"page","link":"https:\/\/www.rc03-ilbenstadt.de\/?page_id=117","title":{"rendered":"Impressum"},"content":{"rendered":"<p> <strong>Radfahrer-Club 1903 Ilbenstadt e.V.<br \/>\n<\/strong>Eingetragen in das Vereinsregister des Amtsgerichtes Friedberg\/Hessen unter der Nummer VR476 am 15. Februar 1978<\/p>\n<p><strong>Vorstand nach \u00a7 26 BGB:<\/strong><\/p>\n<p><strong>Hans Sch\u00f6niger<\/strong><br \/>\n<span style=\"font-size: 10pt;\">Gesch\u00e4ftsf\u00fchrer<\/span><br \/>\n<span style=\"font-size: 10pt;\"> Fachbereichsleiter Finanzen und Mitgliederverwaltung<\/span><\/p>\n<p><span style=\"font-size: 10pt;\"> Steingasse 11<\/span><br \/>\n<span style=\"font-size: 10pt;\"> 63694 Limeshain-Rommelhausen<\/span><br \/>\n<span style=\"font-size: 10pt;\"> Tel.: 0160 97 70 48 82<\/span><br \/>\n<span style=\"font-size: 10pt;\"> <a href=\"mailto:geschaeftsstelle@rc03-ilbenstadt.de\">geschaeftsstelle(at)rc03-ilbenstadt.de<\/a><\/span><\/p>\n<p><strong>Johannes Contag<\/strong><br \/>\n<span style=\"font-size: 10pt;\">Gesch\u00e4ftsf\u00fchrer ab 01.10.2024<\/span><br \/>\n<span style=\"font-size: 10pt;\"> RTF-Fachwart<\/span><\/p>\n<p><span style=\"font-size: 10pt;\"> B\u00fcgelstra\u00dfe 31<\/span><br \/>\n<span style=\"font-size: 10pt;\"> 61169 Friedberg (Hessen)<\/span><br \/>\n<span style=\"font-size: 10pt;\"> Tel.: 0171 99 02 618<\/span><br \/>\n<span style=\"font-size: 10pt;\"> <a href=\"mailto:geschaeftsstelle@rc03-ilbenstadt.de\">geschaeftsstelle(at)rc03-ilbenstadt.de<\/a><\/p>\n<p><strong>Gesch\u00e4ftsstellenleiter:<br \/>\nHans Sch\u00f6niger<\/strong><br \/>\n<span style=\"font-size: 10pt;\"><a href=\"mailto:geschaeftsstelle@rc03-ilbenstadt.de\">geschaeftsstelle(at)rc03-ilbenstadt.de<\/a><\/span><\/p>\n<p><strong>Gesch\u00e4ftsstellenanschrift:<\/strong><br \/>\n<span style=\"font-size: 10pt;\">c\/o Hans Sch\u00f6niger<\/span><br \/>\n<span style=\"font-size: 10pt;\"> Steingasse 11<\/span><br \/>\n<span style=\"font-size: 10pt;\"> 63694 Limeshain-Rommelhausen<\/span><br \/>\n<span style=\"font-size: 10pt;\"> Tel.: 0160 97 70 48 82<\/span><br \/>\n<span style=\"font-size: 10pt;\"> <a href=\"mailto:geschaeftsstelle@rc03-ilbenstadt.de\">geschaeftsstelle(at)rc03-ilbenstadt.de<\/a><\/span><\/p>\n<p><strong>Verantwortlich f\u00fcr den Internetauftritt ab 01.01.2026:<\/strong><\/p>\n<p><strong>Wilhelm Schr\u00f6der<\/strong><br \/>\n<span style=\"font-size: 10pt;\">Wetteraustra\u00dfe 71<\/span><br \/>\n<span style=\"font-size: 10pt;\">61169 Friedberg (Hessen)<\/span><br \/>\n<span style=\"font-size: 10pt;\"> Tel.: 01523 42 10 315<\/span><br \/>\n<span style=\"font-size: 10pt;\"> <a href=\"mailto:webmaster@rc03-ilbenstadt.de\">webmaster(at)rc03-ilbenstadt.de<\/a><\/span><\/p>\n<p><strong>Bildnachweis<\/strong><br \/>\nKopfbild: \u00a9 bugphai &#8211; <a title=\"Fotolia.com\" href=\"http:\/\/de.fotolia.com\/\" target=\"_blank\" rel=\"noopener\">Fotolia.com<\/a><br \/>\nAlle anderen Werke sind in den Beitr\u00e4gen mit einem Urheberrechtshinweis versehen.<br \/>\nWerke ohne Kennzeichnung stammen vom Autor des Artikels\/der Seite.<br \/>\nKartendarstellungen:<br \/>\nGrunds\u00e4tzlich basieren alle Karten auf den Werken von <a href=\"http:\/\/www.openstreetmap.org\" target=\"_blank\" rel=\"noopener\">OpenStreetMap<\/a>, die unter der &#8222;Creative-Commons&#8220;-Lizenz <a href=\"http:\/\/creativecommons.org\/licenses\/by-sa\/2.0\/deed.de\" target=\"_blank\" rel=\"noopener\">&#8222;Namensnennung-Weitergabe unter gleichen Bedingungen&#8220;<\/a> 2.0 (CC BY-SA) verf\u00fcgbar sind. Sie sind mit dem Urheberrechtsvermerk \u201e\u00a9 OpenStreetMap-Mitwirkende\u201c und dem <a href=\"http:\/\/www.openstreetmap.org\/copyright\" target=\"_blank\" rel=\"noopener\">Lizenzvermerk<\/a> versehen.<\/p>\n<h3><span style=\"font-size: 16px;\">Haftung f\u00fcr Inhalte<\/span><\/h3>\n<p>Obwohl wir uns um Aktualit\u00e4t, Vollst\u00e4ndigkeit und Richtigkeit der Inhalte unserer Seiten bem\u00fchen, k\u00f6nnen wir hierf\u00fcr keine Garantie \u00fcbernehmen.<\/p>\n<p>Nach \u00a7 7 Absatz 1 TMG sind wir als Diensteanbieter f\u00fcr eigene Inhalte auf unseren Seiten nach den allgemeinen Gesetzen verantwortlich.<\/p>\n<p>Eine Verpflichtung zur \u00dcberwachung \u00fcbermittelter oder gespeicherter fremder Informationen besteht jedoch nicht (\u00a7\u00a7 8-10 TMG). Sobald uns Rechtsverst\u00f6\u00dfe bekannt werden, werden wir die entsprechenden Inhalte umgehend entfernen. Eine dahingehende Haftung wird jedoch erst ab dem Zeitpunkt der Kenntnis konkreter Rechtsverletzungen \u00fcbernommen.<\/p>\n<h3><span style=\"font-size: 16px;\">Haftung f\u00fcr Links<\/span><\/h3>\n<p>Unsere Seiten enthalten Links auf externe Webseiten Dritter. Auf die Inhalte dieser direkt oder indirekt verlinkten Webseiten haben wir keinen Einfluss. F\u00fcr die Richtigkeit der Inhalte ist immer der jeweilige Anbieter oder Betreiber verantwortlich, weshalb wir diesbez\u00fcglich keinerlei Gew\u00e4hr \u00fcbernehmen.<\/p>\n<p>Die fremden Webseiten haben wir zum Zeitpunkt der Verlinkung auf m\u00f6gliche Rechtsverst\u00f6\u00dfe \u00fcberpr\u00fcft. Zum Zeitpunkt der Verlinkung waren keinerlei Rechtsverletzungen erkennbar. Eine st\u00e4ndige \u00dcberpr\u00fcfung s\u00e4mtlicher Inhalte der von uns verlinkten Seiten ohne tats\u00e4chliche Anhaltspunkte f\u00fcr einen Rechtsversto\u00df k\u00f6nnen wir nicht leisten. Falls uns Rechtsverletzungen bekannt werden, werden wir die entsprechenden Links sofort entfernen.<\/p>\n<h3><span style=\"font-size: 16px;\">Urheberrecht<\/span><\/h3>\n<p>Die durch den Betreiber dieser Seite erstellten Inhalte und Werke auf diesen Webseiten unterliegen dem deutschen Urheberrecht. S\u00e4mtliche Beitr\u00e4ge Dritter sind als solche gekennzeichnet. Die Vervielf\u00e4ltigung, Bearbeitung, Verbreitung und jede Art der Verwertung au\u00dferhalb der Grenzen des Urheberrechts bed\u00fcrfen der schriftlichen Zustimmung des jeweiligen Autors bzw. Erstellers. Kopien von diesen Seiten sind nur f\u00fcr den privaten Bereich gestattet, nicht jedoch f\u00fcr kommerzielle Zwecke.<\/p>\n<h3><span style=\"font-size: 16px;\">Datenschutz<\/span><\/h3>\n<p>Die Regelungen in unserer <a href=\"https:\/\/www.rc03-ilbenstadt.de\/?page_id=6987\" target=\"_blank\" rel=\"noopener\">Datenschutzerkl\u00e4rung<\/a> gehen im Zweifel den nachstehenden Regelungen vor.<br \/>\n<\/span><\/h3>\n<p>F\u00fcr die Sicherheit der Daten\u00fcbertragung im Internet k\u00f6nnen wir keine Gew\u00e4hr \u00fcbernehmen, insbesondere besteht bei der \u00dcbertragung von Daten per E-Mail die Gefahr des Zugriffs durch Dritte.<\/p>\n<p>Im Falle der Erhebung personenbezogener oder gesch\u00e4ftlicher Daten (E-Mail-Adressen, Namen, Anschriften) auf unseren Seiten erfolgt die Preisgabe dieser Daten seitens des Nutzers stets auf freiwilliger Basis. Die Inanspruchnahme und Bezahlung aller angebotenen Dienste ist auch ohne Angabe solcher Daten bzw. unter Angabe anonymisierter Daten oder eines Pseudonyms gestattet, soweit dies technisch m\u00f6glich und zumutbar ist.<\/p>\n<p>Einer Nutzung der im Impressum ver\u00f6ffentlichten Kontaktdaten durch Dritte zu Werbezwecken wird hiermit ausdr\u00fccklich widersprochen. Der Betreiber beh\u00e4lt sich f\u00fcr den Fall unverlangt zugesandter Werbe- oder Informationsmaterialien ausdr\u00fccklich rechtliche Schritte vor.<\/p>\n<h3><span style=\"font-size: 16px;\">Rechtswirksamkeit dieses Haftungsausschlusses<\/span><\/h3>\n<p>Vorstehender Haftungsausschluss ist Teil des Internetangebots, von dem aus auf diese Seite verwiesen wurde. Sollten einzelne Regelungen oder Formulierungen dieses Haftungsausschlusses unwirksam sein oder werden, bleiben die \u00fcbrigen Regelungen in ihrem Inhalt und ihrer G\u00fcltigkeit hiervon unber\u00fchrt.<\/p>\n<p>Quelle: <a href=\"http:\/\/www.anwalt-seiten.de\">In Anlehung an www.anwalt-seiten.de<\/a><\/p>\n","protected":false},"excerpt":{"rendered":"<p>Radfahrer-Club 1903 Ilbenstadt e.V. Eingetragen in das Vereinsregister des Amtsgerichtes Friedberg\/Hessen unter der Nummer VR476 am 15. Februar 1978 Vorstand nach \u00a7 26 BGB: Hans Sch\u00f6niger Gesch\u00e4ftsf\u00fchrer Fachbereichsleiter Finanzen und Mitgliederverwaltung Steingasse 11 63694 Limeshain-Rommelhausen Tel.: 0160 97 70 48 &hellip; <a href=\"https:\/\/www.rc03-ilbenstadt.de\/?page_id=117\">Weiterlesen <span class=\"meta-nav\">&rarr;<\/span><\/a><\/p>\n","protected":false},"author":9,"featured_media":0,"parent":0,"menu_order":11,"comment_status":"open","ping_status":"closed","template":"","meta":{"_crdt_document":"","footnotes":""},"class_list":["post-117","page","type-page","status-publish","hentry"],"_links":{"self":[{"href":"https:\/\/www.rc03-ilbenstadt.de\/index.php?rest_route=\/wp\/v2\/pages\/117","targetHints":{"allow":["GET"]}}],"collection":[{"href":"https:\/\/www.rc03-ilbenstadt.de\/index.php?rest_route=\/wp\/v2\/pages"}],"about":[{"href":"https:\/\/www.rc03-ilbenstadt.de\/index.php?rest_route=\/wp\/v2\/types\/page"}],"author":[{"embeddable":true,"href":"https:\/\/www.rc03-ilbenstadt.de\/index.php?rest_route=\/wp\/v2\/users\/9"}],"replies":[{"embeddable":true,"href":"https:\/\/www.rc03-ilbenstadt.de\/index.php?rest_route=%2Fwp%2Fv2%2Fcomments&post=117"}],"version-history":[{"count":6,"href":"https:\/\/www.rc03-ilbenstadt.de\/index.php?rest_route=\/wp\/v2\/pages\/117\/revisions"}],"predecessor-version":[{"id":3903,"href":"https:\/\/www.rc03-ilbenstadt.de\/index.php?rest_route=\/wp\/v2\/pages\/117\/revisions\/3903"}],"wp:attachment":[{"href":"https:\/\/www.rc03-ilbenstadt.de\/index.php?rest_route=%2Fwp%2Fv2%2Fmedia&parent=117"}],"curies":[{"name":"wp","href":"https:\/\/api.w.org\/{rel}","templated":true}]}}