{"id":12012,"date":"2024-01-30T09:54:10","date_gmt":"2024-01-30T08:54:10","guid":{"rendered":"https:\/\/www.rc03-ilbenstadt.de\/?page_id=12012"},"modified":"2024-03-16T21:27:36","modified_gmt":"2024-03-16T20:27:36","slug":"test","status":"publish","type":"page","link":"https:\/\/www.rc03-ilbenstadt.de\/?page_id=12012","title":{"rendered":"Fr\u00fchjahrsradtouren 2024 &#8211; Ausschreibung RTF"},"content":{"rendered":"<p>Die moderaten Fr\u00fchjahrstouren in der sanften H\u00fcgellandschaft der Wetterau sind gespickt mit kleinen Fitnesspr\u00fcfungen. So muss zum Beispiel der Besuch beim Keltenf\u00fcrsten auf dem Glauberg &#8222;erarbeitet&#8220; werden.<br \/>\nWir laden herzlich dazu ein.<\/p>\n<p><strong>Gegen\u00fcber den Vorjahren haben wir die Streckenf\u00fchrung weiter optimiert.<\/strong><\/p>\n<p>Die Strecken k\u00f6nnen noch variieren; die Genehmigung der Stra\u00dfenverkehrsbeh\u00f6rde steht noch aus.<\/p>\n<table class=\" aligncenter\">\n<tbody>\n<tr>\n<td style=\"text-align: left; vertical-align: middle;\" scope=\"col\"><span style=\"color: #ff0000;\"><strong>NEU<br \/>App &#8222;BDR Touren&#8220;<br \/><\/strong><\/span><br \/>\n<a href=\"https:\/\/www.rc03-ilbenstadt.de\/wp-content\/uploads\/2024\/01\/BDR_Touren_App_Symbol.jpg\" target=\"_blank\"  rel=\"lightbox[12012] noopener noreferrer\"><img loading=\"lazy\" decoding=\"async\" class=\"aligncenter wp-image-12008 size-thumbnail\" src=\"https:\/\/www.rc03-ilbenstadt.de\/wp-content\/uploads\/2024\/01\/BDR_Touren_App_Symbol.jpg\" alt=\"\" width=\"150\" height=\"150\" \/><\/a><\/td>\n<td style=\"text-align: left; vertical-align: middle;\"><strong>Wir setzen zur Abwicklung unserer Veranstaltung die neue App &#8222;BDR Touren&#8220;<\/strong><br \/>\nNat\u00fcrlich k\u00f6nnen wir nach wie vor bew\u00e4hrte, aber mit einem langsameren Procedere verbundene Zettelwirtschaft f\u00fcr Deine Registrierung, Deine Startunterlagen und letztlich f\u00fcr die Auswertung einsetzen. Wir bevorzugen jedoch ein schnelles, ein digitales Verfahren \u00fcber die neue App &#8222;BDR Touren&#8220;. Neben Deiner umfassenden Information rund um den Breitenradsport erfolgt die Registrierung zur RTF inklusive der Auswertung \u00fcber das Ein- und Auschecken mittels Deines QR-Codes, der von der App auf Deinem Smartphon generiert wird und der Dich durch die gesamte Radsportsaison begleitet. Lass Dich \u00fcberzeugen.<br \/>\nLade die App aus dem Google Play Store oder aus dem Appel App Store und auf geht es. Schon der Basisaccount \u00f6ffnet Dir den schnellen Zugang zu RTF, CTF oder dem Gravelride. Als Mitglied eines BDR-Vereines erweitert sich die Funktionalit\u00e4t der App, bietet Dir zum Beispiel umfangreiche Auswertem\u00f6glichkeiten und sichert Dir einen Startgeldvorteil. Mehr Informationen findest Du im <a href=\"https:\/\/www.rc03-ilbenstadt.de\/RC03_BDR_App\/BDR_Touren_App_Flyer_opt.pdf\" rel=\"noopener noreferrer\"><strong>Flyer zur &#8222;BDR Touren&#8220;-App<\/strong><\/a>.<\/p>\n<p>Erg\u00e4nzend zur digitalen Registrierung erh\u00e4ltst Du von uns eine Startkarte mit detailliertem Streckenverlauf &#8211; das Technikversagen verliert seinen Schrecken! &#8211; und eine verpflichtend zu tragende R\u00fcckennummer (Unser Wunsch und Auflage der Genehmigungsbeh\u00f6rde). Zur Befestigung der R\u00fcckennummer halten wir Sicherheitsnadeln vor, besser geht es jedoch mit Hosentr\u00e4gerklammern oder einem Startband.<\/p>\n<p><strong>Wir freuen uns auf Dich!<\/strong><\/td>\n<\/tr>\n<tr>\n<td>Start:<\/td>\n<td><strong>Sonntag, den 17. M\u00e4rz 2024<br \/>\n08.00 Uhr \u2013 10:00 Uhr &#8211; Tour 3 (115 km)<br \/>\n08:00 Uhr &#8211; 11:00 Uhr &#8211; Touren 1 (42 km) und 2 (72 km)<\/strong><\/td>\n<\/tr>\n<tr>\n<td>Startort:<\/td>\n<td><strong>Turnhalle Ilbenstadt (Sportplatz)<br \/>\nSchulstra\u00dfe 1, 61194 Niddatal-Ilbenstadt<\/strong><\/td>\n<\/tr>\n<tr>\n<td>Sternfahrten:<\/td>\n<td>Wir lassen Sternfahrten zu. Diese k\u00f6nnen beliebig von und zum Wohnort gestaltet werden. Auch ist der Einstieg an einem Servicepunkt oder sonst auf der Strecke zugelassen. Es muss dabei mindestens eine komplette Strecke (42 oder 72 km) absolviert worden sein.<\/td>\n<\/tr>\n<tr>\n<td>Strecken:<\/td>\n<td><strong>42 km, 72 km und 115 km k\u00f6nnen bew\u00e4ltigt werden<\/strong><\/td>\n<\/tr>\n<tr>\n<td>Auszeichnungen:<\/td>\n<td><strong>Bis 3 Auszeichnungen f\u00fcr die gr\u00f6\u00dften BDR-Mannschaften<br \/>\nBis 3 Auszeichnungen f\u00fcr die gr\u00f6\u00dften Privatmannschaften<\/strong><\/td>\n<\/tr>\n<tr>\n<td>Unsere Strecken<br \/>\nim Internet<\/td>\n<td>Wir stellen unsere Strecken auf dem freien Onlinetool uMap (https:\/\/www.umap\/openstreetmap\/fr\/de) &#8211; unser Planungs- und Arbeitstool sowie Komoot zur Verf\u00fcgung.<br \/>\nHier geht es zu unserern Karten\u00fcbersichten RTF, CTF und Gravelride:<br \/>\n<a href=\"https:\/\/www.rc03-ilbenstadt.de\/?page_id=12038\" rel=\"noopener noreferrer\"><strong>Karten\u00fcbersichten in uMap<\/strong><\/a><br \/>\n<a href=\"https:\/\/www.komoot.com\/de-de\/collection\/2613234\/-fruehjahrsradtouren-2024-rtf-ctf-und-gravelride-bisher-gtf-strecken\" rel=\"noopener noreferrer\"><strong>Karten\u00fcbersichten in Komoot<\/strong><\/a><\/td>\n<\/tr>\n<tr>\n<td>GPX-Dateien<br \/>\ndirekt zum Download<\/td>\n<td><strong><a href=\"https:\/\/rc03-ilbenstadt.de\/GPX\/GPX-RTF\/RC03_Ilbenstadt_RTF_3_2024_42km.gpx\" target=\"_blank\" rel=\"noopener noreferrer\"> 42-Kilometer-Strecke\/277 Hm<\/a><br \/>\n<a href=\"https:\/\/rc03-ilbenstadt.de\/GPX\/GPX-RTF\/RC03_Ilbenstadt_RTF_3_2024_72km.gpx\" target=\"_blank\" rel=\"noopener noreferrer\">72-Kilometer-Strecke\/610 Hm<\/a><br \/>\n<a href=\"https:\/\/rc03-ilbenstadt.de\/GPX\/GPX-RTF\/RC03_Ilbenstadt_RTF_3_2024_115km.gpx\" target=\"_blank\" rel=\"noopener noreferrer\">115-Kilometer-Strecke\/918 Hm<\/a><\/strong><\/td>\n<\/tr>\n<tr>\n<td>Komoot Links<\/td>\n<td><strong><a href=\"https:\/\/www.komoot.com\/de-de\/tour\/1472277263?ref=wtd&#038;share_token=azKwWTFlLfQkNc6KrjqPlfFsl8ksdLwoRYZrooQGKKNBND66k8\" target=\"_blank\" rel=\"noopener noreferrer\"> 42-Kilometer-Strecke\/277 Hm<\/a><br \/>\n<a href=\"https:\/\/www.komoot.com\/de-de\/tour\/1472277995?ref=wtd&#038;share_token=aRXuZBich3JSv45qG1eeui91FaAd5QEaO3kfed5q96tlHJcr7c\" target=\"_blank\" rel=\"noopener noreferrer\">72-Kilometer-Strecke\/610 Hm<\/a><br \/>\n<a href=\"https:\/\/www.komoot.com\/de-de\/tour\/1472278954?ref=wtd&#038;share_token=abHZ3FMgYtU8m9SIMLKVC7oSd5N2TjY5pDX8Wo4TSqNVx8qq9f\" target=\"_blank\" rel=\"noopener noreferrer\">115-Kilometer-Strecke\/918 Hm<\/a><\/strong><\/td>\n<\/tr>\n<tr>\n<td>Teilnahmebedingungen:<\/td>\n<td><strong><a href=\"https:\/\/www.rc03-ilbenstadt.de\/?page_id=11242\" target=\"_blank\" rel=\"noopener noreferrer\">Bitte hier klicken \u2026<\/strong><\/a><\/td>\n<\/tr>\n<tr>\n<td>Flyer zu den Fr\u00fchjahrsradtouren (Gesamtdarstellung):<\/td>\n<td> <strong><a href=\"https:\/\/rc03-ilbenstadt.de\/RC03-Flyer\/RC03_RTF_CTF_GTF_3_2024_Flyer_v1_FINAL_opt.pdf\" target=\"_blank\" rel=\"noopener\"> Flyer in Einzelblattdarstellung f\u00fcr RTF, CTF und GR (= 12 Seiten)<\/strong><\/a><br \/>\nWir empfehlen auf einen Ausdruck grunds\u00e4tzlich zu verzichten oder nur einen Teilausdruck vorzunehmen.<br \/>\n<strong><a href=\"https:\/\/rc03-ilbenstadt.de\/RC03-Flyer\/RC03_RTF_CTF_GTF_3_2024_Flyer_v1_Bro_FINAL_opt.pdf\" target=\"_blank\" rel=\"noopener\"> Flyer im Brosch\u00fcrendruck f\u00fcr RTF, CTF und GR (= 3 DIN-A4-Seiten)<\/strong><\/a><br \/>\nWir empfehlen auf einen Ausdruck grunds\u00e4tzlich zu verzichten oder die Brosch\u00fcre doppelseitig (auf kurzer Seite wenden) auf DIN A4-Papier auszudrucken. <\/td>\n<\/tr>\n<\/tbody>\n<\/table>\n<p><strong>Tourenkontrollfahrt f\u00fcr das Deutsche Radsportabzeichen!<\/strong><br \/>\nWenn Du das Deutsche Radsportabzeichen (DRA) erwerben m\u00f6chtest und dich am Start meldest, k\u00f6nnen wir Dir die gefahrene Zeit bescheinigen. Du kannst im Laufe des Jahres 2023 f\u00fcr das Radsportabzeichen auch beim RC03-Ilbenstadt trainieren. Unsere Pr\u00fcfer werden Deine Leistung abnehmen.<br \/>\nN\u00e4here Informationen zum DRA bekommst Du beim RC 03 Ilbenstadt oder\/und auf den Seiten des  <a href=\"https:\/\/www.rad-net.de\/radsportabzeichen.htm\" target=\"_blank\" rel=\"noopener\">Bundes Deutscher Radfahrer<\/a>.<\/p>\n","protected":false},"excerpt":{"rendered":"<p>Die moderaten Fr\u00fchjahrstouren in der sanften H\u00fcgellandschaft der Wetterau sind gespickt mit kleinen Fitnesspr\u00fcfungen. So muss zum Beispiel der Besuch beim Keltenf\u00fcrsten auf dem Glauberg &#8222;erarbeitet&#8220; werden. Wir laden herzlich dazu ein. Gegen\u00fcber den Vorjahren haben wir die Streckenf\u00fchrung weiter &hellip; <a href=\"https:\/\/www.rc03-ilbenstadt.de\/?page_id=12012\">Weiterlesen <span class=\"meta-nav\">&rarr;<\/span><\/a><\/p>\n","protected":false},"author":9,"featured_media":0,"parent":12053,"menu_order":2,"comment_status":"closed","ping_status":"closed","template":"","meta":{"_crdt_document":"","footnotes":""},"class_list":["post-12012","page","type-page","status-publish","hentry"],"_links":{"self":[{"href":"https:\/\/www.rc03-ilbenstadt.de\/index.php?rest_route=\/wp\/v2\/pages\/12012","targetHints":{"allow":["GET"]}}],"collection":[{"href":"https:\/\/www.rc03-ilbenstadt.de\/index.php?rest_route=\/wp\/v2\/pages"}],"about":[{"href":"https:\/\/www.rc03-ilbenstadt.de\/index.php?rest_route=\/wp\/v2\/types\/page"}],"author":[{"embeddable":true,"href":"https:\/\/www.rc03-ilbenstadt.de\/index.php?rest_route=\/wp\/v2\/users\/9"}],"replies":[{"embeddable":true,"href":"https:\/\/www.rc03-ilbenstadt.de\/index.php?rest_route=%2Fwp%2Fv2%2Fcomments&post=12012"}],"version-history":[{"count":5,"href":"https:\/\/www.rc03-ilbenstadt.de\/index.php?rest_route=\/wp\/v2\/pages\/12012\/revisions"}],"predecessor-version":[{"id":12186,"href":"https:\/\/www.rc03-ilbenstadt.de\/index.php?rest_route=\/wp\/v2\/pages\/12012\/revisions\/12186"}],"up":[{"embeddable":true,"href":"https:\/\/www.rc03-ilbenstadt.de\/index.php?rest_route=\/wp\/v2\/pages\/12053"}],"wp:attachment":[{"href":"https:\/\/www.rc03-ilbenstadt.de\/index.php?rest_route=%2Fwp%2Fv2%2Fmedia&parent=12012"}],"curies":[{"name":"wp","href":"https:\/\/api.w.org\/{rel}","templated":true}]}}