{"id":12492,"date":"2024-08-04T20:51:20","date_gmt":"2024-08-04T18:51:20","guid":{"rendered":"https:\/\/www.rc03-ilbenstadt.de\/?p=12492"},"modified":"2024-12-11T12:27:54","modified_gmt":"2024-12-11T11:27:54","slug":"herbst-radtouren-2024-rtf-und-gtf-gravelride-strecken","status":"publish","type":"page","link":"https:\/\/www.rc03-ilbenstadt.de\/?page_id=12492","title":{"rendered":"Herbst-Radtouren 2024 &#8211; RTF und GTF (=Gravelride) &#8211; Strecken"},"content":{"rendered":"<p>Eine Landschaft im best\u00e4ndigen Wandel. Die Wetterau und der Vogelsberg bewegen sich im Wechsel der Jahreszeiten und des Klimawandels. Sie zeigt uns, was die Stunde geschlagen hat. Nach einem von Trockenheit gezeichnetem Landschaftsbild der beiden Vorjahre, bewegen wir uns in diesem Jahr im gewohnten herbstlichen Rahmen mit abgeernteten Feldern, dem satten Gr\u00fcn von Mais, Zuckerr\u00fcben und sonstigen Feldfr\u00fcchten mit sp\u00e4terem Ernteterminen sowie dem Beginn des tollen Farbenspiels unserer Laubbaumbest\u00e4nde, ohne dass Trockenheit hier schon zu einem vorzeitigen Laubverlust, ja einem &#8222;Vorherbst&#8220;, gef\u00fchrt h\u00e4tte. Alles in allem erwartet Euch hier ein Highlight, neben dem  nur noch die typische Mittelgebirgslandschaft des Hohen Vogelsberges mithalten kann.<br \/>\nFahren wir mit wachen Verstand und offenen Augen durch Wetterau und Vogelsberg. Das spektakul\u00e4re Herbstszenario zu verpassen w\u00e4re str\u00e4flich. Bestes Radfahrwetter haben wir f\u00fcr Euch schon geordert.<\/p>\n<details>\n<summary><span style=\"color: #3366ff;\">Allgemeine Informationen zu den Strecken<\/span><\/summary>\n<ul>\n<li>RTF-Strecken<br \/>\n\tDie Strecken haben wir in die sanften H\u00fcgellandschaft der Wetterau eingebettet, ohne den Blick f\u00fcr die ein oder andere moderate sportliche Herausforderung zu verlieren. Kleine Fitnesspr\u00fcfungen sind das Salz in der Suppe &#8230;<br \/>\n    W\u00e4hrend die 33-Kilometer-Familientour und die 45-Kilometertour sich weitgehend flach an Einsteiger wenden, weist die 82-Kilometertour schon mal die ein oder andere moderate Steigung auf. Wir steigern uns jetzt langsam. Die 114-Kilometertour hat schon moderate H\u00fcgel im Streckenverlauf, gut trainierte Pedaleure werten diese als \u201eBodenwellen\u201c. Auf der 156-Kilometerrunde im Hohen Vogelsberg geht es dann schon kr\u00e4ftig zur Sache; \u00fcber 1.577 H\u00f6hemneter sind auf dieser wundersch\u00f6nen Strecke schon eine Hausnummer, die nur ge\u00fcbten Radlerinnen und Radlern empfohlen werden kann.<br \/>\n    Wir w\u00fcnschen unseren Teilnehmern auf den Strecken in der Wetterau und im Vogelsberg unvergessliche Eindr\u00fccke und eine unfallfreie Fahrt.\n<\/li>\n<li>GTF (=Graveltourenfahrt)-Strecken<br \/>\n\tGraveltouren oder besser Gravelrides (GR) sind 2024 erstmals mit eigener Veranstaltungsnummer unter dem Dach des BDR im Programm. Sie tauchen in der App &#8222;BDR-Touren&#8220; (Nur f\u00fcr Inhaber eines Basis-Accounts oder einer BDR-Breitensportlizenz sichtbar) auf und die Kilometer werden Euch zur Wertung eingetragen.<br \/>\n    Die Anteile der Wegstrecken mit wassergebundener Decke sowie Erde- und Graswege sind gegen\u00fcber den Fr\u00fchjahrsstrecken erh\u00f6ht. Ansonsten ist Schotter immer im Spiel, wenn auch oft versteckt unter Asphalt- und Betondecken im Unterbau der Wege. Dieses Ph\u00e4nomen tritt selbst im Wald bei wassergebunden Decken auf, deren feine Oberschicht mit einem Geovlies vom Schotter getrennt wird.<br \/>\n    Wir freuen uns, mit diesen naturnahen Strecken ein attraktives Angebot an die Gravelszene im Programm zu haben.<br \/>\n    Die Strecke selbst lehnt sich an die 82-Kilometer-RTF-Tour an; Servicepunkte in M\u00fcnzenberg und Staden werden gemeinsam von RTF-Fahrerinnen und Fahrern sowie von Gravelj\u00fcngerinnen und -j\u00fcngern genutzt. Wird die 82-Kilometerstrecke hinter Blofeld in Richtung Bingenheim verlassen, offenbarte sich nicht nur am Basaltwerk Bingenheim ein &#8222;\u00fcberw\u00e4ltigender&#8220; Ausblick auf einen der gr\u00f6\u00dften Schotterproduzenten im weiten Rund, das Ziel ist dann schon nach 53 Kilometern Naturerleben erreicht.<br \/>\n    Mit flachem Terrain, Bodenwellen, einschlie\u00dflich gelegentlicher Fitnesspr\u00fcfungen, ist auch das Gel\u00e4uf f\u00fcr unsere Graveltouren gut beschrieben.<br \/>\n    Wir w\u00fcnschen viel Freude und eine unfallfreie Fahrt.\n<\/li>\n<\/ul>\n<\/details>\n<details>\n<summary><span style=\"color: #3366ff;\">Allgemeine Informationen zur Nutzung der Portale Komoot und uMap<\/span><\/summary>\n<ul>\n<li>Warum nutzen wir uMap und Komoot parallel?<br \/>\n\tDies sind schlicht individuelle Vorlieben des Autors.<br \/>\n\tDie Streckenplanung wird in www.bikerouter.de vorgenommen, die Pr\u00e4sentation der Strecken auf dem Openstreetmap-Portal &#8222;uMap&#8220;.<br \/>\n\tHier lassen sich die Strecken, sowohl gemeinsam, als auch in der Einzeldarstellung, optimal darstellen und individuell kennzeichnen.<br \/>\n\tNat\u00fcrlich k\u00f6nnen hier auch GPX-Dateien heruntergeladen werden. Dazu muss die gew\u00fcnschte Strecke freigestellt werden, da sonst alle sichtbaren Strecken nebst Beschriftungen in die GPX-Datei gepackt werden.<br \/>\n\tAus diesem Grunde bieten wir die GPX-Dateien barrierefrei als gesonderten Download an.\n\t<\/li>\n<li>Freistellung der Strecken auf uMap<br \/>\n\tDie gew\u00fcnschte Tour wird frei gestellt indem die anderen ausgeblendet werden. Versucht das mal am linken Kartenrand, dr\u00fcckt im Men\u00fc  unterhal des Teilenbuttons auf den &#8222;Kartenstapel&#8220; und blendet die Strecken mit dem Augensymbol ein oder aus. Die Zentrierung der Strecken kann \u00fcber die Wahl einer h\u00f6heren Zoomstufe (Mouserad!) tempor\u00e4r aufgehoben werden.<br \/>\n\tEinfacher und schneller geht es, wenn Ihr unser Downloadangebot nutzt.<\/li>\n<\/ul>\n<\/details>\n<details>\n<summary><span style=\"color: #3366ff;\">Zu den Strecken (Kartendarstellungen und GPX-Dateien):<\/span><\/summary>\n<ul>\n<li><strong><a href=\"https:\/\/www.komoot.com\/de-de\/collection\/2967218\/-herbst-radtourenfahrten-rtf-2024-48-wetterau-vogelsberg-rundfahrt-mit-gravelrides-gr-graveltourenfahrt-gtf-2024-6-wetterauer-schottertour\" target=\"_blank\" rel=\"noopener\">Die Komoot Collection f\u00fcr alle RTF und GTF-Strecken<\/a><\/strong><\/a><\/li>\n<li><strong><a href=\"https:\/\/umap.openstreetmap.fr\/de\/map\/rc03_ilbenstadt_rtf_gtf_9_2024-gesamt_1096317#12\/50.3917\/9.0309\" target=\"_blank\" rel=\"noopener\">uMap &#8211; Gesamtdarstellung aller Strecken<\/strong><\/a><\/a><\/li>\n<li><strong><a href=\"https:\/\/umap.openstreetmap.fr\/de\/map\/rc03_ilbenstadt_rtf_gtf_9_2024-rtf_strecken_gesamt_1096338\" target=\"_blank\" rel=\"noopener\">uMap &#8211; Gesamtdarstellung aller RTF-Strecken<\/strong><\/a> <\/li>\n<li><strong><a href=\"https:\/\/umap.openstreetmap.fr\/de\/map\/rc03_ilbenstadt_rtf_gtf_9_2024_rtf_156km_strecke_1096374#12\/50.3917\/9.0307\" target=\"_blank\" rel=\"noopener\">uMap &#8211; Die 156 &#8211; Kilometer-RTF-Strecke<\/strong><\/a><br \/>\n\t\t\t<strong><a href=\"https:\/\/rc03-ilbenstadt.de\/GPX\/GPX-RTF\/RC03_Ilbenstadt_RTF_9_2024_156km_V05.gpx\" target=\"_blank\" rel=\"noopener noreferrer\">Download f\u00fcr das Navigationsger\u00e4t: Tour 5 &#8211; 156-Kilometer-Strecke\/1.577 Hm, <\/a><\/strong><br \/>\n\t\t<\/a><\/li>\n<li><strong><a href=\"https:\/\/umap.openstreetmap.fr\/de\/map\/rc03_ilbenstadt_rtf_gtf_9_2024-rtf_114km-strecke_1096377#12\/50.3920\/9.0307\" target=\"_blank\" rel=\"noopener\">uMap &#8211; Die 114 &#8211; Kilometer-RTF-Strecke<\/strong><\/a><br \/>\n\t\t<strong><a href=\"https:\/\/rc03-ilbenstadt.de\/GPX\/GPX-RTF\/RC03_Ilbenstadt_RTF_9_2024_114km_V05.gpx\" target=\"_blank\" rel=\"noopener noreferrer\">Download f\u00fcr das Navigationsger\u00e4t: Tour 4 &#8211; 114 Kilometer-Strecke\/939 Hm, <\/a><\/strong><br \/>\n\t\t<\/a><\/li>\n<li><strong><a href=\"https:\/\/umap.openstreetmap.fr\/de\/map\/rc03_ilbenstadt_rtf_gtf_9_2024-rtf_82km_strecke_1086276#12\/50.3920\/9.0307\" target=\"_blank\" rel=\"noopener\">uMap &#8211; Die 82 &#8211; Kilometer-RTF-Strecke<\/strong><\/a><br \/>\n\t\t<strong><a href=\"https:\/\/rc03-ilbenstadt.de\/GPX\/GPX-RTF\/RC03_Ilbenstadt_RTF_9_2024_82km_V05.gpx\" target=\"_blank\" rel=\"noopener noreferrer\">Download f\u00fcr das Navigationsger\u00e4t: Tour 3 &#8211; 82 Kilometer-Strecke\/534 Hm, <\/a><\/strong><br \/>\n\t\t<\/a><\/li>\n<li><strong><a href=\"https:\/\/umap.openstreetmap.fr\/de\/map\/rc03_ilbenstadt_rtf_gtf_9_2024_rtf_45km-strecke_1096379#12\/50.3173\/8.8220\" target=\"_blank\" rel=\"noopener\">uMap &#8211; Die 45-Kilometer-RTF-Strecke<\/strong><\/a><br \/>\n\t\t<strong><a href=\"https:\/\/rc03-ilbenstadt.de\/GPX\/GPX-RTF\/RC03_Ilbenstadt_RTF_9_2024_45km_V05.gpx\" target=\"_blank\" rel=\"noopener noreferrer\">Download f\u00fcr das Navigationsger\u00e4t: Tour 2 &#8211; 45-Kilometer-Strecke\/250 Hm, <\/a><\/strong><br \/>\n\t\t<\/a><\/li>\n<li><strong><a href=\"https:\/\/umap.openstreetmap.fr\/de\/map\/rc03_ilbenstadt_rtf_gtf_9_2024-rtf_33km_strecke_1096381#12\/50.3034\/8.8445\" target=\"_blank\" rel=\"noopener\">uMap &#8211; Die 33-Kilometer-RTF-Strecke<\/strong><\/a><br \/>\n\t\t<strong><a href=\"https:\/\/rc03-ilbenstadt.de\/GPX\/GPX-RTF\/RC03_Ilbenstadt_RTF_9_2024_33km_V02.gpx\" target=\"_blank\" rel=\"noopener noreferrer\">Download f\u00fcr das Navigationsger\u00e4t: Tour 1 &#8211; 33-Kilometer-Strecke\/60 Hm, <\/a><\/strong><br \/>\n\t\t<\/a><\/li>\n<li><strong><a href=\"https:\/\/umap.openstreetmap.fr\/de\/map\/rc03_ilbenstadt_rtf_gtf_9_2024-gtf_strecken_gesamt_1096341#12\/50.3731\/8.8484\" target=\"_blank\" rel=\"noopener\">uMap &#8211; Gesamtdarstellung aller GTF-Strecken (Gravelrides)<\/strong>\n<p>\t\t<strong><a href=\"https:\/\/rc03-ilbenstadt.de\/GPX\/GPX-GTF\/ RC03_Ilbenstadt_GTF_9_2024_82km_V05.gpx\" target=\"_blank\" rel=\"noopener noreferrer\"> Download f\u00fcr das Navigationsger\u00e4t: Graveltour (GTF) 82 Kilometer\/863 Hm<\/a><\/strong><br \/>\n    \t<strong><a href=\"https:\/\/rc03-ilbenstadt.de\/GPX\/GPX-GTF\/RC03_Ilbenstadt_GTF_9_2024_53km_V05.gpx\" target=\"_blank\" rel=\"noopener noreferrer\"> Download f\u00fcr das Navigationsger\u00e4t: Graveltour (GTF) 53 Kilometer\/525 Hm<\/a><\/strong><br \/>\n\t   <\/a><\/li>\n<\/ul>\n<\/details>\n<p>\n\tHinweis:<br \/>\n\tAuf die bisher ausf\u00fchrliche Darstellung der Strecken, unterst\u00fctzt mit Vorschauen, wurde verzichtet. Der Trend geht zur Internetnutzung \u00fcber Smartphones. Aus diesem Nutzerkreis h\u00e4uften sich die Beschwerden, dass die bisherige Darstellungen un\u00fcbersichtlich seien. An weiterer Informationsverdichtung arbeiten wir.<\/p>\n","protected":false},"excerpt":{"rendered":"<p>Eine Landschaft im best\u00e4ndigen Wandel. Die Wetterau und der Vogelsberg bewegen sich im Wechsel der Jahreszeiten und des Klimawandels. Sie zeigt uns, was die Stunde geschlagen hat. Nach einem von Trockenheit gezeichnetem Landschaftsbild der beiden Vorjahre, bewegen wir uns in &hellip; <a href=\"https:\/\/www.rc03-ilbenstadt.de\/?page_id=12492\">Weiterlesen <span class=\"meta-nav\">&rarr;<\/span><\/a><\/p>\n","protected":false},"author":9,"featured_media":0,"parent":0,"menu_order":0,"comment_status":"closed","ping_status":"closed","template":"","meta":{"_crdt_document":"","footnotes":""},"class_list":["post-12492","page","type-page","status-publish","hentry"],"_links":{"self":[{"href":"https:\/\/www.rc03-ilbenstadt.de\/index.php?rest_route=\/wp\/v2\/pages\/12492","targetHints":{"allow":["GET"]}}],"collection":[{"href":"https:\/\/www.rc03-ilbenstadt.de\/index.php?rest_route=\/wp\/v2\/pages"}],"about":[{"href":"https:\/\/www.rc03-ilbenstadt.de\/index.php?rest_route=\/wp\/v2\/types\/page"}],"author":[{"embeddable":true,"href":"https:\/\/www.rc03-ilbenstadt.de\/index.php?rest_route=\/wp\/v2\/users\/9"}],"replies":[{"embeddable":true,"href":"https:\/\/www.rc03-ilbenstadt.de\/index.php?rest_route=%2Fwp%2Fv2%2Fcomments&post=12492"}],"version-history":[{"count":6,"href":"https:\/\/www.rc03-ilbenstadt.de\/index.php?rest_route=\/wp\/v2\/pages\/12492\/revisions"}],"predecessor-version":[{"id":12578,"href":"https:\/\/www.rc03-ilbenstadt.de\/index.php?rest_route=\/wp\/v2\/pages\/12492\/revisions\/12578"}],"wp:attachment":[{"href":"https:\/\/www.rc03-ilbenstadt.de\/index.php?rest_route=%2Fwp%2Fv2%2Fmedia&parent=12492"}],"curies":[{"name":"wp","href":"https:\/\/api.w.org\/{rel}","templated":true}]}}