{"id":12496,"date":"2024-08-04T21:57:39","date_gmt":"2024-08-04T19:57:39","guid":{"rendered":"https:\/\/www.rc03-ilbenstadt.de\/?page_id=12496"},"modified":"2024-08-13T06:44:22","modified_gmt":"2024-08-13T04:44:22","slug":"herbst-radtouren-2024-rtf-und-gtf-gr-gravelride-teilnahmebedingungen","status":"publish","type":"page","link":"https:\/\/www.rc03-ilbenstadt.de\/?page_id=12496","title":{"rendered":"Herbst-Radtouren 2024 &#8211; RTF und GTF\/GR (=Gravelride) &#8211; Teilnahmebedingungen"},"content":{"rendered":"<table style=\"border-collapse: collapse; width: 100%;\">\n<tbody>\n<tr>\n<td style=\"width: 49.9281%; vertical-align: top;\">\n<strong>Veranstalter:<\/strong><br \/>\nRadfahrer-Club 1903 Ilbenstadt e.V. Gesch\u00e4ftsstelle: c\/o Hans Sch\u00f6niger, 63694 Limeshain, Steingasse 11<br \/>\n<strong>Durchf\u00fchrung:<\/strong><br \/>\nBei jeder Witterung mit Ausnahme extremer Wetterlagen, die mit Gef\u00e4hrdungen f\u00fcr Leib und Leben<br \/>\nder Sportlerinnen und Sportler einhergehen k\u00f6nnen.<br \/>\n<strong>Start und Ziel:<\/strong><br \/>\nTurnhalle Ilbenstadt, Schulstra\u00dfe 1 (Sportplatz)<br \/>\n<strong>Start<\/strong><br \/>\nSonntag, den 8. September 2024, 07:00 Uhr &#8211; 10:00 Uhr<br \/>\nEinfahrt in Glash\u00fctten auf die 156-Kilometerrunde nur bis 11:00 Uhr<br \/>\n<strong>Siegerehrung:<\/strong><br \/>\nF\u00fcr die platzierten Mannschaften: 13:00 Uhr<br \/>\n<strong>Kontrollschluss:<\/strong> 16:00 Uhr<br \/>\nZur Orientierung zu den Durchfahrtszeiten stellen wir eine Weg-TZeit-Berechnung ein.<br \/>\n<strong>Anfahrt:<\/strong><br \/>\nAutobahn A5 Frankfurt-Kassel, Abfahrt Friedberg, Rosbach, Ober-W\u00f6llstadt, B 45 bis Niddatal- Ilbenstadt,<br \/>\noder Autobahn A 45 Dortmund-Hanau, Abfahrt Altenstadt, B 521 bis Ortsende, rechts ab Richtung Florstadt (L 3189), dann geradeaus (L 3188) bis Niddatal-Ilbenstadt.<\/p>\n<p><strong>Teilnahme:<\/strong><br \/>\nTeilnehmen k\u00f6nnen neben BDR-Mitgliedern mit Breitensportlizenz jede trainierte Radfahrerin\/<br \/>\njeder trainierte Radfahrer. Pedelecs sind ausdr\u00fccklich zugelassen.<br \/>\n<strong>Jugendschutz<\/strong><br \/>\nKinder bis 14 Jahre d\u00fcrfen nur in der Begleitung einer erwachsenen Aufsichtsperson an unseren Radtourenfahrten teilnehmen.<br \/>\n<strong>Das Tragen von R\u00fcckennummern ist Pflicht.<\/strong><br \/>\nDas ist eine Entscheidung des Vereins. Die Genehmigungsbeh\u00f6rde fordert eine f\u00fcr Dritte wahrnehmbare Kennzeichnung der Veranstaltungsteilnehmer.<br \/>\nR\u00fcckennummern werden am Start ausgegeben und sind unver\u00e4ndert zu tragen.<br \/>\n<strong>Haftung:<\/strong><br \/>\nWir weisen ausdr\u00fccklich darauf hin, dass jeder Teilnehmer nach der Allgemeinen StVO zu fahren hat. Die Versicherung gegen Unfall und Haftpflicht ist Sache des Teilnehmers. Der Veranstalter \u00fcbernimmt keine Haftung. Nachrangig zum eigenen Versicherungsschutz sind Vereinsmitglieder \u00fcber die Sportversicherung des Landessportbundes Hessen abgesichert; Nichtmitglieder sind \u00fcber eine kurzfristige Sportversicherung den Vereinsmitgliedern im Wesentlichen gleichgestellt.<\/p>\n<p><strong>Startgeb\u00fchr RTF und GR (Gravelride):<\/strong><br \/>\n8,00 EUR; 5,00 EUR f\u00fcr Breitensportlizenzinhaber; kostenlos fahren Jugendliche bis zum 18. Lebensjahr.<br \/>\nBei Voranmeldung redeuzieren wir die Startgeb\u00fchr jeweils um einen EUR.<\/p>\n<p><strong>Startgeb\u00fchr Familientour:<\/strong><br \/>\n3,00 EUR f\u00fcr Erwachsene, Kinder sind frei<\/p>\n<p><strong>Anmeldung\/Einschreibung am Starttag:<\/strong><br \/>\nDie Anmeldung \u00fcber die App &#8222;BDR-Touren&#8220; ist der Regelfall. Teilnehmer ohne Breitensportlizenz bitten wir sich einen Basisaccount in der App einzurichten.<br \/>\nTeilnehmerinnen und Teilnehmer ohne Smartphon wird ein analoges Verfahren angeboten. Dazu wird zeitnah ein Anmeldeformular auf unserer Homepage eingestellt.<\/p>\n<p><strong>Einzelvoranmeldungen, Mannschafts-\/Gruppenmeldungen:<\/strong><br \/>\nEinzelmeldungen per E-Mail bitte mit vollst\u00e4ndigen Daten: Breitensportlizenz-Nummer, wenn  BDR-Mitglied, Vorname, Name, vollst\u00e4ndiger Adresse, Telefon- und Notfalltelefonnummer , Sternfahrer ja\/nein. Selbstverst\u00e4ndlich k\u00f6nnen auch die eingestellten Meldeformulare genutzt werden.<br \/>\nWir stellen ein Tabellenblatt (LibreOffice Calc\/ Microsoft Excel) f\u00fcr Mannschaftsmeldungen zur Verf\u00fcgung.<br \/>\nDie Startunterlagen werden nach Zahlungseingang erstellt.<br \/>\nAnmeldeformulare zum Download:<br \/>\n<strong><a href=\"https:\/\/rc03-ilbenstadt.de\/RC03-Formulare\/RC03_RTF_GTF_9_2024_Voranmeldung_Vorlage.xls\">MS-Excel-Version<\/a> \/ <a href=\"https:\/\/rc03-ilbenstadt.de\/RC03-Formulare\/RC03_RTF_GTF_9_2024_Voranmeldung_Vorlage.ods\">LibreOffice Calc-Version<\/a><\/strong>\n<\/td>\n<td style=\"width: 49.6403%; vertical-align: top;\" scope=\"col\">\nDie <strong>Einzahlung des Startgeldes<\/strong> erbitten wir mit genauer Absenderangabe auf das Konto des<br \/>\n\u201eRC 03 Ilbenstadt\u201c bei der Sparkasse Oberhessen, IBAN: DE73 5185 0079 0077 0004 61<\/p>\n<p><strong>Mannschaftswertung\/Mannschaftsauszeichnung:<\/strong><br \/>\nZur Teilnahme am Gruppenwettbewerb f\u00fcr BDR- und Privatmannschaften ist eine Voranmeldung erforderlich.<br \/>\nEs werden bis zu 6 Auszeichnungen, je drei f\u00fcr BDR- und Privatmannschaften vergeben.<br \/>\nZur Mannschaftswertung werden nur Fahrerinnen und Fahrer zugelassen, die auch tats\u00e4chlich am Start sind.<br \/>\n<strong>Datenschutz:<\/strong><br \/>\nErhobene pers\u00f6nliche Daten werden ausschlie\u00dflich veranstaltungsbezogen verwendet und nicht an Dritte weitergegeben.<br \/>\nAusnahmen betreffen die Ver\u00f6ffentlichung von Vorname, Name und Vereinszugeh\u00f6rigkeit in Presse, sozialen Medien und\/oder der Vereinshomepage.<br \/>\nWenn keine gesetzlichen Aufbewahrungsfristen gelten, werden die Daten nach Ablauf von 6<br \/>\nMonaten nach der Erhebung gel\u00f6scht.<\/p>\n<p><strong>Film und Fotoaufnahmen:<\/strong><br \/>\nW\u00e4hrend der Veranstaltung werden zum Zwecke der \u00d6ffentlichkeitsarbeit Aufnahmen get\u00e4tigt und verarbeitet, die nach Artikel 6, Buchstabe f der Datenschutzgrundverordnung zur Wahrung unserer berechtigten Interessen zul\u00e4ssig sind. Wenn Sie der Meinung sind, dass Ihre Interessen \u00fcberwiegen, sprechen Sie uns an:<\/p>\n<p>Wilhelm Schr\u00f6der<br \/>\nFachbereichsleiter Kommunikation und Sport, Mobiltelefon: 01523 42 10 315<br \/>\nE-Mail: oeffentlichkeitsarbeit@rc03-ilbenstadt.de<\/p>\n<p><strong>Besonderer Hinweis zur Streckenf\u00fchrung:<\/strong><br \/>\nDie Strecke kann durch beh\u00f6rdliche Auflagen, Baustellen oder ge\u00e4nderte Verkehrsf\u00fchrungen vom Plan abweichen. Die \u00c4nderungen werden am Start durch Aushang publiziert. Es gilt die aktuelle Beschilderung der Strecke.<br \/>\nZur Verf\u00fcgung gestellte GPS-Daten werden am 8. September 2024 bis 19:00 Uhr aktualisiert. <\/p>\n<p><strong>Servicepunkte (ehemals Kontrollstellen):<\/strong><br \/>\nServicepunkte auf allen Strecken, Getr\u00e4nke und Obst werden so lange der Vorrat reicht, kostenlos abgegeben.<br \/>\nWie jeder Veranstalter bem\u00fchen wir uns um ausreichende Vorr\u00e4te.<\/p>\n<p><strong>Verpflegung am Start und Ziel:<\/strong><br \/>\nImbiss und Getr\u00e4nke, Kaffee und Kuchenbuffet.<br \/>\nWasch- und Duschgelegenheit in der Turnhalle an Start und Ziel.<\/p>\n<p><strong>Ausk\u00fcnfte erteilt:<\/strong><br \/>\nJohannes Contag<br \/>\nTelefon: 0171 9 90 26 18 von 09:00 bis 21:00 Uhr<br \/>\nE-Mail: rtf-fachwart@rc03-ilbenstadt.de<\/p>\n<p><strong>Aktuelle Informationen zur Veranstaltung sind immer auf unserer <a href=\"https:\/\/www.rc03-ilbenstadt.de\/\" target=\"_blank\" rel=\"noopener\">Internetseite<\/a> eingestellt.<\/strong><\/p>\n<p><strong>Mitgeltung:<\/strong><br \/>\nDie Reglements RTF und Gravelride 2024 des Bundes Deutscher Radfahrer gelten mit. Sie k\u00f6nnen am Start und auf der <a href=\"https:\/\/www.rad-net.de\/generalausschreibungen_5.htm\" target=\"_blank\" rel=\"noopener\">Homepage des Bundes Deutscher Radfahrer<\/a> eingesehen werden.<\/p>\n<p><strong>Achtung!<br \/>\nUnsere RTF-Veranstaltung ist kein Stra\u00dfenrennen!<br \/>\nUnsere GTF (Graveltourenfahrt), unser Gravelride wird nicht als Rennen ausgetragen!<br \/>\nGefahren wird ausschlie\u00dflich nach der StVO in der aktuellen Fassung sowie den Regeln des Naturschutzes.<\/p>\n<p>Wir legen Wert auf einen r\u00fccksichtsvollen Umgang in der Begegnung mit allen erholungssuchenden Mitmenschen,  sowie dem land- und forstwirtschaftlchen Verkehr.<\/strong>\n<\/td>\n<\/tr>\n<tr>\n<td style=\"width: 49.9281%; text-align: center;\" colspan=\"3\"><span style=\"font-size: 32px;\"><strong><span style=\"color: #ff0000;\">Wir bitten zu beachten, dass ein Start nur <\/strong><\/span><\/p>\n<p><span style=\"font-size: 32px;\"><span style=\"color: #ff0000;\"><strong>mit R\u00fcckennummer und Helm zugelassen wird!<\/strong><\/span><\/td>\n<\/tr>\n<\/tbody>\n<\/table>\n","protected":false},"excerpt":{"rendered":"<p>Veranstalter: Radfahrer-Club 1903 Ilbenstadt e.V. Gesch\u00e4ftsstelle: c\/o Hans Sch\u00f6niger, 63694 Limeshain, Steingasse 11 Durchf\u00fchrung: Bei jeder Witterung mit Ausnahme extremer Wetterlagen, die mit Gef\u00e4hrdungen f\u00fcr Leib und Leben der Sportlerinnen und Sportler einhergehen k\u00f6nnen. Start und Ziel: Turnhalle Ilbenstadt, Schulstra\u00dfe &hellip; <a href=\"https:\/\/www.rc03-ilbenstadt.de\/?page_id=12496\">Weiterlesen <span class=\"meta-nav\">&rarr;<\/span><\/a><\/p>\n","protected":false},"author":9,"featured_media":0,"parent":0,"menu_order":0,"comment_status":"closed","ping_status":"closed","template":"full-width-page.php","meta":{"_crdt_document":"","footnotes":""},"class_list":["post-12496","page","type-page","status-publish","hentry"],"_links":{"self":[{"href":"https:\/\/www.rc03-ilbenstadt.de\/index.php?rest_route=\/wp\/v2\/pages\/12496","targetHints":{"allow":["GET"]}}],"collection":[{"href":"https:\/\/www.rc03-ilbenstadt.de\/index.php?rest_route=\/wp\/v2\/pages"}],"about":[{"href":"https:\/\/www.rc03-ilbenstadt.de\/index.php?rest_route=\/wp\/v2\/types\/page"}],"author":[{"embeddable":true,"href":"https:\/\/www.rc03-ilbenstadt.de\/index.php?rest_route=\/wp\/v2\/users\/9"}],"replies":[{"embeddable":true,"href":"https:\/\/www.rc03-ilbenstadt.de\/index.php?rest_route=%2Fwp%2Fv2%2Fcomments&post=12496"}],"version-history":[{"count":4,"href":"https:\/\/www.rc03-ilbenstadt.de\/index.php?rest_route=\/wp\/v2\/pages\/12496\/revisions"}],"predecessor-version":[{"id":12564,"href":"https:\/\/www.rc03-ilbenstadt.de\/index.php?rest_route=\/wp\/v2\/pages\/12496\/revisions\/12564"}],"wp:attachment":[{"href":"https:\/\/www.rc03-ilbenstadt.de\/index.php?rest_route=%2Fwp%2Fv2%2Fmedia&parent=12496"}],"curies":[{"name":"wp","href":"https:\/\/api.w.org\/{rel}","templated":true}]}}