{"id":12537,"date":"2024-08-06T13:24:05","date_gmt":"2024-08-06T11:24:05","guid":{"rendered":"https:\/\/www.rc03-ilbenstadt.de\/?page_id=12537"},"modified":"2024-08-16T13:02:06","modified_gmt":"2024-08-16T11:02:06","slug":"herbst-radtouren-2024-rtf-und-gtf-gr-gravelride-ausschreibung","status":"publish","type":"page","link":"https:\/\/www.rc03-ilbenstadt.de\/?page_id=12537","title":{"rendered":"Herbst-Radtouren 2024 \u2013 RTF und GTF\/GR (=Gravelride) \u2013 Ausschreibung"},"content":{"rendered":"<p><span style=\"color: #ff0000;\"><strong>ACHTUNG! &#8211; Wenn erforderlich erfolgt die letzte Aktualisierung der Dateien am Samstag bis 19:00 Uhr <\/strong><\/span><\/p>\n<p>Die Herbstradtouren &#8222;RTF&#8220; in der abwechslungsreichen H\u00fcgellandschaft der Wetterau sind gespickt mit kleinen Fitnesspr\u00fcfungen. Wir arbeiten daran, dass auch Freundinnen und Freunde des Gravelbikes mit den &#8222;GTF\/GR&#8220; (Graveltourenfahrten\/Gravelrides) tiefer in die Gemeinschaft des organisierten Breitenradsportes hineinschuppern k\u00f6nnen. Unsere Angebote wurden bisher mehr als z\u00f6gerlich angenommen. Unbeirrt verfolgen wir unseren Weg weiter, da auch das vereinsinterne Angebot auf eine breitere Basis gestellt wird. Weiterhin gilt: Die Breitenradsportszene hat keine Scheuklappen. Unabh\u00e4ngig davon, dass zur RTF ein Rennrad geh\u00f6rt, zur CTF ein Mountainbike, haben R\u00e4der fast jeder Couleur die Spartengrenzen \u00fcberschritten, ohne dass daran Ansto\u00df genommen wurde. Eigene Erfahrungen mit einem Querfeldeinrad, auch Cyclocrossbike genannt, sind seit \u00fcber 15 Jahren vorhanden und lassen Grenzen verschwimmen.<br \/>\nAuch wenn das Graveln im BDR und seinen Verb\u00e4nden noch eine zarte Pflanze ist, wird dieses Segment wachsen und wird schon bald auf eine solide Basis blicken k\u00f6nnen.<\/p>\n<p>Wir bieten eine Graveltour \u00fcber 82 Kilometer, die nun mit einer rund 53 Kilometer langen Tour erg\u00e4nzt werden wird, im Herzen der Wetterau, gef\u00fchrt auf Wirtschaftswegen mit wechselnden Untergr\u00fcnden. Bis zu zwei Servicepunkte der RTF &#8211; M\u00fcnzenberg und Staden &#8211; werden in Graveltouren eingebunden. 862 H\u00f6henmeter wurden auf der gro\u00dfen und 523 H\u00f6henmeter auf der kleinen Tour &#8222;versteckt&#8220;. Wer es &#8222;entspannter&#8220; haben m\u00f6chte, kann sich auf unseren RTF bis in den Hohen Vogelsberg hinein austoben.<\/p>\n<p>Wir laden herzlich in die tollen Landschaften der Wetterau und des Vogelsberges ein.<\/p>\n<p>Die Strecke (n) k\u00f6nnen noch variieren; die Genehmigung der Stra\u00dfenverkehrs- und Naturschutzbeh\u00f6rden sowie Hessen Forst steht noch aus.<\/p>\n<table class=\" aligncenter\">\n<tbody>\n<tr>\n<td style=\"text-align: left; vertical-align: middle;\" scope=\"col\"><span style=\"color: #ff0000;\"><strong>NEU<br \/>App &#8222;BDR Touren&#8220;<br \/><\/strong><\/span><br \/>\n<a href=\"https:\/\/www.rc03-ilbenstadt.de\/wp-content\/uploads\/2024\/01\/BDR_Touren_App_Symbol.jpg\" target=\"_blank\"  rel=\"lightbox[12537] noopener noreferrer\"><img loading=\"lazy\" decoding=\"async\" class=\"aligncenter wp-image-12008 size-thumbnail\" src=\"https:\/\/www.rc03-ilbenstadt.de\/wp-content\/uploads\/2024\/01\/BDR_Touren_App_Symbol.jpg\" alt=\"\" width=\"150\" height=\"150\" \/><\/a><\/td>\n<td style=\"text-align: left; vertical-align: middle;\"><strong>Wir setzen zur Abwicklung unserer Veranstaltung die neue App &#8222;BDR Touren&#8220; ein.<\/strong><br \/>\nNat\u00fcrlich k\u00f6nnen wir nach wie vor bew\u00e4hrte, aber mit einem langsameren Procedere verbundene Zettelwirtschaft f\u00fcr Deine Registrierung, Deine Startunterlagen und letztlich f\u00fcr die Auswertung einsetzen. Wir bevorzugen jedoch ein schnelles, ein digitales Verfahren \u00fcber die neue App &#8222;BDR Touren&#8220;. Neben Deiner umfassenden Information rund um den Breitenradsport erfolgt die Registrierung zur RTF inklusive der Auswertung \u00fcber das Ein- und Auschecken mittels Deines QR-Codes, der von der App auf Deinem Smartphon generiert wird und der Dich durch die gesamte Radsportsaison begleitet. Lass Dich \u00fcberzeugen.<br \/>\nLade die App aus dem Google Play Store oder aus dem Appel App Store und auf geht es. Schon der Basisaccount \u00f6ffnet Dir den schnellen Zugang zu RTF, CTF oder dem Gravelride. Als Mitglied eines BDR-Vereines erweitert sich die Funktionalit\u00e4t der App, bietet Dir zum Beispiel umfangreiche Auswertem\u00f6glichkeiten und sichert Dir einen Startgeldvorteil. Mehr Informationen findest Du im <a href=\"https:\/\/www.rc03-ilbenstadt.de\/RC03_BDR_App\/BDR_Touren_App_Flyer_opt.pdf\" rel=\"noopener noreferrer\"><strong>Flyer zur &#8222;BDR Touren&#8220;-App<\/strong><\/a>.<br \/>\nNoch keine App &#8222;BDR-Touren&#8220;? Dann erfolgt Anmeldung und Registrierung \u00fcber einen <a href=\"https:\/\/www.rc03-ilbenstadt.de\/RC03_Formulare\/RC03_RTF_GTF_9_2024_AnmeldezettelNeutral.pdf\" rel=\"noopener noreferrer\"><strong>Anmeldezettel<\/strong><\/a>. Diesen bitte ausgef\u00fcllt zum Start mitbringen.<\/p>\n<p>Erg\u00e4nzend zur digitalen Registrierung erh\u00e4ltst Du von uns eine Startkarte mit detailliertem Streckenverlauf &#8211; das Technikversagen verliert seinen Schrecken! &#8211; und eine verpflichtend zu tragende R\u00fcckennummer (Unser Wunsch und Auflage der Genehmigungsbeh\u00f6rde). Zur Befestigung der R\u00fcckennummer halten wir Sicherheitsnadeln vor, besser geht es jedoch mit Hosentr\u00e4gerklammern oder einem Startband.<\/p>\n<p><strong>Wir freuen uns auf Dich!<\/strong><\/td>\n<\/tr>\n<tr>\n<td>Start:<\/td>\n<td><strong>Sonntag, den 8. September 2024, 07:00 Uhr &#8211; 10:00 Uhr <\/p>\n<p>Einfahrt in Glash\u00fctten auf die 156-Kilometerrunde nur bis 11:00 Uhr<br \/>\nWeg-\/Zeit\u00dcbersichten: <a href=\"https:\/\/rc03-ilbenstadt.de\/RC03_RTF_CTF_GTF\/RC03_RTF_9_2024_Streckenplaene_ARBEIT_v3_114_156_km.pdf\" target=\"_blank\" rel=\"noopener noreferrer\">114 und 156 km<\/a>  \/ <a href=\"https:\/\/rc03-ilbenstadt.de\/RC03_RTF_CTF_GTF\/RC03_RTF_9_2024_Streckenplaene_ARBEIT_v3_45_82_km.pdf\" target=\"_blank\" rel=\"noopener noreferrer\">45 und 82 km<\/a><\/strong><\/td>\n<\/tr>\n<tr>\n<td>Startort:<\/td>\n<td><strong>Turnhalle Ilbenstadt (Sportplatz)<br \/>\nSchulstra\u00dfe 1, 61194 Niddatal-Ilbenstadt<\/strong><\/td>\n<\/tr>\n<tr>\n<td>Sternfahrten<\/td>\n<td>sind zugelassen. Laut <a href=\"https:\/\/www.rc03-ilbenstadt.de\/RC03_BDR_Reglements\/BDR_Reglement_RTF_2024_v1.pdf\" target=\"_blank\" rel=\"noopener\">Reglement RTF 2024<\/a> ist eine Strecke des Veranstalters zu absolvieren. Wir halten an unseren Servicepunkten Startkarten und R\u00fcckennummern vor. Bitte das Startgeld passend bereithalten.<br \/>\nBei Wahl einer Gravelstrecke gehen wir davon aus, dass An- und Abfahrt \u00fcber naturnahe, geschotterte Strecken oder \u00fcber Radwege erfolgt.<\/td>\n<\/tr>\n<tr>\n<td>Startgeld:<\/td>\n<td>RTF- und Gravelstrecken: 8 EUR, 5 EUR f\u00fcr BDR-Mitglieder<br \/>\nFamillientour (33 km):\t\t3 EUR (Gilt nicht f\u00fcr Breitensportlizenzinhaber)<br \/>\nKinder und Jugendliche bis zum vollendeten 18. Lebensjahr sind vom Startgeld befreit.<br \/>\n<strong>Bei Vormeldung wird jeweils 1 EUR Nachlass gew\u00e4hrt.<\/strong><\/td>\n<\/tr>\n<tr>\n<td>Voranmeldungen<\/td>\n<td>Auf vielfachen Wunsch nehmen wir wie bisher auch Einzel-, und Gruppen-\/Vereinsvoranmeldungen entgegen.<br \/>\nEinzelmeldungen per E-Mail bitte mit vollst\u00e4ndigen Daten: Breitensportlizenz-Nummer, wenn  BDR-Mitglied, Vorname, Name, vollst\u00e4ndiger Adresse, Telefon- und Notfalltelefonnummer, Sternfahrer ja\/nein.<br \/>\nWir stellen ein Anmeldeformular (= Tabellenblatt LibreOffice Calc\/Microsoft Excel) f\u00fcr Gruppenmeldungen zur Verf\u00fcgung, das selbstverst\u00e4ndlich auch f\u00fcr Einzelmeldungen genutzt werden kann.<br \/>\nAnmeldeformulare zum Download:<br \/>\n<strong><a href=\"https:\/\/rc03-ilbenstadt.de\/RC03-Formulare\/RC03_RTF_GTF_9_2024_Voranmeldung_Vorlage.xls\">MS-Excel-Version<\/a> \/ <a href=\"https:\/\/rc03-ilbenstadt.de\/RC03-Formulare\/RC03_RTF_GTF_9_2024_Voranmeldung_Vorlage.ods\">LibreOffice Calc-Version<\/a><\/p>\n<p>Die Einzahlung des Startgeldes erbitten wir mit genauer Absenderangabe auf das Konto des &#8222;RC 03 Ilbenstadt&#8220; bei der Sparkasse Oberhessen<br \/>\n<strong>IBAN: DE73 5185 0079 0077 0004 61, BIC: HELADEF1FRI<\/strong><\/td>\n<\/tr>\n<tr>\n<td>Strecken:<\/td>\n<td><strong>Ausgeschilderte RTF-Strecken \u00fcber 33 km, 45 km 82 km, 114 km und 156 km<br \/>\nalternativ<br \/>\nGPS-gef\u00fchrte Gravelstrecken von 53 oder 82 km \u00fcber naturnahe Wege<\/strong><\/td>\n<\/tr>\n<tr>\n<td>Auszeichnungen (Gravelteilnehmer k\u00f6nnen im RTF-Rahmen mitgewertet werden):<\/td>\n<td><strong>Bis 3 Auszeichnungen f\u00fcr die gr\u00f6\u00dften BDR-Mannschaften<br \/>\nBis 3 Auszeichnungen f\u00fcr die gr\u00f6\u00dften Privatmannschaften<\/strong><\/td>\n<\/tr>\n<tr>\n<td>Unsere Strecken im Internet<\/td>\n<td>Die Strecken haben wir in den Portalen uMap, eine Openstreetmapanwendung, und Komoot eingestellt:<\/p>\n<ul>\n<li><a href=\"https:\/\/umap.openstreetmap.fr\/de\/map\/rc03_ilbenstadt_rtf_gtf_9_2024-gesamt_1096317#10\/50.3920\/9.0306\" target=\"_blank\" rel=\"noopener\"><strong>Zur Gesamtdarstellung aller Strecken<\/strong><\/a><\/li>\n<li><a href=\"https:\/\/www.rc03-ilbenstadt.de\/?page_id=12492\" rel=\"noopener noreferrer\"><strong>Zu den RTF- und GTF (Gravel-)-Strecken<\/strong><\/a><\/td>\n<\/li>\n<\/ul>\n<\/td>\n<\/tr>\n<tr>\n<td>Teilnahmebedingungen:<\/td>\n<td><strong><a href=\"https:\/\/www.rc03-ilbenstadt.de\/?page_id=12496\" target=\"_blank\" rel=\"noopener noreferrer\">Bitte hier klicken \u2026<\/strong><\/a><\/td>\n<\/tr>\n<tr>\n<td>Flyer zu den Herbstradtouren (Gesamtdarstellung):<\/td>\n<td>\n<strong><a href=\"https:\/\/rc03-ilbenstadt.de\/RC03_Flyer\/RC03_RTF_GTF_9_2024_Flyer_v1_opt.pdf\" target=\"_blank\" rel=\"noopener\"> Flyer in Einzelblattdarstellung f\u00fcr alle Touren (= 12 Seiten)<\/a><br \/>\nEinzelflyer f\u00fcr RTF, GTF (Gravelride) und Familien-RTF (je 6 Seiten):<br \/>\n<a href=\"https:\/\/rc03-ilbenstadt.de\/RC03_Flyer\/RC03_RTF_GTF_9_2024_Flyer_RTF_v1.pdf\" target=\"_blank\" rel=\"noopener\"> RTF-Flyer<\/a><br \/>\n<a href=\"https:\/\/rc03-ilbenstadt.de\/RC03_Flyer\/RC03_RTF_GTF_9_2024_Flyer_FamilienRTF_v1_opt.pdf\" target=\"_blank\" rel=\"noopener\"> Familien-RTF-Flyer<\/a><br \/>\n<a href=\"https:\/\/rc03-ilbenstadt.de\/RC03_Flyer\/RC03_RTF_GTF_9_2024_Flyer_GTF_v1.pdf\" target=\"_blank\" rel=\"noopener\"> GTF-(Gravelride-)Flyer<\/a><\/strong><br \/>\nWir empfehlen auf einen Ausdruck grunds\u00e4tzlich zu verzichten.<br \/>\n<strong><a href=\"https:\/\/rc03-ilbenstadt.de\/RC03_Flyer\/RC03_RTF_GTF_9_2024_Flyer_v1_Bro_opt.pdf\" target=\"_blank\" rel=\"noopener\"> Flyer im Brosch\u00fcrendruck f\u00fcr RTF, GTF und Familien-RTF (= 3 DIN-A4-Seiten)<\/strong><\/a><br \/>\nWir empfehlen auf einen Ausdruck grunds\u00e4tzlich zu verzichten oder die Brosch\u00fcre doppelseitig (auf kurzer Seite wenden) auf DIN A4-Papier auszudrucken. <\/td>\n<\/tr>\n<\/tbody>\n<\/table>\n<p><strong>Tourenkontrollfahrt f\u00fcr das Deutsche Radsportabzeichen!<\/strong><br \/>\nWenn Du das Deutsche Radsportabzeichen (DRA) erwerben m\u00f6chtest und dich am Start meldest, k\u00f6nnen wir Dir die gefahrene Zeit bescheinigen. Du kannst im Laufe des Jahres 2022 f\u00fcr das Radsportabzeichen auch beim RC03-Ilbenstadt trainieren. Unsere Pr\u00fcfer werden Deine Leistung abnehmen.<br \/>\nN\u00e4here Informationen zum DRA findest Du in diesem <a href=\"https:\/\/www.rc03-ilbenstadt.de\/BDR_ALLGEMEIN\/BDR_Deutsches Radsportabzeichen_Flyer_2024.pdf\" target=\"_blank\" rel=\"noopener\"><strong>Flyer des BDR<\/strong><\/a> oder auf den Seiten des <a href=\"https:\/\/www.rad-net.de\/radsportabzeichen.htm\" target=\"_blank\" rel=\"noopener\"><strong>Bundes Deutscher Radfahrer.<\/strong><\/a><\/p>\n","protected":false},"excerpt":{"rendered":"<p>ACHTUNG! &#8211; Wenn erforderlich erfolgt die letzte Aktualisierung der Dateien am Samstag bis 19:00 Uhr Die Herbstradtouren &#8222;RTF&#8220; in der abwechslungsreichen H\u00fcgellandschaft der Wetterau sind gespickt mit kleinen Fitnesspr\u00fcfungen. Wir arbeiten daran, dass auch Freundinnen und Freunde des Gravelbikes mit &hellip; <a href=\"https:\/\/www.rc03-ilbenstadt.de\/?page_id=12537\">Weiterlesen <span class=\"meta-nav\">&rarr;<\/span><\/a><\/p>\n","protected":false},"author":9,"featured_media":0,"parent":0,"menu_order":0,"comment_status":"closed","ping_status":"closed","template":"","meta":{"_crdt_document":"","footnotes":""},"class_list":["post-12537","page","type-page","status-publish","hentry"],"_links":{"self":[{"href":"https:\/\/www.rc03-ilbenstadt.de\/index.php?rest_route=\/wp\/v2\/pages\/12537","targetHints":{"allow":["GET"]}}],"collection":[{"href":"https:\/\/www.rc03-ilbenstadt.de\/index.php?rest_route=\/wp\/v2\/pages"}],"about":[{"href":"https:\/\/www.rc03-ilbenstadt.de\/index.php?rest_route=\/wp\/v2\/types\/page"}],"author":[{"embeddable":true,"href":"https:\/\/www.rc03-ilbenstadt.de\/index.php?rest_route=\/wp\/v2\/users\/9"}],"replies":[{"embeddable":true,"href":"https:\/\/www.rc03-ilbenstadt.de\/index.php?rest_route=%2Fwp%2Fv2%2Fcomments&post=12537"}],"version-history":[{"count":6,"href":"https:\/\/www.rc03-ilbenstadt.de\/index.php?rest_route=\/wp\/v2\/pages\/12537\/revisions"}],"predecessor-version":[{"id":12904,"href":"https:\/\/www.rc03-ilbenstadt.de\/index.php?rest_route=\/wp\/v2\/pages\/12537\/revisions\/12904"}],"wp:attachment":[{"href":"https:\/\/www.rc03-ilbenstadt.de\/index.php?rest_route=%2Fwp%2Fv2%2Fmedia&parent=12537"}],"curies":[{"name":"wp","href":"https:\/\/api.w.org\/{rel}","templated":true}]}}