{"id":12905,"date":"2025-01-17T12:41:44","date_gmt":"2025-01-17T11:41:44","guid":{"rendered":"https:\/\/www.rc03-ilbenstadt.de\/?page_id=12905"},"modified":"2025-03-15T08:57:27","modified_gmt":"2025-03-15T07:57:27","slug":"fruehjahrsradtouren-2025-ausschreibung","status":"publish","type":"page","link":"https:\/\/www.rc03-ilbenstadt.de\/?page_id=12905","title":{"rendered":"Fr\u00fchjahrsradtouren 2025 \u2013  Ausschreibung"},"content":{"rendered":"<p>Die moderaten Fr\u00fchjahrstouren in der sanften H\u00fcgellandschaft der Wetterau sind gespickt mit kleinen Fitnesspr\u00fcfungen.<br \/>\nWir bieten wie gewohnt RTF-, CTF und Gravel-Touren an. RTF- und CTF werden komplett ausgeschildert. Wir m\u00f6chten darauf hinweisen, dass unsere Gravel-Touren nicht ausgeschildert ist und nur mit gpx befahren werden kann.<\/p>\n<p>Wir laden herzlich in die tolle Landschaft der Wetterau ein.<\/p>\n<p>Die Strecken k\u00f6nnen noch variieren; die Touren sind beim Wetteraukreis und Hessen Forst und Privatwaldbesitzern<br \/>\nangezeigt. R\u00fcckmeldungen stehen noch aus.<\/p>\n<table class=\" aligncenter\" style=\"width: 100%;\">\n<tbody>\n<tr>\n<td style=\"text-align: left; vertical-align: middle; width: 21.08768%;\" scope=\"col\"><span style=\"color: #ff0000;\"><strong>NEU<br \/>\nApp &#8222;GC Touren&#8220;<br \/>\n<\/strong><\/span><br \/>\n<a href=\"https:\/\/www.rc03-ilbenstadt.de\/wp-content\/uploads\/2024\/01\/BDR_Touren_App_Symbol.jpg\" target=\"_blank\"  rel=\"lightbox[12905] noopener noreferrer\"><img loading=\"lazy\" decoding=\"async\" class=\"aligncenter wp-image-12008 size-thumbnail\" src=\"https:\/\/www.rc03-ilbenstadt.de\/wp-content\/uploads\/2024\/01\/BDR_Touren_App_Symbol.jpg\" alt=\"\" width=\"150\" height=\"150\" \/><\/a><\/td>\n<td style=\"text-align: left; vertical-align: middle; width: 78.024417%;\"><strong>Wir setzen zur Abwicklung<br \/>\nunserer Veranstaltung die neue App &#8222;GC Touren&#8220; ein<\/strong><br \/>\nWir bieten dar\u00fcber hinaus auch die analoge Abwicklung per Zettel an. Mit Blick in die Zukunft bitten wir<br \/>\nhiervon abzusehen und lieber die digitale Anmeldung mit der &#8222;GC Touren&#8220; zu nutzen.<br \/>\nDie App &#8222;GC Touren&#8220; ist im Google und Apple App Store erh\u00e4ltlich. Inhaber ohne Breitensport-Lizenz k\u00f6nnen sich einen Basis Account erstellen, um die Vorz\u00fcge der &#8222;GC Touren&#8220; App zu genie\u00dfen.<br \/>\nMehr Informationen findest Du im <a href=\"https:\/\/www.rc03-ilbenstadt.de\/RC03_BDR_App\/BDR_Touren_App_Flyer_opt.pdf\" rel=\"noopener noreferrer\"><strong>Flyer zur &#8222;GC Touren&#8220;-App<\/strong><\/a>.<strong>Wir freuen uns auf Dich!<\/strong><\/td>\n<\/tr>\n<tr>\n<td style=\"width: 21.08768%;\">Start:<\/td>\n<td style=\"width: 78.024417%;\"><strong>Sonntag, den 16. M\u00e4rz 2024<br \/>\n8.00 Uhr \u2013 10:00 Uhr &#8211; RTF 116km, CTF 77 km, Gravelride 80 km<br \/>\n8:00 Uhr &#8211; 11:00 Uhr &#8211; RTF 73 km + 43 km, CTF 63 km + 43 km, Gravelride 50 km<\/strong><\/td>\n<\/tr>\n<tr>\n<td style=\"width: 21.08768%;\">Startort:<\/td>\n<td style=\"width: 78.024417%;\"><strong>Turnhalle Ilbenstadt (Sportplatz)<br \/>\nSchulstra\u00dfe 1, 61194 Niddatal-Ilbenstadt<\/strong><\/td>\n<\/tr>\n<tr>\n<td style=\"width: 21.08768%;\">Auszeichnungen (Eventuell gemeinsam mit CTF):<\/td>\n<td style=\"width: 78.024417%;\"><strong>Bis 3 Auszeichnungen f\u00fcr die gr\u00f6\u00dften Mannschaften<br \/>\n<\/strong><\/td>\n<\/tr>\n<tr>\n<td style=\"width: 21.08768%;\">Unsere Strecken<br \/>\nim Internet<\/td>\n<td style=\"width: 78.024417%;\">Wir stellen unsere Strecken und deren Download auf \u00a0Komoot zur Verf\u00fcgung.<br \/>\nHier geht es zu unserern Karten\u00fcbersichten RTF, CTF und Gravelride:<br \/>\n<a href=\"https:\/\/www.komoot.com\/de-de\/collection\/3171922\/-fruehjahrsradtouren-2025-rtf-ctf-und-gravelride-strecken\" rel=\"noopener noreferrer\"><strong>Alle Strecken in unserer Komoot Collection<\/strong><\/a><\/p>\n<p>RTF- und CTF Strecken sind ausgeschildert, Gravelride wird nur als gpx angeboten<\/td>\n<\/tr>\n<tr>\n<td style=\"width: 21.08768%;\">RTF Strecken in Komoot<\/td>\n<td style=\"width: 78.024417%;\"><a href=\"https:\/\/www.komoot.com\/de-de\/tour\/2009353207?share_token=aCefRiC3KW0dUYvVODLVU8U0p1N88hrXNs1YiLIEdUN5nzUcnL&amp;ref=wtd\" target=\"_blank\" rel=\"noopener noreferrer\">RTF: 43 km<\/a><br \/>\n<a href=\"https:\/\/www.komoot.com\/de-de\/tour\/1962361503?share_token=azl73E5hqdIJJby6oGZe9TmCtEyRkztF306hzDV7DPcp6r5VyI&amp;ref=wtd\" target=\"_blank\" rel=\"noopener noreferrer\">RTF: 73 km<\/a><br \/>\n<a href=\"https:\/\/www.komoot.com\/de-de\/tour\/1962361901?share_token=amHvqHRXn5APUUAQmwk8wo7TZNHoWEk4VUxAiLxjFtitjXZQtw&amp;ref=wtd\" target=\"_blank\" rel=\"noopener noreferrer\">RTF: 116 km<\/a><\/td>\n<\/tr>\n<tr>\n<td style=\"width: 21.08768%;\">CTF Strecken in Komoot<\/td>\n<td style=\"width: 78.024417%;\"><a href=\"https:\/\/www.komoot.com\/de-de\/tour\/1989931961?share_token=aWuBRFR3iBCuC1WhTqTZK9gDnr7Cp62z6YCdTzOVvHsv6qauSq&amp;ref=wtd\" target=\"_blank\" rel=\"noopener noreferrer\">CTF: 43 km<\/a><br \/>\n<a href=\"https:\/\/www.komoot.com\/de-de\/tour\/1989931807?share_token=aAn8TAKB2nshYQnVqsQveZOa26vKSnRAJoYoKuhe9xchS77tPd&amp;ref=wtd\" target=\"_blank\" rel=\"noopener noreferrer\">CTF: 63 km<\/a><br \/>\n<a href=\"https:\/\/www.komoot.com\/de-de\/tour\/1989931571?share_token=anls9zSISyISOWzyMS6umPreCQbVRa9TYrrA0pvnZ5TN8Hazme&amp;ref=wtd\" target=\"_blank\" rel=\"noopener noreferrer\">CTF: 77 km<\/a><\/td>\n<\/tr>\n<tr>\n<td style=\"width: 21.08768%;\">Gravelride Touren in Komoot<\/td>\n<td style=\"width: 78.024417%;\"><a href=\"https:\/\/www.komoot.com\/de-de\/tour\/2009348353?share_token=aPqkNEJ4m1e0Tvr1pcUbnpppwtL82OyDiw7fzVvi2pZo0ozVRA&amp;ref=wtd\" target=\"_blank\" rel=\"noopener noreferrer\">Gravelride: 50 km<\/a><br \/>\n<a href=\"https:\/\/www.komoot.com\/de-de\/tour\/2009343061?share_token=anTKXpxZaIRP5AFRmp14FYjiff2306g40YFYy3rNfcTBotqJWO&amp;ref=wtd\" target=\"_blank\" rel=\"noopener noreferrer\">Gravelride: 80 km<\/a><\/td>\n<\/tr>\n<tr>\n<td style=\"width: 21.08768%;\">Teilnahmebedingungen:<\/td>\n<td style=\"width: 78.024417%;\"><strong><a href=\"https:\/\/www.rc03-ilbenstadt.de\/?page_id=12907\" target=\"_blank\" rel=\"noopener noreferrer\">Bitte hier klicken<\/a><\/strong><\/td>\n<\/tr>\n<tr>\n<td style=\"width: 21.08768%;\">Flyer zu den Fr\u00fchjahrsradtouren (Gesamtdarstellung):<\/td>\n<td style=\"width: 78.024417%;\">Diese werden hier in K\u00fcrze zur Verf\u00fcgung gestellt<br \/>\n<!-- <strong><a href=\"https:\/\/rc03-ilbenstadt.de\/RC03-Flyer\/RC03_RTF_CTF_GTF_3_2024_Flyer_v1_FINAL_opt.pdf\" target=\"_blank\" rel=\"noopener\"> Flyer in Einzelblattdarstellung f\u00fcr RTF, CTF und GR (= 12\nSeiten)<\/a><\/strong>\nWir empfehlen auf einen Ausdruck grunds\u00e4tzlich zu verzichten oder nur einen Teilausdruck vorzunehmen.\n<strong><a href=\"https:\/\/rc03-ilbenstadt.de\/RC03-Flyer\/RC03_RTF_CTF_GTF_3_2024_Flyer_v1_Bro_FINAL_opt.pdf\" target=\"_blank\" rel=\"noopener\"> Flyer im Brosch\u00fcrendruck f\u00fcr RTF, CTF und GR (= 3\nDIN-A4-Seiten)<\/a><\/strong>\nWir empfehlen auf einen Ausdruck grunds\u00e4tzlich zu verzichten oder die Brosch\u00fcre doppelseitig (auf kurzer\nSeite wenden) auf DIN A4-Papier auszudrucken. --><\/td>\n<\/tr>\n<\/tbody>\n<\/table>\n<p><strong>Tourenkontrollfahrt f\u00fcr das Deutsche Radsportabzeichen!<\/strong><br \/>\nWenn Du das Deutsche Radsportabzeichen (DRA) erwerben m\u00f6chtest und dich am Start meldest, k\u00f6nnen wir Dir die gefahrene<br \/>\nZeit bescheinigen.<br \/>\nN\u00e4here Informationen zum DRA bekommst Du beim RC 03 Ilbenstadt oder\/und auf den Seiten des <a href=\"https:\/\/www.rad-net.de\/radsportabzeichen.htm\" target=\"_blank\" rel=\"noopener\">German Cycling<\/a>.<\/p>\n","protected":false},"excerpt":{"rendered":"<p>Die moderaten Fr\u00fchjahrstouren in der sanften H\u00fcgellandschaft der Wetterau sind gespickt mit kleinen Fitnesspr\u00fcfungen. Wir bieten wie gewohnt RTF-, CTF und Gravel-Touren an. RTF- und CTF werden komplett ausgeschildert. Wir m\u00f6chten darauf hinweisen, dass unsere Gravel-Touren nicht ausgeschildert ist und &hellip; <a href=\"https:\/\/www.rc03-ilbenstadt.de\/?page_id=12905\">Weiterlesen <span class=\"meta-nav\">&rarr;<\/span><\/a><\/p>\n","protected":false},"author":22,"featured_media":0,"parent":0,"menu_order":0,"comment_status":"closed","ping_status":"closed","template":"","meta":{"_crdt_document":"","footnotes":""},"class_list":["post-12905","page","type-page","status-publish","hentry"],"_links":{"self":[{"href":"https:\/\/www.rc03-ilbenstadt.de\/index.php?rest_route=\/wp\/v2\/pages\/12905","targetHints":{"allow":["GET"]}}],"collection":[{"href":"https:\/\/www.rc03-ilbenstadt.de\/index.php?rest_route=\/wp\/v2\/pages"}],"about":[{"href":"https:\/\/www.rc03-ilbenstadt.de\/index.php?rest_route=\/wp\/v2\/types\/page"}],"author":[{"embeddable":true,"href":"https:\/\/www.rc03-ilbenstadt.de\/index.php?rest_route=\/wp\/v2\/users\/22"}],"replies":[{"embeddable":true,"href":"https:\/\/www.rc03-ilbenstadt.de\/index.php?rest_route=%2Fwp%2Fv2%2Fcomments&post=12905"}],"version-history":[{"count":5,"href":"https:\/\/www.rc03-ilbenstadt.de\/index.php?rest_route=\/wp\/v2\/pages\/12905\/revisions"}],"predecessor-version":[{"id":12958,"href":"https:\/\/www.rc03-ilbenstadt.de\/index.php?rest_route=\/wp\/v2\/pages\/12905\/revisions\/12958"}],"wp:attachment":[{"href":"https:\/\/www.rc03-ilbenstadt.de\/index.php?rest_route=%2Fwp%2Fv2%2Fmedia&parent=12905"}],"curies":[{"name":"wp","href":"https:\/\/api.w.org\/{rel}","templated":true}]}}