{"id":13198,"date":"2025-06-03T19:10:33","date_gmt":"2025-06-03T17:10:33","guid":{"rendered":"https:\/\/www.rc03-ilbenstadt.de\/?page_id=13198"},"modified":"2025-06-03T19:14:04","modified_gmt":"2025-06-03T17:14:04","slug":"stadtradeln","status":"publish","type":"page","link":"https:\/\/www.rc03-ilbenstadt.de\/?page_id=13198","title":{"rendered":"Stadtradeln"},"content":{"rendered":"<p>Diese Seite musste eingef\u00fcgt werden, da auf Smartphones f\u00fcr diese Internetseite keine Untermen\u00fcs dargestellt werden.<br \/>\nBekommst Du Untermen\u00fcs angezeigt, so kannst Du schneller \u00fcber diese navigieren.<\/p>\n<ul>\n<li><strong><a href=\"https:\/\/www.rc03-ilbenstadt.de\/?page_id=12976\" target=\"_blank\" rel=\"noopener\">Stadtradeln 2025 &#8211; Allgemeine Informationen<\/a><\/strong><\/li>\n<li><a href=\"https:\/\/www.rc03-ilbenstadt.de\/?page_id=12997\" rel=\"noopener\"><strong>Stadtradeln 2025 &#8211; Streckenangebote und Informationen in Niddatal<\/strong><\/a><\/li>\n<li><a href=\"http:\/\/umap.openstreetmap.fr\/de\/map\/rc03_ilbenstadt_rtf_9_2023-gesamt_947392#12\/50.3820\/9.1171\" target=\"_blank\" rel=\"noopener\"><strong>Stadtradeln 2025 &#8211; Streckenangebote und Informationen in Echzell<\/strong><\/a><\/li>\n<\/ul>\n","protected":false},"excerpt":{"rendered":"<p>Diese Seite musste eingef\u00fcgt werden, da auf Smartphones f\u00fcr diese Internetseite keine Untermen\u00fcs dargestellt werden. Bekommst Du Untermen\u00fcs angezeigt, so kannst Du schneller \u00fcber diese navigieren. Stadtradeln 2025 &#8211; Allgemeine Informationen Stadtradeln 2025 &#8211; Streckenangebote und Informationen in Niddatal Stadtradeln &hellip; <a href=\"https:\/\/www.rc03-ilbenstadt.de\/?page_id=13198\">Weiterlesen <span class=\"meta-nav\">&rarr;<\/span><\/a><\/p>\n","protected":false},"author":9,"featured_media":0,"parent":0,"menu_order":0,"comment_status":"closed","ping_status":"closed","template":"","meta":{"_crdt_document":"","footnotes":""},"class_list":["post-13198","page","type-page","status-publish","hentry"],"_links":{"self":[{"href":"https:\/\/www.rc03-ilbenstadt.de\/index.php?rest_route=\/wp\/v2\/pages\/13198","targetHints":{"allow":["GET"]}}],"collection":[{"href":"https:\/\/www.rc03-ilbenstadt.de\/index.php?rest_route=\/wp\/v2\/pages"}],"about":[{"href":"https:\/\/www.rc03-ilbenstadt.de\/index.php?rest_route=\/wp\/v2\/types\/page"}],"author":[{"embeddable":true,"href":"https:\/\/www.rc03-ilbenstadt.de\/index.php?rest_route=\/wp\/v2\/users\/9"}],"replies":[{"embeddable":true,"href":"https:\/\/www.rc03-ilbenstadt.de\/index.php?rest_route=%2Fwp%2Fv2%2Fcomments&post=13198"}],"version-history":[{"count":3,"href":"https:\/\/www.rc03-ilbenstadt.de\/index.php?rest_route=\/wp\/v2\/pages\/13198\/revisions"}],"predecessor-version":[{"id":13202,"href":"https:\/\/www.rc03-ilbenstadt.de\/index.php?rest_route=\/wp\/v2\/pages\/13198\/revisions\/13202"}],"wp:attachment":[{"href":"https:\/\/www.rc03-ilbenstadt.de\/index.php?rest_route=%2Fwp%2Fv2%2Fmedia&parent=13198"}],"curies":[{"name":"wp","href":"https:\/\/api.w.org\/{rel}","templated":true}]}}