{"id":13389,"date":"2026-03-03T10:24:35","date_gmt":"2026-03-03T09:24:35","guid":{"rendered":"https:\/\/www.rc03-ilbenstadt.de\/?page_id=13389"},"modified":"2026-03-17T11:36:57","modified_gmt":"2026-03-17T10:36:57","slug":"fruehjahrs-radtouren-2026-teilnahmebedingungen","status":"publish","type":"page","link":"https:\/\/www.rc03-ilbenstadt.de\/?page_id=13389","title":{"rendered":"Fr\u00fchjahrs-Radtouren 2026 \u2013 Teilnahmebedingungen"},"content":{"rendered":"<table style=\"border-collapse: collapse; width: 100%;\">\n<tbody>\n<tr>\n<td style=\"width: 49.9281%; vertical-align: top;\">\n<strong>Veranstalter:<\/strong><br \/>\nRadfahrer-Club 1903 Ilbenstadt e.V. Gesch\u00e4ftsstelle: c\/o Hans Sch\u00f6niger, 63694 Limeshain, Steingasse 11<br \/>\n<strong>Durchf\u00fchrung:<\/strong><br \/>\nBei jeder Witterung mit Ausnahme extremer Wetterlagen, die mit Gef\u00e4hrdungen f\u00fcr Leib und Leben<br \/>\nder Sportlerinnen und Sportler einhergehen k\u00f6nnen.<br \/>\n<strong>Start und Ziel:<\/strong><br \/>\nTurnhalle Ilbenstadt, Schulstra\u00dfe 1 (Sportplatz)<br \/>\n<strong>Start<\/strong><br \/>\nSonntag, den 22. M\u00e4rz 2026<br \/>\n&#8211; 07:00 Uhr &#8211; 10:00 Uhr Start zur 116- und zur 134-Kilometer-RTF-Strecke sowie  zum 80-Kilometer-Gravelride<br \/>\n&#8211; 07:00 Uhr &#8211; 11:00 Uhr f\u00fcr alle \u00fcbrigen Strecken<br \/>\n&#8211; 10:00 Uhr Bambinirennen auf dem Hof der Eichendorffschule<\/p>\n<p><span style=\"color: #ff0000;\">Um rechtzeitig zum Kontrollschluss um 16 Uhr wieder im Ziel zu sein, sollte die Streckenwahl insbesondere auf der 134-Kilometer-RTF-Strecke und dem 80-Kilometer-Gravelride sorgf\u00e4ltig getroffen und dem Leistungsstand angemessen sein.<\/span><\/p>\n<p><strong>Siegerehrung:<\/strong><br \/>\nF\u00fcr die platzierten Mannschaften: 13:00 Uhr<br \/>\n<strong>Kontrollschluss:<\/strong> 16:00 Uhr<\/p>\n<p><strong>Anfahrt:<\/strong><br \/>\nAutobahn A5 Frankfurt-Kassel, Abfahrt Friedberg, Rosbach, Ober-W\u00f6llstadt, B 45 bis Niddatal- Ilbenstadt,<br \/>\noder Autobahn A 45 Dortmund-Hanau, Abfahrt Altenstadt, B 521 bis Ortsende, rechts ab Richtung Florstadt (L 3189), dann geradeaus (L 3188) bis Niddatal-Ilbenstadt.<\/p>\n<p><strong>Teilnahme:<\/strong><br \/>\nTeilnehmen k\u00f6nnen neben GC-Mitgliedern mit Breitensportlizenz jede trainierte Radfahrerin\/<br \/>\njeder trainierte Radfahrer. Pedelecs sind ausdr\u00fccklich zugelassen.<br \/>\n<strong>Jugendschutz<\/strong><br \/>\nKinder bis 14 Jahre d\u00fcrfen nur in der Begleitung einer erwachsenen Aufsichtsperson an unseren Radtourenfahrten teilnehmen.<br \/>\n<strong>Das Tragen von R\u00fcckennummern oder sonstigen Kennzeichungen f\u00fcr Teilnehmer- und Teilnehmerinnen ist Pflicht.<\/strong><br \/>\nDie Genehmigungsbeh\u00f6rde fordert eine <span style=\"color: #ff0000;\"><strong>f\u00fcr Dritte wahrnehmbare Kennzeichnung<\/strong><\/span> der Veranstaltungsteilnehmer und -teilnehmerinnen. Dies kann durch R\u00fcckennummern, Veranstalterlogos oder anderen veranstaltungsspezifischen L\u00f6sungen erfolgen.<br \/>\nDie Kennzeichnungen werden am Start ausgegeben und sind unver\u00e4ndert zu tragen.<br \/>\n<strong>Haftung:<\/strong><br \/>\nWir weisen ausdr\u00fccklich darauf hin, dass jeder Teilnehmer nach der Allgemeinen StVO zu fahren hat. Die Versicherung gegen Unfall und Haftpflicht ist Sache des Teilnehmers. Der Veranstalter \u00fcbernimmt keine Haftung. Nachrangig zum eigenen Versicherungsschutz sind Vereinsmitglieder \u00fcber die Sportversicherung des Landessportbundes Hessen abgesichert; Nichtmitglieder sind \u00fcber eine kurzfristige Sportversicherung den Vereinsmitgliedern im Wesentlichen gleichgestellt.<\/p>\n<p><strong>Startgeb\u00fchr RTF und GR (Gravelride):<\/strong><br \/>\n8,00 EUR; 5,00 EUR f\u00fcr Breitensportlizenzinhaber; kostenlos fahren Jugendliche bis zum 18. Lebensjahr.<br \/>\nBei Voranmeldung reduzieren wir die Startgeb\u00fchr jeweils um einen EUR.<br \/>\n<strong>Startgeb\u00fchr Familientour:<\/strong><br \/>\n3 EUR f\u00fcr Einzelstarter, 5 EUR f\u00fcr Paare\/Familien; kostenlos fahren Jugendliche bis zum 18. Lebensjahr.<\/p>\n<p><strong>Anmeldung\/Einschreibung am Starttag:<\/strong><br \/>\nDie Anmeldung \u00fcber die App &#8222;GC Touren&#8220; ist der Regelfall. Teilnehmer ohne Breitensportlizenz bitten wir sich einen Basisaccount in der App einzurichten.<br \/>\nTeilnehmerinnen und Teilnehmer ohne Smartphone wird ein analoges Verfahren angeboten. Dazu ist ein <strong><a href=\"https:\/\/rc03-ilbenstadt.de\/RC03-Formulare\/RC03_RTF_GR_3_2026_AnmeldezettelNeutral.pdf\">Anmeldeformular<\/a><\/strong> auf unserer Homepage eingestellt.<\/p>\n<p><strong>Mannschafts-\/Gruppenmeldungen:<\/strong><br \/>\nVoranmelden erbitten wir mit dem \u00fcblichen Angaben, vorzugsweise per E-Mail, bis zum Ablauf des Donnerstag, dem 19.03.2026.<br \/>\nDie Startunterlagen werden nach Zahlungseingang erstellt und werden am Veranstaltungstag am Start ausgegeben.<\/p>\n<p>Die <strong>Einzahlung des Startgeldes<\/strong> erbitten wir mit genauer Absenderangabe auf das Konto des<br \/>\n\u201eRC 03 Ilbenstadt\u201c bei der Sparkasse Oberhessen, IBAN: DE73 5185 0079 0077 0004 61\n<\/td>\n<td style=\"width: 49.6403%; vertical-align: top;\" scope=\"col\">\n<strong>Mannschaftswertung\/Mannschaftsauszeichnung:<\/strong><br \/>\nZur Teilnahme am Gruppenwettbewerb f\u00fcr BDR- und Privatmannschaften ist eine Voranmeldung erforderlich.<br \/>\nEs werden bis zu 6 Auszeichnungen, je drei f\u00fcr BDR- und Privatmannschaften vergeben.<br \/>\nZur Mannschaftswertung werden nur Fahrerinnen und Fahrer zugelassen, die auch tats\u00e4chlich am Start sind.<\/p>\n<p><strong>Datenschutz:<\/strong><br \/>\nErhobene pers\u00f6nliche Daten werden ausschlie\u00dflich veranstaltungsbezogen verwendet und nicht an Dritte weitergegeben.<br \/>\nAusnahmen betreffen die Ver\u00f6ffentlichung von Vorname, Name und Vereinszugeh\u00f6rigkeit in Presse, sozialen Medien und\/oder der Vereinshomepage.<br \/>\nWenn keine gesetzlichen Aufbewahrungsfristen gelten, werden die Daten nach Ablauf von 6 Monaten nach der Erhebung gel\u00f6scht.<\/p>\n<p><strong>Film und Fotoaufnahmen:<\/strong><br \/>\nW\u00e4hrend der Veranstaltung werden zum Zwecke der \u00d6ffentlichkeitsarbeit Aufnahmen get\u00e4tigt und verarbeitet, die nach Artikel 6, Buchstabe f der Datenschutzgrundverordnung zur Wahrung unserer berechtigten Interessen zul\u00e4ssig sind. Wenn Sie der Meinung sind, dass Ihre Interessen \u00fcberwiegen, sprechen Sie uns an:<\/p>\n<p>Hans Sch\u00f6niger<br \/>\nGesch\u00e4ftsf\u00fchrendes Vorstandsmitglied, Mobiltelefon: 0171 74 21 109<br \/>\nE-Mail: oeffentlichkeitsarbeit@rc03-ilbenstadt.de<\/p>\n<p><strong>Besonderer Hinweis zur Streckenf\u00fchrung:<\/strong><br \/>\nDie Strecke kann durch beh\u00f6rdliche Auflagen, Baustellen oder ge\u00e4nderte Verkehrsf\u00fchrungen vom Plan abweichen. Die \u00c4nderungen werden am Start durch Aushang publiziert. Es gilt die aktuelle Beschilderung der Strecke.<br \/>\n<span style=\"color: #ff0000;\"><strong>Zur Verf\u00fcgung gestellte GPS-Daten werden am 20.03.2026 bis 19:00 Uhr letztmalig aktualisiert.<\/strong><\/span><\/p>\n<p><strong>Servicepunkte (ehemals Kontrollstellen):<\/strong><br \/>\nServicepunkte auf allen Strecken, Getr\u00e4nke und Obst werden so lange der Vorrat reicht, kostenlos abgegeben.<br \/>\nWie jeder Veranstalter bem\u00fchen wir uns um ausreichende Vorr\u00e4te.<\/p>\n<p><strong>Verpflegung am Start und Ziel:<\/strong><br \/>\nImbiss und Getr\u00e4nke, Kaffee und Kuchenbuffet.<\/p>\n<p><strong>Wasch- und Duschgelegenheit in der Turnhalle an Start und Ziel.<\/strong><\/p>\n<p><strong>Ausk\u00fcnfte erteilt:<\/strong><br \/>\nJohannes Contag<br \/>\nTelefon: 0171 9 90 26 18 von 09:00 bis 21:00 Uhr<br \/>\nE-Mail: rtf-fachwart@rc03-ilbenstadt.de<\/p>\n<p><strong>Aktuelle Informationen zur Veranstaltung sind immer auf unserer <a href=\"https:\/\/www.rc03-ilbenstadt.de\/\" target=\"_blank\" rel=\"noopener\">Internetseite<\/a> eingestellt.<\/strong><\/p>\n<p><strong>Mitgeltung:<\/strong><br \/>\nDie Reglements RTF und Gravelride 2024 des Bundes Deutscher Radfahrer gelten mit. Sie k\u00f6nnen am Start und auf der <a href=\"https:\/\/www.rad-net.de\/generalausschreibungen_5.htm\" target=\"_blank\" rel=\"noopener\">Homepage des German Cycling e. V., ehemals Bundes Deutscher Radfahrer<\/a> eingesehen werden.<\/p>\n<p><strong>Achtung!<br \/>\nUnsere RTF-Veranstaltung ist kein Stra\u00dfenrennen!<br \/>\nUnsere GTF (Graveltourenfahrt), unser Gravelride wird nicht als Rennen ausgetragen!<br \/>\nGefahren wird ausschlie\u00dflich nach der StVO in der aktuellen Fassung sowie den Regeln des Naturschutzes.<\/p>\n<p>Wir legen Wert auf einen r\u00fccksichtsvollen Umgang in der Begegnung mit allen erholungssuchenden Mitmenschen,  sowie dem land- und forstwirtschaftlchen Verkehr.<\/strong>\n<\/td>\n<\/tr>\n<tr>\n<td style=\"width: 49.9281%; text-align: center;\" colspan=\"3\"><span style=\"font-size: 32px;\"><strong><span style=\"color: #ff0000;\">Wir bitten zu beachten, dass ein Start nur <\/strong><\/span><\/p>\n<p><span style=\"font-size: 32px;\"><span style=\"color: #ff0000;\"><strong>mit R\u00fcckennummer &#8211; alternativ eine Veranstalterkennzeichnung &#8211; und Helm zugelassen wird!<\/strong><\/span><\/td>\n<\/tr>\n<\/tbody>\n<\/table>\n","protected":false},"excerpt":{"rendered":"<p>Veranstalter: Radfahrer-Club 1903 Ilbenstadt e.V. Gesch\u00e4ftsstelle: c\/o Hans Sch\u00f6niger, 63694 Limeshain, Steingasse 11 Durchf\u00fchrung: Bei jeder Witterung mit Ausnahme extremer Wetterlagen, die mit Gef\u00e4hrdungen f\u00fcr Leib und Leben der Sportlerinnen und Sportler einhergehen k\u00f6nnen. Start und Ziel: Turnhalle Ilbenstadt, Schulstra\u00dfe &hellip; <a href=\"https:\/\/www.rc03-ilbenstadt.de\/?page_id=13389\">Weiterlesen <span class=\"meta-nav\">&rarr;<\/span><\/a><\/p>\n","protected":false},"author":22,"featured_media":0,"parent":0,"menu_order":0,"comment_status":"closed","ping_status":"closed","template":"full-width-page.php","meta":{"_crdt_document":"","footnotes":""},"class_list":["post-13389","page","type-page","status-publish","hentry"],"_links":{"self":[{"href":"https:\/\/www.rc03-ilbenstadt.de\/index.php?rest_route=\/wp\/v2\/pages\/13389","targetHints":{"allow":["GET"]}}],"collection":[{"href":"https:\/\/www.rc03-ilbenstadt.de\/index.php?rest_route=\/wp\/v2\/pages"}],"about":[{"href":"https:\/\/www.rc03-ilbenstadt.de\/index.php?rest_route=\/wp\/v2\/types\/page"}],"author":[{"embeddable":true,"href":"https:\/\/www.rc03-ilbenstadt.de\/index.php?rest_route=\/wp\/v2\/users\/22"}],"replies":[{"embeddable":true,"href":"https:\/\/www.rc03-ilbenstadt.de\/index.php?rest_route=%2Fwp%2Fv2%2Fcomments&post=13389"}],"version-history":[{"count":6,"href":"https:\/\/www.rc03-ilbenstadt.de\/index.php?rest_route=\/wp\/v2\/pages\/13389\/revisions"}],"predecessor-version":[{"id":13476,"href":"https:\/\/www.rc03-ilbenstadt.de\/index.php?rest_route=\/wp\/v2\/pages\/13389\/revisions\/13476"}],"wp:attachment":[{"href":"https:\/\/www.rc03-ilbenstadt.de\/index.php?rest_route=%2Fwp%2Fv2%2Fmedia&parent=13389"}],"curies":[{"name":"wp","href":"https:\/\/api.w.org\/{rel}","templated":true}]}}