{"id":13395,"date":"2026-03-03T10:19:47","date_gmt":"2026-03-03T09:19:47","guid":{"rendered":"https:\/\/www.rc03-ilbenstadt.de\/?page_id=13395"},"modified":"2026-03-20T22:45:45","modified_gmt":"2026-03-20T21:45:45","slug":"fruehjahrs-radtouren-2026-rtf-und-gr-gravelride-strecken","status":"publish","type":"page","link":"https:\/\/www.rc03-ilbenstadt.de\/?page_id=13395","title":{"rendered":"Fr\u00fchjahrs-Radtouren 2026 \u2013 RTF und GR (=Gravelride) \u2013 Strecken"},"content":{"rendered":"<p>Eine Landschaft im best\u00e4ndigen Wandel. Die Wetterau bewegt sich im Wechsel der Jahreszeiten und &#8211; von uns misstrauisch be\u00e4ugt &#8211; des Klimawandels. Sie zeigen uns, was die Stunde geschlagen hat. Nach einem relativ harten Winter regt sich wieder Leben in der Wetterau, die Felder sind bestellt, frisches Gr\u00fcn sprie\u00dft.<br \/>\nFahren wir mit wachem Verstand und offenen Augen durch Wetterau und in die Ausl\u00e4ufer des Vogelsberges. Das spektakul\u00e4re Fr\u00fchjahrserwachen zu verpassen, w\u00e4re str\u00e4flich. Bestes Radfahrwetter haben wir f\u00fcr Euch schon geordert.<\/p>\n<details>\n<summary><span style=\"color: #3366ff;\">Allgemeine Informationen zu den Strecken<\/span><\/summary>\n<ul>\n<li>RTF-Strecken<br \/>\n\tDie Strecken haben wir in die sanften H\u00fcgellandschaft der Wetterau eingebettet, ohne den Blick f\u00fcr die ein oder andere moderate, sportliche Herausforderung zu verlieren. Kleine Fitnesspr\u00fcfungen sind das Salz in der Suppe &#8230;<br \/>\n    W\u00e4hrend die 33-Kilometer-Familientour und die 43-Kilometertour sich weitgehend flach an Einsteiger wenden, weisen die l\u00e4ngeren Touren schon mal die ein oder andere moderate Steigung auf. Wir steigern uns jetzt langsam. Die 116-Kilometertour hat schon moderate H\u00fcgel im Streckenverlauf, gut trainierte Pedaleure werten diese als \u201eBodenwellen\u201c. Auf der 134-Kilometerrunde geht es dann nach Stornfels, dem Solit\u00e4r vor dem Hohen Vogelsberg, schon kr\u00e4ftig zur Sache; \u00fcber 1.227 H\u00f6hemneter sind auf dieser wundersch\u00f6nen Strecke schon eine Hausnummer, die nur ge\u00fcbten Radlerinnen und Radlern empfohlen werden kann.<br \/>\n    Wir w\u00fcnschen unseren Teilnehmern auf den Strecken in der Wetterau und im Vogelsbergausl\u00e4ufer unvergessliche Eindr\u00fccke und eine unfallfreie Fahrt.\n<\/li>\n<li>GR- (=Gravelride) Strecken<br \/>\n\tGraveltouren oder besser Gravelrides (GR) waren 2024 erstmals mit eigener Veranstaltungsnummer unter dem Dach des BDR, heute German Cycling (GC) im Programm. Sie tauchen in der App &#8222;GC-Touren&#8220; (Insbesondere f\u00fcr Inhaber eines Basis-Accounts oder einer GC-Breitensportlizenz sichtbar) auf und die Kilometer werden Euch zur Wertung mit dem Faktor 1,5 eingetragen.<br \/>\n    Die Anteile der Wegstrecken mit wassergebundener Decke sowie Erde- und Graswege sind gegen\u00fcber den Fr\u00fchjahrsstrecken erh\u00f6ht. Ansonsten ist Schotter immer im Spiel, wenn auch oft versteckt unter Asphalt- und Betondecken im Unterbau der Wege. Dieses Ph\u00e4nomen tritt selbst im Wald bei wassergebunden Decken auf, deren feine Oberschicht mit einem Geovlies vom Schotter getrennt wird.<br \/>\n    Wir freuen uns, mit diesen naturnahen Strecken ein attraktives Angebot an die Gravelszene im Programm zu haben.<br \/>\n    Die Strecken selbst sind inmitten unserer RTF-Strecken angelegt; Servicepunkte in Glauberg und Melbach werden gemeinsam von RTF-Fahrerinnen und Fahrern sowie von Gravelj\u00fcngerinnen und -j\u00fcngern genutzt. Wird die 80-Kilometerstrecke hinter Blofeld in Richtung Bingenheim verlassen, offenbarte sich nicht nur am Basaltwerk Bingenheim ein &#8222;\u00fcberw\u00e4ltigender&#8220; Ausblick auf einen der gr\u00f6\u00dften Schotterproduzenten im weiten Rund sondern auch ein wunderbarer Fernblick.<br \/>\n    Mit flachem Terrain, Bodenwellen, einschlie\u00dflich gelegentlicher Fitnesspr\u00fcfungen, ist auch das Gel\u00e4uf f\u00fcr unsere Graveltouren gut beschrieben.<br \/>\n    Wir w\u00fcnschen viel Freude, ein tolles Naturerleben und eine unfallfreie Fahrt.\n<\/li>\n<li>Familientour(en)<br \/>\nUnsere Familientour solltein diesem Jahr mit neuer Streckenf\u00fchrung angeboten werden. Doch sind wir am Schwierigkeitsgrad einer m\u00f6glichen Neustrecke und an der ein oder anderen problematischen Verkehrsf\u00fchrung, die wir Familien mit Kindern nicht zumuten m\u00f6chten, bislang gescheitert.<br \/>\nWir steuern nun \u00fcber 33 Kilometer wieder den Sprtplatz in Staden an. Hier ist ein Servicepunkt eingerichtet. Frisch gest\u00e4rkt geht es dann um den Reichelsheimer Flugplatz wieder nach Ilbenstadt zur\u00fcck.<br \/>\nEine k\u00fcrzere Strecke kann nach Nieder-Florstadt gew\u00e4hlt werden. Hier k\u00f6nnen wir keinen Servicepunkt anbieten. Daf\u00fcr gibt es eine Kugel Eis beim Eissalon Jolly.\n<\/li>\n<li>Hinweis:<br \/>\n\tDas Genehmigungsprocedere der Touren durch den Wetteraukreis und Hessen Forst ist noch nicht vollst\u00e4ndig abgeschlossen. Es k\u00f6nnen sich noch \u00c4nderungen an den Strecken ergeben.\n<\/li>\n<\/ul>\n<\/details>\n<details>\n<summary><span style=\"color: #3366ff;\">Allgemeine Informationen zur Nutzung der Portale Komoot und uMap<\/span><\/summary>\n<ul>\n<li>Warum nutzen wir uMap und Komoot parallel?<br \/>\n\tDies sind schlicht individuelle Vorlieben des Autors.<br \/>\n\tDie Streckenplanung wird in www.bikerouter.de vorgenommen, die Pr\u00e4sentation der Strecken auf dem Openstreetmap-Portal &#8222;uMap&#8220;.<br \/>\n\tHier lassen sich die Strecken, sowohl gemeinsam, als auch in der Einzeldarstellung, optimal darstellen und individuell kennzeichnen.<br \/>\n\tNat\u00fcrlich k\u00f6nnen hier auch GPX-Dateien heruntergeladen werden. Dazu muss die gew\u00fcnschte Strecke freigestellt werden, da sonst alle sichtbaren Strecken nebst Beschriftungen in die GPX-Datei gepackt werden.<br \/>\n\tAus diesem Grunde bieten wir die GPX-Dateien barrierefrei als gesonderten Download an. <\/li>\n<li>Freistellung der Strecken auf uMap<br \/>\n\tDie gew\u00fcnschte Tour wird frei gestellt indem die anderen ausgeblendet werden. Versucht das mal am linken Kartenrand, dr\u00fcckt im Men\u00fc  unterhalb des Teilenbuttons auf den &#8222;Kartenstapel&#8220; und blendet die Strecken mit dem Augensymbol ein oder aus. Die Zentrierung der Strecken kann \u00fcber die Wahl einer h\u00f6heren Zoomstufe (Mouserad!) tempor\u00e4r aufgehoben werden.<br \/>\n\tEinfacher und schneller geht es, wenn Ihr unser Downloadangebot nutzt.<\/li>\n<\/ul>\n<\/details>\n<details>\n<summary><span style=\"color: #3366ff;\">Zu den Strecken (Kartendarstellungen und GPX-Dateien):<\/span><\/summary>\n<ul>\n<li><strong><a href=\"https:\/\/www.komoot.com\/de-de\/collection\/4071675\/-fruehjahrsradtouren-2026-rtf-und-gravelride-strecken\" target=\"_blank\" rel=\"noopener\">Die Komoot Collection 2026 f\u00fcr alle RTF und GR-Fr\u00fchjahrsstrecken<\/a><\/strong><\/a><\/li>\n<li><strong><a href=\"https:\/\/umap.openstreetmap.de\/de\/map\/rc03_ilbenstadt_rtf_gr_3_2026_gesamt_126910#12\/50.384344\/8.918818\" target=\"_blank\" rel=\"noopener\">uMap &#8211; Gesamtdarstellung aller RTF- und Gravelride- (GR-)-Strecken<\/strong><\/a> <\/li>\n<li><strong><a href=\"https:\/\/umap.openstreetmap.de\/de\/map\/rc03_ilbenstadt_rtf_3_2026_gesamt_126953#12\/50.384344\/8.921393\" target=\"_blank\" rel=\"noopener\">uMap &#8211; Gesamtdarstellung aller RTF-Strecken<\/strong><\/a> <\/li>\n<li><strong><a href=\"https:\/\/umap.openstreetmap.de\/de\/map\/rc03_ilbenstadt_rtf_3_2026_familientour_alt00_alt0_126961#14\/50.306857\/8.855066\" target=\"_blank\" rel=\"noopener\">uMap &#8211; Gesamtdarstellung unserer Familientour(en)<\/strong><\/a> <\/li>\n<li><strong><a href=\"https:\/\/umap.openstreetmap.de\/de\/map\/rc03_ilbenstadt_gr_3_2026_gesamt_126956#13\/50.335155\/8.888039\" target=\"_blank\" rel=\"noopener\">uMap &#8211; Gesamtdarstellung aller Gravelrides<\/strong><\/a> <\/li>\n<\/ul>\n<ul>\n<li><strong>Download der GPX-Dateien f\u00fcr das Navigationsger\u00e4t:<\/strong><\/li>\n<li><strong><a href=\"https:\/\/rc03-ilbenstadt.de\/GPX\/GPX-RTF\/RC03_Ilbenstadt_RTF_3_2026_33km_Familientour_ALT00.gpx\" target=\"_blank\" rel=\"noopener\">33 (32,5)-Kilometerstrecke (Familientour)\/55 Hm<\/a><\/strong> <\/li>\n<li><strong><a href=\"https:\/\/rc03-ilbenstadt.de\/GPX\/GPX-RTF\/RC03_Ilbenstadt_RTF_3_2026_20km_Familientour_ALT00a.gpx\" target=\"_blank\" rel=\"noopener\">20 (19,7)-Kilometerstrecke (Kurze Familientour)\/38 Hm<\/a><\/strong> <\/li>\n<li><strong><a href=\"https:\/\/rc03-ilbenstadt.de\/GPX\/GPX-RTF\/RC03_Ilbenstadt_RTF_3_2026_43km.gpx\" target=\"_blank\" rel=\"noopener\">43 (42,7)-Kilometerstrecke\/284 Hm<\/a><\/strong> <\/li>\n<li><strong><a href=\"https:\/\/rc03-ilbenstadt.de\/GPX\/GPX-RTF\/RC03_Ilbenstadt_RTF_3_2026_73km.gpx\" target=\"_blank\" rel=\"noopener\">73 (73,1)-Kilometerstrecke\/ 627 Hm<\/a><\/strong> <\/li>\n<li><strong><a href=\"https:\/\/rc03-ilbenstadt.de\/GPX\/GPX-RTF\/RC03_Ilbenstadt_RTF_3_2026_116km.gpx\" target=\"_blank\" rel=\"noopener\">116 (115,0)-Kilometerstrecke\/944 Hm<\/a><\/strong> <\/li>\n<li><strong><a href=\"https:\/\/rc03-ilbenstadt.de\/GPX\/GPX-RTF\/RC03_Ilbenstadt_RTF_3_2026_134km.gpx\" target=\"_blank\" rel=\"noopener\">134 (133,6)-Kilometerstrecke\/1227 Hm<\/a><\/strong> <\/li>\n<\/ul>\n<ul>\n<li><strong><a href=\"https:\/\/umap.openstreetmap.de\/de\/map\/rc03_ilbenstadt_gr_3_2026_gesamt_126956#13\/50.350883\/8.913345\" target=\"_blank\" rel=\"noopener\">uMap &#8211; Gesamtdarstellung aller GR-Strecken (Gravelrides)<\/strong>\n  <\/ul>\n<ul>\n<li><strong>Download der GPX-Dateien f\u00fcr das Navigationsger\u00e4t:<\/strong><\/li>\n<li><strong><a href=\"https:\/\/rc03-ilbenstadt.de\/GPX\/GPX-GTF\/RC03_Ilbenstadt_GR_3_2026_50km.gpx\" target=\"_blank\" rel=\"noopener\">50 (49,5)-Kilometerstrecke\/611 Hm<\/a><\/strong> <\/li>\n<li><strong><a href=\"https:\/\/rc03-ilbenstadt.de\/GPX\/GPX-GTF\/RC03_Ilbenstadt_GR_3_2026_80km.gpx\" target=\"_blank\" rel=\"noopener\">80 (80,1)-Kilometerstrecke\/880 Hm<\/a><\/strong> <\/li>\n<\/ul>\n<\/details>\n<li>&nbsp;<\/li>\n<p>\t<strong><span style=\"color: #ff0000;\">Hinweis:<br \/>\n\tAuf die bisher ausf\u00fchrliche, offene Darstellung der Strecken, unterst\u00fctzt mit Vorschauen, wurde verzichtet.<br \/>\n\tDer Klick auf die Zeile &#8222;Zu den Strecken&#8220; \u00f6ffnet die Strecken\u00fcbersicht, die nun einzeln ge\u00f6ffnet werden k\u00f6nnen. Die Information ist nur zwei Mouseclicks entfernt &#8230;<br \/>\n\tDer Trend geht zur Internetnutzung \u00fcber Smartphones. Aus diesem Nutzerkreis h\u00e4uften sich die Beschwerden, dass die bisherigen Darstellungen un\u00fcbersichtlich seien. An weiterer Informationsverdichtung arbeiten wir.<\/span><\/strong><\/p>\n","protected":false},"excerpt":{"rendered":"<p>Eine Landschaft im best\u00e4ndigen Wandel. Die Wetterau bewegt sich im Wechsel der Jahreszeiten und &#8211; von uns misstrauisch be\u00e4ugt &#8211; des Klimawandels. Sie zeigen uns, was die Stunde geschlagen hat. Nach einem relativ harten Winter regt sich wieder Leben in &hellip; <a href=\"https:\/\/www.rc03-ilbenstadt.de\/?page_id=13395\">Weiterlesen <span class=\"meta-nav\">&rarr;<\/span><\/a><\/p>\n","protected":false},"author":22,"featured_media":0,"parent":0,"menu_order":0,"comment_status":"closed","ping_status":"closed","template":"","meta":{"_crdt_document":"","footnotes":""},"class_list":["post-13395","page","type-page","status-publish","hentry"],"_links":{"self":[{"href":"https:\/\/www.rc03-ilbenstadt.de\/index.php?rest_route=\/wp\/v2\/pages\/13395","targetHints":{"allow":["GET"]}}],"collection":[{"href":"https:\/\/www.rc03-ilbenstadt.de\/index.php?rest_route=\/wp\/v2\/pages"}],"about":[{"href":"https:\/\/www.rc03-ilbenstadt.de\/index.php?rest_route=\/wp\/v2\/types\/page"}],"author":[{"embeddable":true,"href":"https:\/\/www.rc03-ilbenstadt.de\/index.php?rest_route=\/wp\/v2\/users\/22"}],"replies":[{"embeddable":true,"href":"https:\/\/www.rc03-ilbenstadt.de\/index.php?rest_route=%2Fwp%2Fv2%2Fcomments&post=13395"}],"version-history":[{"count":5,"href":"https:\/\/www.rc03-ilbenstadt.de\/index.php?rest_route=\/wp\/v2\/pages\/13395\/revisions"}],"predecessor-version":[{"id":13488,"href":"https:\/\/www.rc03-ilbenstadt.de\/index.php?rest_route=\/wp\/v2\/pages\/13395\/revisions\/13488"}],"wp:attachment":[{"href":"https:\/\/www.rc03-ilbenstadt.de\/index.php?rest_route=%2Fwp%2Fv2%2Fmedia&parent=13395"}],"curies":[{"name":"wp","href":"https:\/\/api.w.org\/{rel}","templated":true}]}}