{"id":13415,"date":"2026-03-03T12:26:46","date_gmt":"2026-03-03T11:26:46","guid":{"rendered":"https:\/\/www.rc03-ilbenstadt.de\/?page_id=13415"},"modified":"2026-03-17T11:24:29","modified_gmt":"2026-03-17T10:24:29","slug":"fruehjahrs-radtouren-2026-rtf-und-gr-gravelride-ausschreibung","status":"publish","type":"page","link":"https:\/\/www.rc03-ilbenstadt.de\/?page_id=13415","title":{"rendered":"Fr\u00fchjahrs-Radtouren 2026 \u2013 RTF und GR (=Gravelride) \u2013 Ausschreibung"},"content":{"rendered":"<p><span style=\"color: #ff0000;\"><strong>ACHTUNG!<br \/>\nWenn erforderlich erfolgt die letzte Aktualisierung der Dateien am Freitag, den 20. M\u00e4rz 2026 bis 19:00 Uhr <\/strong><\/span><\/p>\n<p>Zum 50. Mal veranstalten wir das Radtourenfahren in der Wetterau bis hin in den Vogelsberg. Dann erweiterte sich das Portfolio &#8211; so lange ist das noch nicht her &#8211; mit dem Einstieg in das CTF-Geschehen und jetzt seit einigen Jahren sind wir auf des Gravels Spuren. Nun, das Marketing hat den Anreiz mit &#8222;neuen&#8220; Zweiradtypen gesetzt. Machen wir uns nichts vor, denn es macht auch Spa\u00df, wobei dem ein oder anderen insbesondere der Umstieg vom Rennrad oder gar dem Querfeldein-Rad zum Gravelbike gut gelang, erweiterte dies die sportlichen T\u00e4tigkeitsfelder.<br \/>\nAber zur\u00fcck zu unseren Fr\u00fchjahrstouren: Die RTF &#8222;Rund um Ilbenstadt&#8220; ruft wieder mit f\u00fcnf Strecken von 33 bis hin zu 134 Kilometern. Gravelianer werden mit 50- und 80-Kilometerstrecken auf den &#8222;Wetterauer Schottertouren&#8220; bedient, w\u00e4hrend Familien und Freizeitradler l\u00e4ngs der Nidda wenig Verkehr, Ruhe aber auch Geselligkeit finden. Abgerundet wird der bunte Tourenstrau\u00df durch ein Bambinirennen auf dem Hof der Eichendorffschule.<\/p>\n<p>Nebenbei:<br \/>\nDer Bund Deutscher Radfahrer hat sich in German Cycling e. V. umbenannt. Toll, diese Sprachenvielfalt! Da wird internationales Flair in die hintersten Vereinsecken ziehen.<\/p>\n<p>Wir laden herzlich in die tollen Landschaften der Wetterau und des Vogelsberges ein.<br \/>\nDamit das Ganze in geordneten Bahnen verl\u00e4uft, folgt nun die Ausschreibung:<\/p>\n<p>Die Strecke(n) k\u00f6nnen noch variieren; die Genehmigungen der Stra\u00dfenverkehrs- und Naturschutzbeh\u00f6rden sowie Hessen Forst stehen noch aus.<\/p>\n<table class=\" aligncenter\">\n<tbody>\n<tr>\n<td style=\"text-align: left; vertical-align: middle;\" scope=\"col\"><span style=\"color: #ff0000;\"><strong>NEU<br \/>App &#8222;BDR Touren&#8220;<br \/><\/strong><\/span><br \/>\n<a href=\"https:\/\/www.rc03-ilbenstadt.de\/wp-content\/uploads\/2024\/01\/BDR_Touren_App_Symbol.jpg\" target=\"_blank\"  rel=\"lightbox[13415] noopener\"><img loading=\"lazy\" decoding=\"async\" class=\"aligncenter wp-image-12008 size-thumbnail\" src=\"https:\/\/www.rc03-ilbenstadt.de\/wp-content\/uploads\/2024\/01\/BDR_Touren_App_Symbol.jpg\" alt=\"\" width=\"150\" height=\"150\" \/><\/a><\/td>\n<td style=\"text-align: left; vertical-align: middle;\"><strong>Wir setzen zur Abwicklung unserer Veranstaltung die App &#8222;GC Touren&#8220; ein.<\/strong><br \/>\nNat\u00fcrlich k\u00f6nnen wir nach wie vor bew\u00e4hrte, aber mit einem langsameren Procedere verbundene Zettelwirtschaft f\u00fcr Deine Registrierung, Deine Startunterlagen und letztlich f\u00fcr die Auswertung einsetzen. Wir bevorzugen jedoch ein schnelles, ein digitales Verfahren \u00fcber die App &#8222;GC Touren&#8220;. Neben Deiner umfassenden Information rund um den Breitenradsport erfolgt die Registrierung zur RTF inklusive der Auswertung \u00fcber das Ein- und Auschecken mittels Deines QR-Codes, der von der App auf Deinem Smartphon generiert wird und der Dich durch die gesamte Radsportsaison begleitet. Lass Dich \u00fcberzeugen.<br \/>\nLade die App aus dem Google Play Store oder aus dem Appel App Store und auf geht es. Schon der Basisaccount \u00f6ffnet Dir den schnellen Zugang zu RTF, CTF oder dem Gravelride. Als Mitglied eines GC-Vereines erweitert sich die Funktionalit\u00e4t der App, bietet Dir zum Beispiel umfangreiche Auswertem\u00f6glichkeiten und sichert Dir einen Startgeldvorteil. Mehr Informationen findest Du im <a href=\"https:\/\/static.rad-net.de\/html\/disziplinen\/breitensport\/files\/app_flyer_25.pdf\" rel=\"noopener\"><strong>Flyer zur App &#8222;GC Touren&#8220;<\/strong><\/a>.<br \/>\nNoch keine App &#8222;GC Touren&#8220;? Dann erfolgt Anmeldung und Registrierung \u00fcber einen <a href=\"ttps:\/\/rc03-ilbenstadt.de\/RC03-Formulare\/RC03_RTF_GR_3_2026_AnmeldezettelNeutral.pdf\" rel=\"noopener\"><strong>Anmeldezettel<\/strong><\/a>. Diesen bitte ausgef\u00fcllt zum Start mitbringen.<\/p>\n<p>Erg\u00e4nzend zur digitalen Registrierung erh\u00e4ltst Du von uns eine Startkarte mit detailliertem Streckenverlauf &#8211; das Technikversagen verliert seinen Schrecken! &#8211; und eine verpflichtend zu tragende R\u00fcckennummer oder ein Armb\u00e4ndchen (Auflage der Genehmigungsbeh\u00f6rde). Zur Befestigung der R\u00fcckennummer halten wir Sicherheitsnadeln vor, besser geht es jedoch mit Hosentr\u00e4gerklammern oder einem Startband. Das Armb\u00e4ndchen wird es am Veranstaltungstag sein, damit Au\u00dfenstehede von weitem erkennen k\u00f6nnen, dass Du an unserer Radsportveranstaltung teilnimmst.<\/p>\n<p><strong>Wir freuen uns auf Dich!<\/strong><\/td>\n<\/tr>\n<tr>\n<td>Start:<\/td>\n<td><strong>Sonntag, den 22. M\u00e4rz 2026<br \/>\n&#8211; 07:00 Uhr &#8211; 10:00 Uhr Start der 116 und 134-Kilometer-RTF-Strecken<br \/>\n&#8211; und zum 80 km Gravelride<br \/>\n&#8211; 07:00 Uhr &#8211; 11:00 Uhr f\u00fcr alle \u00fcbrigen Strecken<br \/>\n&#8211; ab 10:00 Uhr Bambinirennen auf dem Hof der Eichendorffschule<\/strong><br \/>\n<span style=\"color: #ff0000;\">Um rechtzeitig zum Kontrollschluss um 16 Uhr wieder im Ziel zu sein, sollte die Streckenwahl Eurem Leistungsverm\u00f6gen entsprechend getroffen werden.<\/span><\/td>\n<\/tr>\n<tr>\n<td>Startort:<\/td>\n<td><strong>Turnhalle Ilbenstadt (Sportplatz)<br \/>\nSchulstra\u00dfe 1, 61194 Niddatal-Ilbenstadt<\/strong><\/td>\n<\/tr>\n<tr>\n<td><strong>Startgeb\u00fchr RTF und GR (Gravelride):<\/strong><\/td>\n<td>8,00 EUR; 5,00 EUR f\u00fcr Breitensportlizenzinhaber; kostenlos fahren Jugendliche bis zum 18. Lebensjahr.<br \/>\nBei Voranmeldung reduzieren wir die Startgeb\u00fchr jeweils um einen EUR.<\/td\/\n<\/tr>\n<tr>\n<td><strong>Startgeb\u00fchr Familientour:<\/strong><\/td>\n<td>3 EUR f\u00fcr Einzelstarter, 5 EUR f\u00fcr Paare\/Familien; kostenlos fahren Jugendliche bis zum 18. Lebensjahr.<\/td>\n<\/tr>\n<tr>\n<td>Voranmeldungen<\/td>\n<td>Auf vielfachen Wunsch nehmen wir wie bisher auch Gruppen- und Vereinsvoranmeldungen entgegen.<br \/>\nDie Einzahlung des Startgeldes erbitten wir mit genauer Absenderangabe auf das Konto des &#8222;RC 03 Ilbenstadt&#8220; bei der Sparkasse Oberhessen<br \/>\n<strong>IBAN: DE73 5185 0079 0077 0004 61, BIC: HELADEF1FRI<\/strong><\/td>\n<\/tr>\n<tr>\n<td>Sternfahrten<\/td>\n<td>sind zugelassen. Laut <a href=\"https:\/\/static.rad-net.de\/html\/verwaltung\/reglements\/reg-rtf_2026.pdf\" target=\"_blank\" rel=\"noopener\">Reglement RTF 2026<\/a> ist eine Strecke des Veranstalters zu absolvieren. Wir halten an unseren Servicepunkten Startkarten und R\u00fcckennummern vor. Bitte das Startgeld passend bereithalten.<br \/>\nDas Reglement f\u00fcr Gravelrides 2026 kennt keine Sternfahrten.<\/td>\n<\/tr>\n<tr>\n<td>Strecken:<\/td>\n<td>Ausgeschilderte RTF-Strecken \u00fcber 33 km, 43 km, 73 km, 116 km und 134 km.<\/p>\n<p>Alternative zur RTF:<br \/>\n<span style=\"color: #ff0000;\"><strong>GPS-gef\u00fchrte<\/strong><\/span> Gravelstrecken von 50 oder 80 km \u00fcber naturnahe Wege<\/td>\n<p>Alternativen zur RTF:<br \/>\nGPS-gef\u00fchrte Gravelstrecken von 50 oder 80 km \u00fcber naturnahe Wege.<\/strong><\/p>\n<p>Die Strecken haben wir im Internet in den Portalen uMap, eine Openstreetmapanwendung, und Komoot eingestellt:<\/p>\n<p><a href=\"https:\/\/www.rc03-ilbenstadt.de\/?page_id=13395\" rel=\"noopener\"><strong>Zu den RTF- und GTF (Gravel-)-Strecken<\/strong><\/a>\n<\/td>\n<\/tr>\n<tr>\n<td>Auszeichnungen (Gravelteilnehmer werden im RTF-Rahmen mitgewertet):<\/td>\n<td><strong>Bis 3 Auszeichnungen f\u00fcr die gr\u00f6\u00dften BDR-Mannschaften<br \/>\nBis 3 Auszeichnungen f\u00fcr die gr\u00f6\u00dften Privatmannschaften<\/strong><\/td>\n<\/tr>\n<tr>\n<td>Teilnahmebedingungen:<\/td>\n<td><strong><a href=\"https:\/\/www.rc03-ilbenstadt.de\/?page_id=13389\" target=\"_blank\" rel=\"noopener\">Bitte hier klicken \u2026<\/strong><\/a><\/td>\n<\/tr>\n<tr>\n<td>Flyer zu unseren Fr\u00fchjahrsradtouren:<\/td>\n<td>\n<strong>Flyer wurden 2026 nicht gedruckt, da die Nachfrage fehlt.<br \/>\n<strong>Hier unser <a href=\"https:\/\/rc03-ilbenstadt.de\/RC03_Flyer\/RC03_Ilbenstadt_RTF_GR_3_2026_Flyer_V04_opt.pdf\" target=\"_blank\" rel=\"noopener\"> Flyer zum Download<\/strong><\/a>.\n<\/td>\n<\/tr>\n<\/tbody>\n<\/table>\n<p><strong>Tourenkontrollfahrt f\u00fcr das Deutsche Radsportabzeichen!<\/strong><br \/>\nWenn Du das Deutsche Radsportabzeichen (DRA) erwerben m\u00f6chtest und dich am Start meldest, k\u00f6nnen wir Dir die gefahrene Zeit bescheinigen. Du kannst im Laufe des Jahres 2026 f\u00fcr das Radsportabzeichen auch beim RC03-Ilbenstadt trainieren. Unsere Pr\u00fcfer werden Deine Leistung abnehmen.<br \/>\nN\u00e4here Informationen zum DRA findest Du auf der Internetseite des <a href=\"https:\/\/germancycling-trainer.club\/deutsches-radsportabzeichen-dra\/\" target=\"_blank\" rel=\"noopener\"><strong>German Cycling Trainer Clubs<\/strong><\/a><br \/>\nSprich uns an, wir helfen weiter!<\/p>\n<p>Dazu stellen wir ein Voranmeldeformular zur Verf\u00fcgung, das bis zum Ablauf des Donnerstag, dem 19.03.2026 bei uns eingegangen sein muss.<br \/>\n<strong><a href=\"https:\/\/rc03-ilbenstadt.de\/RC03-Formulare\/RC03_RTF_GR_3_2026_Voranmeldung_Vorlage.xlsx\">Download des Voranmeldeformulares (MS-Excel-Format) <\/a><br \/>\n<strong><a href=\"https:\/\/rc03-ilbenstadt.de\/RC03-Formulare\/RC03_RTF_GR_3_2026_Voranmeldung_Vorlage.ods\">Download des Voranmeldeformulares (LibreOffice-Calc-Format) <\/a><\/strong><\/p>\n","protected":false},"excerpt":{"rendered":"<p>ACHTUNG! Wenn erforderlich erfolgt die letzte Aktualisierung der Dateien am Freitag, den 20. M\u00e4rz 2026 bis 19:00 Uhr Zum 50. Mal veranstalten wir das Radtourenfahren in der Wetterau bis hin in den Vogelsberg. Dann erweiterte sich das Portfolio &#8211; so &hellip; <a href=\"https:\/\/www.rc03-ilbenstadt.de\/?page_id=13415\">Weiterlesen <span class=\"meta-nav\">&rarr;<\/span><\/a><\/p>\n","protected":false},"author":22,"featured_media":0,"parent":0,"menu_order":0,"comment_status":"closed","ping_status":"closed","template":"","meta":{"_crdt_document":"","footnotes":""},"class_list":["post-13415","page","type-page","status-publish","hentry"],"_links":{"self":[{"href":"https:\/\/www.rc03-ilbenstadt.de\/index.php?rest_route=\/wp\/v2\/pages\/13415","targetHints":{"allow":["GET"]}}],"collection":[{"href":"https:\/\/www.rc03-ilbenstadt.de\/index.php?rest_route=\/wp\/v2\/pages"}],"about":[{"href":"https:\/\/www.rc03-ilbenstadt.de\/index.php?rest_route=\/wp\/v2\/types\/page"}],"author":[{"embeddable":true,"href":"https:\/\/www.rc03-ilbenstadt.de\/index.php?rest_route=\/wp\/v2\/users\/22"}],"replies":[{"embeddable":true,"href":"https:\/\/www.rc03-ilbenstadt.de\/index.php?rest_route=%2Fwp%2Fv2%2Fcomments&post=13415"}],"version-history":[{"count":6,"href":"https:\/\/www.rc03-ilbenstadt.de\/index.php?rest_route=\/wp\/v2\/pages\/13415\/revisions"}],"predecessor-version":[{"id":13477,"href":"https:\/\/www.rc03-ilbenstadt.de\/index.php?rest_route=\/wp\/v2\/pages\/13415\/revisions\/13477"}],"wp:attachment":[{"href":"https:\/\/www.rc03-ilbenstadt.de\/index.php?rest_route=%2Fwp%2Fv2%2Fmedia&parent=13415"}],"curies":[{"name":"wp","href":"https:\/\/api.w.org\/{rel}","templated":true}]}}