{"id":7353,"date":"2019-02-04T21:57:34","date_gmt":"2019-02-04T20:57:34","guid":{"rendered":"https:\/\/www.rc03-ilbenstadt.de\/?page_id=7353"},"modified":"2019-03-21T19:14:09","modified_gmt":"2019-03-21T18:14:09","slug":"42-fruehjahrs-rtf-2019rund-um-ilbenstadt","status":"publish","type":"page","link":"https:\/\/www.rc03-ilbenstadt.de\/?page_id=7353","title":{"rendered":"42. Fr\u00fchjahrs-RTF 2019<br>&#8222;Rund um Ilbenstadt&#8220;"},"content":{"rendered":"<p>Die moderaten Fr\u00fchjahrstouren in der sanften H\u00fcgellandschaft der Wetterau gespickt mit kleinen kleinen Fitnesspr\u00fcfungen, so muss zum Beispiel der Besuch beim Keltenf\u00fcrsten auf dem Glauberg &#8222;erarbeitet&#8220; werden.<\/p>\n<p><strong>Neue Streckenf\u00fchrungen auf der <\/strong><strong>78- und der 112-Kilometertour!<\/strong><br \/>\nDie Strecken k\u00f6nnen noch variieren; die Genehmigung der Stra\u00dfenverkehrsbeh\u00f6rde steht noch aus.<\/p>\n<table class=\" aligncenter\">\n<tbody>\n<tr>\n<td style=\"text-align: center; vertical-align: middle; width: 179px;\" scope=\"col\"><img loading=\"lazy\" decoding=\"async\" class=\"aligncenter wp-image-5187 size-thumbnail\" src=\"https:\/\/www.rc03-ilbenstadt.de\/wp-content\/uploads\/2017\/01\/Button-Jetzt_Anmelden-Fotolia_91018992_S_KC-150x150.jpg\" alt=\"\" width=\"150\" height=\"150\" \/><\/td>\n<td style=\"width: 1045px;\"><strong>Die Onlineanmeldung \u00fcber scan&amp;bike wurde am 21.03.2018 um 19:15 Uhr deaktiviert.<br \/>\nSichere Dir einen Startgeldvorteil von einem EURO und nehme automatisch an der Mannschaftmeldung Deines Vereines\/Deiner Gruppe teil.<\/strong><br \/>\nKurz zum Procedere:<br \/>\nNach der Onlineanmeldung erh\u00e4ltst Du eine Best\u00e4tigungsmail und zeitnah zur RTF\/CTF einen QR-Code, mit dessen Ausdruck zu ohne weitere Verz\u00f6gerung an Start und Ziel Startkarte und &#8211; falls erforderlich &#8211; Deine R\u00fcckennummer erh\u00e4ltst.<br \/>\n<strong>Wir freuen uns auf Dich!<\/strong><\/td>\n<\/tr>\n<tr>\n<td style=\"width: 179px;\">Start:<\/td>\n<td style=\"width: 1045px;\"><strong>Sonntag, den 24. M\u00e4rz 2019, 08.00 Uhr \u2013 10:00 Uhr<\/strong><\/td>\n<\/tr>\n<tr>\n<td style=\"width: 179px;\">Startort:<\/td>\n<td style=\"width: 1045px;\"><strong>Turnhalle Ilbenstadt (Sportplatz)<br \/>\nSchulstra\u00dfe 1, 61194 Niddatal-Ilbenstadt<\/strong><\/td>\n<\/tr>\n<tr>\n<td style=\"width: 179px;\">Strecken:<\/td>\n<td style=\"width: 1045px;\"><strong>44 km, 78 km und 112 km k\u00f6nnen bew\u00e4ltigt werden<\/strong><\/td>\n<\/tr>\n<tr>\n<td style=\"width: 179px;\">Auszeichnungen:<\/td>\n<td style=\"width: 1045px;\"><strong>Bis 3 Auszeichnungen f\u00fcr die gr\u00f6\u00dften BDR-Mannschaften<br \/>\nBis 3 Auszeichnungen f\u00fcr die gr\u00f6\u00dften Privatmannschaften<\/strong><\/td>\n<\/tr>\n<tr>\n<td style=\"width: 179px;\">Unsere Strecken auf www.gpsies.com:<\/td>\n<td style=\"width: 1045px;\">\u00a0 <a href=\"https:\/\/www.gpsies.com\/map.do?fileId=moedudmexpigihqt\" target=\"_blank\" rel=\"noopener noreferrer\"><strong>44-Kilometer-Strecke<\/strong><\/a><br \/>\n<strong>\u00a0 <a href=\"https:\/\/www.gpsies.com\/map.do?fileId=vluactmkhxkriuip\" target=\"_blank\" rel=\"noopener noreferrer\">78-Kilometer-Strecke<\/a><\/strong><br \/>\n<strong><a href=\"https:\/\/www.gpsies.com\/map.do?fileId=bjbjqqbqgajjvhnm\" target=\"_blank\" rel=\"noopener noreferrer\">112-Kilometer-Strecke<\/a><br \/>\n<\/strong><\/td>\n<\/tr>\n<tr>\n<td style=\"width: 179px;\">Streckenskizzen:<\/td>\n<td style=\"width: 1045px;\"><a href=\"https:\/\/www.rc03-ilbenstadt.de\/?page_id=7403\" target=\"_blank\" rel=\"noopener noreferrer\"><strong>Bitte <\/strong><strong>h<\/strong><strong>ier klicken &#8230;<\/strong><\/a><\/td>\n<\/tr>\n<tr>\n<td style=\"width: 179px;\">Streckenplan:<\/td>\n<td style=\"width: 1045px;\"><strong>Bitte hier klicken \u2026\u00a0 (Wird nach beh\u00f6rdlicher Genehmigung eingestellt)<br \/>\n<\/strong><\/td>\n<\/tr>\n<tr>\n<td style=\"width: 179px;\">GPX-Dateien<br \/>\nzum Download<\/td>\n<td style=\"width: 1045px;\"><strong>Die GPX-Daten sind jetzt auf www.gpsies.com verf\u00fcgbar<\/strong><\/td>\n<\/tr>\n<tr>\n<td style=\"width: 179px;\">Teilnahmebedingungen:<\/td>\n<td style=\"width: 1045px;\"><a href=\"https:\/\/www.rc03-ilbenstadt.de\/?page_id=7368\" target=\"_blank\" rel=\"noopener noreferrer\"><strong>Bitte hier klicken \u2026<\/strong><\/a><\/td>\n<\/tr>\n<tr>\n<td style=\"width: 179px;\">Flyer zur Fr\u00fchjahrs-RTF:<\/td>\n<td style=\"width: 1045px;\"><a href=\"https:\/\/www.rc03-ilbenstadt.de\/wp-content\/uploads\/2019\/02\/2019-Fr\u00fchjahrs-RTF-Flyer-004a.pdf\" target=\"_blank\" rel=\"noopener noreferrer\"><strong>Download<\/strong><\/a><\/td>\n<\/tr>\n<\/tbody>\n<\/table>\n<p><strong>Tourenkontrollfahrt f\u00fcr das Deutsche Radsportabzeichen!<\/strong><br \/>\nWenn Du das Deutsche Radsportabzeichen erwerben m\u00f6chten und dich am Start meldest, k\u00f6nnen wir Dir die gefahrene Zeit bescheinigen. Du kannst im Laufe des Jahres 2019 f\u00fcr das Radsportabzeichen auch beim RC03-Ilbenstadt trainieren. Unsere Pr\u00fcfer\u00a0werden Deine Leistung abnehmen.<\/p>\n","protected":false},"excerpt":{"rendered":"<p>Die moderaten Fr\u00fchjahrstouren in der sanften H\u00fcgellandschaft der Wetterau gespickt mit kleinen kleinen Fitnesspr\u00fcfungen, so muss zum Beispiel der Besuch beim Keltenf\u00fcrsten auf dem Glauberg &#8222;erarbeitet&#8220; werden. Neue Streckenf\u00fchrungen auf der 78- und der 112-Kilometertour! Die Strecken k\u00f6nnen noch variieren; &hellip; <a href=\"https:\/\/www.rc03-ilbenstadt.de\/?page_id=7353\">Weiterlesen <span class=\"meta-nav\">&rarr;<\/span><\/a><\/p>\n","protected":false},"author":9,"featured_media":0,"parent":133,"menu_order":0,"comment_status":"closed","ping_status":"closed","template":"","meta":{"_crdt_document":"","footnotes":""},"class_list":["post-7353","page","type-page","status-publish","hentry"],"_links":{"self":[{"href":"https:\/\/www.rc03-ilbenstadt.de\/index.php?rest_route=\/wp\/v2\/pages\/7353","targetHints":{"allow":["GET"]}}],"collection":[{"href":"https:\/\/www.rc03-ilbenstadt.de\/index.php?rest_route=\/wp\/v2\/pages"}],"about":[{"href":"https:\/\/www.rc03-ilbenstadt.de\/index.php?rest_route=\/wp\/v2\/types\/page"}],"author":[{"embeddable":true,"href":"https:\/\/www.rc03-ilbenstadt.de\/index.php?rest_route=\/wp\/v2\/users\/9"}],"replies":[{"embeddable":true,"href":"https:\/\/www.rc03-ilbenstadt.de\/index.php?rest_route=%2Fwp%2Fv2%2Fcomments&post=7353"}],"version-history":[{"count":5,"href":"https:\/\/www.rc03-ilbenstadt.de\/index.php?rest_route=\/wp\/v2\/pages\/7353\/revisions"}],"predecessor-version":[{"id":7357,"href":"https:\/\/www.rc03-ilbenstadt.de\/index.php?rest_route=\/wp\/v2\/pages\/7353\/revisions\/7357"}],"up":[{"embeddable":true,"href":"https:\/\/www.rc03-ilbenstadt.de\/index.php?rest_route=\/wp\/v2\/pages\/133"}],"wp:attachment":[{"href":"https:\/\/www.rc03-ilbenstadt.de\/index.php?rest_route=%2Fwp%2Fv2%2Fmedia&parent=7353"}],"curies":[{"name":"wp","href":"https:\/\/api.w.org\/{rel}","templated":true}]}}