{"id":7368,"date":"2019-02-04T22:44:47","date_gmt":"2019-02-04T21:44:47","guid":{"rendered":"https:\/\/www.rc03-ilbenstadt.de\/?page_id=7368"},"modified":"2019-02-05T08:00:34","modified_gmt":"2019-02-05T07:00:34","slug":"teilnahmebedingungen-rtf-ctf-2019","status":"publish","type":"page","link":"https:\/\/www.rc03-ilbenstadt.de\/?page_id=7368","title":{"rendered":"Teilnahmebedingungen RTF 2019"},"content":{"rendered":"<table class=\" alignleft\">\n<tbody>\n<tr>\n<td style=\"width: 612.7px; vertical-align: top;\" scope=\"col\"><strong>Veranstalter:<\/strong><br \/>\nRadfahrer-Club 1903 Ilbenstadt e.V.<br \/>\nGesch\u00e4ftsstelle: 61194 Niddatal, Wingertstra\u00dfe 28<br \/>\n<strong>Durchf\u00fchrung:<\/strong><br \/>\nBei jeder Witterung mit Ausnahme extremer Wetterlagen, die mit Gef\u00e4hrdungen f\u00fcr Leib und Leben der Sportlerinnen und Sportler einhergehen k\u00f6nnen.<br \/>\n<strong>Start und Ziel:<\/strong><br \/>\nGymnastikhalle Ilbenstadt, Schulstra\u00dfe 1 (Sportplatz)<br \/>\n<strong>Siegerehrung:<\/strong><br \/>\nF\u00fcr die platzierten Mannschaften: 12.30 Uhr<br \/>\nKontrollschluss: 16:00 Uhr<br \/>\n<strong>Anfahrt:<\/strong><br \/>\nAutobahn A5 Frankfurt-Kassel, Abfahrt Friedberg, Rosbach, Ober-W\u00f6llstadt, B 45 bis Niddatal-Ilbenstadt, oder Autobahn A 45 Dortmund-Hanau, Abfahrt Altenstadt, B 521 bis Ortsende, rechts ab Richtung Florstadt (L 3189), dann geradeaus (L 3188) bis Niddatal-Ilbenstadt.<br \/>\n<strong>Teilnahme:<\/strong><br \/>\nTeilnehmen k\u00f6nnen neben BDR-Mitgliedern mit roter Wertungskarte jede trainierte Radfahrerin\/jeder trainierte Radfahrer. Pedelecs sind ausdr\u00fccklich zugelassen. Kinder sind nur in Begleitung Erwachsener zur Teilnahme zugelassen:<br \/>\n<strong>Jahrg\u00e4nge 2005 und 2006 f\u00fcr maximal 3-Punktetouren;<\/strong><br \/>\n<strong>Jahrg\u00e4nge 2007 bis 2010 f\u00fcr maximal 2-Punktetouren.<\/strong><br \/>\n<strong>Das Tragen von R\u00fcckennummern ist Pflicht. Sie sind am Start erh\u00e4ltlich.<br \/><\/strong><br \/>\n<strong>Haftung:<\/strong><br \/>\nWir weisen ausdr\u00fccklich darauf hin, dass jeder Teilnehmer nach der Allgemeinen StVO zu fahren hat. Die Versicherung gegen Unfall und Haftpflicht ist Sache des Teilnehmers. Der Veranstalter \u00fcbernimmt keine Haftung. Nachrangig zum eigenen Versicherungsschutz sind Vereinsmitglieder \u00fcber den Landessportbund Hessen abgesichert; Nichtmitglieder sind \u00fcber eine kurzfristige Sportversicherung den Vereinsmitgliedern im Wesentlichen gleichgestellt.<br \/>\n<strong>Startgeb\u00fchr:<\/strong><br \/>\n7,00 EUR; 5,00 EUR f\u00fcr Wertungskarteninhaber; kostenlos fahren Wertungskarteninhaber mit dem Vermerk &#8222;Sch\u00fcler&#8220; und Kinder ohne Wertungskarte.<\/p>\n<p><strong>Bei Onlinevormeldung und Vereinsvormeldungen wird das Startgeld um\u00a0 1 EUR reduziert.<\/strong><\/p>\n<p><strong>Einzelstarterinnen\/Einzelstarter:<\/strong><br \/>\nOnlinevormeldung und Nachmeldung am Start sind m\u00f6glich. Onlinevormeldungen werden Gruppenmeldungen zugerechnet.<br \/>\n<strong>Gruppenmeldungen\/Gruppenauszeichnungen:<\/strong><br \/>\nZur Teilnahme am Gruppenwettbewerb f\u00fcr BDR- und Privatmannschaften ist eine Onlinevormeldung oder eine Sammelmeldung (scan&amp;bike-Exeldatei) erforderlich.<\/td>\n<td style=\"width: 596.3px; vertical-align: top;\" scope=\"col\">Es werden bis zu 6 Auszeichnungen (je 3 f\u00fcr BDR- und Privatmannschaften) vergeben. Zur Mannschaftswertung werden nur Fahrerinnen und Fahrer zugelassen, die auch tats\u00e4chlich am Start sind.<br \/>\n<strong>Gruppenmeldung (Startgeld):<\/strong><br \/>\nErfolgt durch Einzahlung des Startgeldes mit genauer Absenderangabe auf das Konto des<br \/>\n&#8222;RC 03 Ilbenstadt&#8220;<br \/>\nIBAN: DE73518500790077000461, BIC: HELADEF1FRI<br \/>\nbei der Sparkasse Oberhessen.<br \/>\nDer Einzahlungsschein gilt als Quittung. Bitte Name und Adresse in Druckschrift ausf\u00fchren und kein Bargeld per Post \u00fcbersenden.<br \/>\nMannschaften, deren Startgeb\u00fchr nicht eingegangen ist, haben keinen Anspruch auf die Mannschaftswertung.<\/p>\n<p><strong>Besonderer Hinweis:<\/strong><br \/>\nDie Strecke kann durch beh\u00f6rdliche Auflagen, Baustellen oder ge\u00e4nderte Verkehrsf\u00fchrungen geringf\u00fcgig ge\u00e4ndert werden. Den genauen Streckenplan mit Kontrollpunkten erhalten Sie gesondert am Start, wenn er von dem der Startkarte abweicht.<br \/>\n<strong>Kontrollen:<\/strong><br \/>\nKontrollpunkte auf allen Strecken, Getr\u00e4nke und Obst werden so lange der Vorrat reicht, kostenlos abgegeben. Wie jeder Veranstalter bem\u00fchen wir uns um ausreichende Vorr\u00e4te.<br \/>\n<strong>Verpflegung am Start und Ziel:<\/strong><br \/>\nImbiss und Getr\u00e4nke, Kaffee und Kuchenbuffet.<br \/>\nWasch- und Duschgelegenheit in der Turnhalle am Start.<\/p>\n<p><strong>Ausk\u00fcnfte erteilt:<\/strong><br \/>\nJohannes Contaq<br \/>\nTelefon: 0171 9 90 26 18<br \/>\nvon 09:00 bis 21.00 Uhr<br \/>\nE-Mail: rtf-fachwart@rc03-ilbenstadt.de<br \/>\noder<br \/>\nWilhelm Schr\u00f6der<br \/>\nTelefon: 01523 42 10 315<br \/>\nE-Mail: oeffentlichkeitsarbeit@rc03-ilbenstadt.de<\/p>\n<p>Aktuelle Informationen zur Veranstaltung finden Sie immer auf unserer Internetseite<br \/>\n<strong>www.rc03-ilbenstadt.de<\/strong><\/p>\n<p><strong>Mitgeltung:<\/strong><br \/>\nDie Generalausschreibung (RTF) 2019 des Bundes Deutscher Radfahrer gilt mit. Sie ist am Start einzusehen.<\/p>\n<p><strong>Achtung!<\/strong><br \/>\n<strong>Unsere RTF-Veranstaltung ist kein Stra\u00dfenrennen! Gefahren wird ausschlie\u00dflich nach der StVO in der aktuellen Fassung.<\/strong><\/td>\n<\/tr>\n<tr>\n<td style=\"width: 1215.5px;\" colspan=\"2\">\n<p style=\"text-align: center;\"><strong>Wir bitten zu beachten, dass ein Start nur mit Originalr\u00fcckennummer und Helm zugelassen wird!<\/strong><\/p>\n<\/td>\n<\/tr>\n<\/tbody>\n<\/table>\n<p>&nbsp;<\/p>\n","protected":false},"excerpt":{"rendered":"<p>Veranstalter: Radfahrer-Club 1903 Ilbenstadt e.V. Gesch\u00e4ftsstelle: 61194 Niddatal, Wingertstra\u00dfe 28 Durchf\u00fchrung: Bei jeder Witterung mit Ausnahme extremer Wetterlagen, die mit Gef\u00e4hrdungen f\u00fcr Leib und Leben der Sportlerinnen und Sportler einhergehen k\u00f6nnen. Start und Ziel: Gymnastikhalle Ilbenstadt, Schulstra\u00dfe 1 (Sportplatz) Siegerehrung: &hellip; <a href=\"https:\/\/www.rc03-ilbenstadt.de\/?page_id=7368\">Weiterlesen <span class=\"meta-nav\">&rarr;<\/span><\/a><\/p>\n","protected":false},"author":9,"featured_media":0,"parent":7353,"menu_order":1,"comment_status":"closed","ping_status":"closed","template":"full-width-page.php","meta":{"_crdt_document":"","footnotes":""},"class_list":["post-7368","page","type-page","status-publish","hentry"],"_links":{"self":[{"href":"https:\/\/www.rc03-ilbenstadt.de\/index.php?rest_route=\/wp\/v2\/pages\/7368","targetHints":{"allow":["GET"]}}],"collection":[{"href":"https:\/\/www.rc03-ilbenstadt.de\/index.php?rest_route=\/wp\/v2\/pages"}],"about":[{"href":"https:\/\/www.rc03-ilbenstadt.de\/index.php?rest_route=\/wp\/v2\/types\/page"}],"author":[{"embeddable":true,"href":"https:\/\/www.rc03-ilbenstadt.de\/index.php?rest_route=\/wp\/v2\/users\/9"}],"replies":[{"embeddable":true,"href":"https:\/\/www.rc03-ilbenstadt.de\/index.php?rest_route=%2Fwp%2Fv2%2Fcomments&post=7368"}],"version-history":[{"count":5,"href":"https:\/\/www.rc03-ilbenstadt.de\/index.php?rest_route=\/wp\/v2\/pages\/7368\/revisions"}],"predecessor-version":[{"id":7397,"href":"https:\/\/www.rc03-ilbenstadt.de\/index.php?rest_route=\/wp\/v2\/pages\/7368\/revisions\/7397"}],"up":[{"embeddable":true,"href":"https:\/\/www.rc03-ilbenstadt.de\/index.php?rest_route=\/wp\/v2\/pages\/7353"}],"wp:attachment":[{"href":"https:\/\/www.rc03-ilbenstadt.de\/index.php?rest_route=%2Fwp%2Fv2%2Fmedia&parent=7368"}],"curies":[{"name":"wp","href":"https:\/\/api.w.org\/{rel}","templated":true}]}}