{"id":7403,"date":"2019-02-05T07:54:56","date_gmt":"2019-02-05T06:54:56","guid":{"rendered":"https:\/\/www.rc03-ilbenstadt.de\/?page_id=7403"},"modified":"2019-02-07T21:42:01","modified_gmt":"2019-02-07T20:42:01","slug":"fruehjahrs-rtf-2019-strecken","status":"publish","type":"page","link":"https:\/\/www.rc03-ilbenstadt.de\/?page_id=7403","title":{"rendered":"Fr\u00fchjahrs-RTF 2019 &#8211; Strecken"},"content":{"rendered":"<p><strong>42. Radtourenfahrt (RTF) &#8222;Rund um Ilbenstadt&#8220;<\/strong><br \/>\n<strong>am 24. M\u00e4rz 2019<\/strong><br \/>\nRadtourenkontrollfahrt Formel A<\/p>\n<p>Wir haben die general\u00fcberholten Strecken in der sanften H\u00fcgellandschaft der Wetterau eingebettet. Sie enthalten hier und da kleine Fitnesspr\u00fcfungen, so bei der neuen Kontrollstelle beim Keltenf\u00fcrsten auf dem Glauberg auf der 78- und der 112-Kilometertour beim Keltenf\u00fcrsten auf dem Glauberg. Wir w\u00fcnschen unseren Teilnehmern auf den Strecken in der erwachenden Natur mit dem ersten frischen Gr\u00fcn unvergessliche Eindr\u00fccke und eine unfallfreie Fahrt.<\/p>\n<p>Die Strecken befinden sich noch im beh\u00f6rdlichen Genehmigungsprozess und k\u00f6nnen aufgrund von Auflagen, Baustellen und anderen unvorhergesehenen Ereignissen noch variieren.<\/p>\n<p>\u00dcber den Link, der jeweils \u00fcber der Kartendarstellung neben der kleinen Deutschlandflagge angezeigt wird, kann zu www.gpsies.com gewechselt werden. Dort ist eine gr\u00f6\u00dfere Kartenansicht verf\u00fcgbar.<\/p>\n<p><a href=\"https:\/\/www.gpsies.com\/map.do?fileId=moedudmexpigihqt\" target=\"_blank\" rel=\"noopener\"><strong>Unsere 44-Kilometerstrecke:<\/strong><\/a><br \/>\n<iframe loading=\"lazy\" class=\"gpsies\" src=\"\/\/www.gpsies.com\/mapOnly.do?fileId=moedudmexpigihqt\" width=\"600\" height=\"400\" frameborder=\"0\" marginwidth=\"0\" marginheight=\"0\" scrolling=\"no\"><\/iframe><\/p>\n<p><a href=\"https:\/\/www.gpsies.com\/map.do?fileId=moedudmexpigihqt\" target=\"_blank\" rel=\"noopener\"><strong>Unsere 78-Kilometer-Strecke<\/strong><\/a><br \/>\n<iframe loading=\"lazy\" class=\"gpsies\" src=\"\/\/www.gpsies.com\/mapOnly.do?fileId=vluactmkhxkriuip\" width=\"600\" height=\"400\" frameborder=\"0\" scrolling=\"no\" marginheight=\"0\" marginwidth=\"0\"><\/iframe><\/p>\n<p><a href=\"https:\/\/www.gpsies.com\/map.do?fileId=bjbjqqbqgajjvhnm\" target=\"_blank\" rel=\"noopener\"><strong>Unsere 114-Kilometer-Strecke<\/strong><\/a><br \/>\n<iframe loading=\"lazy\" class=\"gpsies\" src=\"\/\/www.gpsies.com\/mapOnly.do?fileId=bjbjqqbqgajjvhnm\" width=\"600\" height=\"400\" frameborder=\"0\" marginwidth=\"0\" marginheight=\"0\" scrolling=\"no\"><\/iframe><\/p>\n","protected":false},"excerpt":{"rendered":"<p>42. Radtourenfahrt (RTF) &#8222;Rund um Ilbenstadt&#8220; am 24. M\u00e4rz 2019 Radtourenkontrollfahrt Formel A Wir haben die general\u00fcberholten Strecken in der sanften H\u00fcgellandschaft der Wetterau eingebettet. Sie enthalten hier und da kleine Fitnesspr\u00fcfungen, so bei der neuen Kontrollstelle beim Keltenf\u00fcrsten auf &hellip; <a href=\"https:\/\/www.rc03-ilbenstadt.de\/?page_id=7403\">Weiterlesen <span class=\"meta-nav\">&rarr;<\/span><\/a><\/p>\n","protected":false},"author":9,"featured_media":0,"parent":7353,"menu_order":0,"comment_status":"closed","ping_status":"closed","template":"","meta":{"_crdt_document":"","footnotes":""},"class_list":["post-7403","page","type-page","status-publish","hentry"],"_links":{"self":[{"href":"https:\/\/www.rc03-ilbenstadt.de\/index.php?rest_route=\/wp\/v2\/pages\/7403","targetHints":{"allow":["GET"]}}],"collection":[{"href":"https:\/\/www.rc03-ilbenstadt.de\/index.php?rest_route=\/wp\/v2\/pages"}],"about":[{"href":"https:\/\/www.rc03-ilbenstadt.de\/index.php?rest_route=\/wp\/v2\/types\/page"}],"author":[{"embeddable":true,"href":"https:\/\/www.rc03-ilbenstadt.de\/index.php?rest_route=\/wp\/v2\/users\/9"}],"replies":[{"embeddable":true,"href":"https:\/\/www.rc03-ilbenstadt.de\/index.php?rest_route=%2Fwp%2Fv2%2Fcomments&post=7403"}],"version-history":[{"count":5,"href":"https:\/\/www.rc03-ilbenstadt.de\/index.php?rest_route=\/wp\/v2\/pages\/7403\/revisions"}],"predecessor-version":[{"id":7441,"href":"https:\/\/www.rc03-ilbenstadt.de\/index.php?rest_route=\/wp\/v2\/pages\/7403\/revisions\/7441"}],"up":[{"embeddable":true,"href":"https:\/\/www.rc03-ilbenstadt.de\/index.php?rest_route=\/wp\/v2\/pages\/7353"}],"wp:attachment":[{"href":"https:\/\/www.rc03-ilbenstadt.de\/index.php?rest_route=%2Fwp%2Fv2%2Fmedia&parent=7403"}],"curies":[{"name":"wp","href":"https:\/\/api.w.org\/{rel}","templated":true}]}}