{"id":8677,"date":"2020-05-26T02:02:13","date_gmt":"2020-05-26T00:02:13","guid":{"rendered":"https:\/\/www.rc03-ilbenstadt.de\/?page_id=8677"},"modified":"2021-01-16T14:09:13","modified_gmt":"2021-01-16T13:09:13","slug":"corona-2020-radwanderregeln-des-rc-03-ilbenstadt","status":"publish","type":"page","link":"https:\/\/www.rc03-ilbenstadt.de\/?page_id=8677","title":{"rendered":"Corona 2020 &#8211; Regeln des RC 03 Ilbenstadt<br>f\u00fcr das Radwandern und das Radtourenfahren<br><br>Update vom 26. August 2020"},"content":{"rendered":"<p><strong>F\u00fcr Ungeduldige:<\/strong><\/p>\n<ul>\n<li><a href=\"#Vorbemerkungen\">Vorbemerkungen und Regelungsrahmen<\/a><\/li>\n<li><a href=\"#Vorstandsbeschluss\">Regelwerk<\/a><\/li>\n<li><a href=\"#Grundlage\">Grundlage<\/a><\/li>\n<li><a href=\"#Risikogruppe\">Risikogruppe<\/a><\/li>\n<li><a href=\"#Aufhebung\">Gruppengr\u00f6\u00dfen und Abstandsregeln<\/a><\/li>\n<li><a href=\"#Hygieneregeln\">Hygieneregeln<\/a><\/li>\n<li><a href=\"#Teilnehmerliste\">Teilnehmerliste<\/a><\/li>\n<li><a href=\"#Gesetzliche\">Gesetzliche Grundlagen und Verbandsregeln<\/a><\/li>\n<\/ul>\n<p><strong><span style=\"color: #ff0000;\"><a id=\"Vorbemerkungen\"><\/a>Die sukzessiven Lockerungen der Beschr\u00e4nkungen im Lichte des aktuellen Pandemiegeschehens<br \/>\nChance f\u00fcr den Breitenradsport oder eine Fahrt ins Verderben?<\/span><\/strong><\/p>\n<p>Die Kontakt- und Betriebsbeschr\u00e4nkungen zur Eind\u00e4mmung des Coronavirus sind nach einer stringenten Anfangsphase aufgrund der zur\u00fcckgehenden Erkrankungszahlen gelockert worden. So konnten wir ab dem 9. Mai wieder Vereinsangebote machen und \u00fcbten uns im kontaktfreien Radwandern mit den radsportangepassten Mindestabst\u00e4nden. Mitte Juni entfiel in Gruppen bis 10 Sportlerinnen und Sportlern der Mindestabstand. Wir waren jedoch gut beraten, diesen einzuhalten, wenn zur Gruppe Mitglieder hinzustie\u00dfen, die nicht regelm\u00e4\u00dfig an den Ausfahrten teilnahmen. Doch letztlich war dies eine einvernehmliche Entscheidung der aktuellen Gruppe. Ab dem 1. August sind bei sportlichen Veranstaltungen die Kontaktbeschr\u00e4nkungen und die Begrenzung der Teilnehmeranzahl entfallen. Auch Wettkampfsport ist wieder zul\u00e4ssig; setzen wir das mal f\u00fcr unseren wettkampffreien Sport mit dem Radtourenfahren in all seinen Spielarten gleich. Die Freiheit, sich ohne Mindestabstand und offener Gruppengr\u00f6\u00dfe zu bewegen, legen wir eng aus: Sie beginnt mit dem Start und endet mit dem Zieleinlauf. Davor und danach gelten die \u00fcblichen Abstands- und Hygieneregeln; es sind mindestens 1,5 m Abstand zu weiteren Personen einzuhalten.<\/p>\n<p>Nun zur Eingangsfrage, ob dies Chance f\u00fcr den Breitenradsport sein kann oder ob sich die Fahrt ins Verderben abzeichnet. Wenn wir mit den aktuellen Freir\u00e4umen verantwortlich und vern\u00fcnftig umgehen, Coronaleugnern, exzessiven Missachtungen der Gefahrenlage durch unkontrollierbare Zusammenk\u00fcnfte, Risikogebietsurlauben und Absagen an Hygiene- und Abstandsregeln keinen Raum geben, k\u00f6nnte die zarte Pflanze der gemeinsamen Sportaus\u00fcbung aufgehen, die wichtigen pers\u00f6nlichen Kontakte wieder gepflegt werden. In diesem Sinne modifizieren wir die mit <a id=\"Vorstandsbeschluss\"><\/a>Vorstandsbeschluss vom 19. Mai 2020 aufgestellten Regeln:<\/p>\n<ul>\n<li><a id=\"Grundlage\"><\/a>Grundlage unserer Sportaus\u00fcbung ist die <a href=\"https:\/\/www.rv.hessenrecht.hessen.de\/bshe\/document\/jlr-CoronaVKBBeschrVHEpELS\" target=\"_blank\" rel=\"noopener noreferrer\">Corona-Kontakt- und Betriebsbeschr\u00e4nksverordnung (CoKoBeV)<\/a> in der Fassung vom 11. August 2020.<br \/>\nIn <a href=\"https:\/\/www.rv.hessenrecht.hessen.de\/bshe\/document\/jlr-CoronaVKBBeschrVHEV11P2\" target=\"_blank\" rel=\"noopener noreferrer\">\u00a7 2 Absatz 2 Nr. 2 CoKoBeV<\/a> sind die Parameter f\u00fcr den Sportbetrieb beschrieben:<\/p>\n<ul>\n<li>Aufhebung des Abstandsgebotes und der Teilnehmerbegrenzung.<\/li>\n<li>ausschlie\u00dfliche Verwendung pers\u00f6nlicher Sportbekleidung und Hygieneartikel.<\/li>\n<li>Nutzung von Umkleider\u00e4umen und Duschen unter Beachtung des Abstandsgebotes und der RKI-Hygieneregeln.<\/li>\n<li>Zutritt zur Sportst\u00e4tte unter Vermeidung von Warteschlangen.<\/li>\n<li>Risikogruppen ohne besondere Gef\u00e4hrdung beteiligen.<\/li>\n<\/ul>\n<\/li>\n<li>Seid Ihr Angeh\u00f6rige einer <a id=\"Risikogruppe\"><\/a>Risikogruppe?<br \/>\nDazu z\u00e4hlen alle ab dem 50. Lebensjahr. Jedes Lebensjahrzehnt mehr, erh\u00f6ht das Risiko, dass eine COVID-19-Erkrankung einen schweren Verlauf nimmt. Auch Vorerkrankungen am Herzkreislaufsystem, Lungen-, Leber- und Krebserkrankungen sowie jede andere Krankheit, die das Immunsystem schw\u00e4cht, sind risikobehaftet. Dies ist alles auf der Seite des <a href=\"https:\/\/www.rki.de\/DE\/Content\/InfAZ\/N\/Neuartiges_Coronavirus\/Steckbrief.html#doc13776792bodyText4\" target=\"_blank\" rel=\"noopener noreferrer\">Robert-Koch-Institutes<\/a> nachzulesen.<br \/>\nWenn Ihr Euch f\u00fcr die Radwanderung oder eine Radtourenfahrt entscheidet, freuen wir uns, haben aber auch Verst\u00e4ndnis, wenn Ihr die Tour alleine unter die R\u00e4der nehmt. Gerne unterst\u00fctzen wir Euch bei Vorbereitung und Durchf\u00fchrung.<\/li>\n<li>Trotz <a id=\"Aufhebung\"><\/a>Aufhebung des Abstandsgebotes und Wegfall der Teilnehmerbegrenzung werden flexibel Gruppengr\u00f6\u00dfen mit und ohne Abstandsregelungen nicht grenzenlos verantwortlich gehandhabt:\n<ul>\n<li>Die Gruppengr\u00f6\u00dfe wird grunds\u00e4tzlich auf 10 Teilnehmer begrenzt.<br \/>\nDies erm\u00f6glicht im \u00f6ffentlichen Stra\u00dfenverkehr schnelleren Verkehrsteilnehmern \u00dcberholvorg\u00e4nge sicher gestalten zu k\u00f6nnen.<\/li>\n<li>Wird die Gruppengr\u00f6\u00dfe signifikant \u00fcberschritten, soll eine zweite Gruppe gebildet werden, die mit ausreichendem Abstand der vorausfahrenden Gruppe folgt.<br \/>\nAlternativ k\u00f6nnen Verbandsrechte nach \u00a7 27 StVO wahrgenommen und in Doppelreihe gefahren werden. Die Gruppenabst\u00e4nde sind zu halten.<\/li>\n<li>Ob mit oder ohne Abstandsregelung gefahren wird, ist <strong>einvernehmlich<\/strong> in der Gruppe zu regeln:\n<ul>\n<li>Fahren die Gruppenmitglieder regelm\u00e4\u00dfig zusammen, kann eher auf die Abstandsregeln verzichtet werden.<\/li>\n<li>Zuf\u00e4llig gebildete Gruppen sind grunds\u00e4tzlich mit Abstandsregeln zu gestalten.<\/li>\n<li>Der Mindestabstand nach \u00a7 1 Absatz 1 Satz 1 CoKoBeV betr\u00e4gt 1,5 m, wenn die Gruppe <strong>nicht<\/strong> in Bewegung ist.<\/li>\n<li>Der Mindestabstand in der Bewegung ist variabel und nach festen Kriterien zu gestalten:<br \/>\nEs gelten <strong>ausschlie\u00dflich<\/strong> die Abstandsregeln, die im <a href=\"https:\/\/www.rc03-ilbenstadt.de\/?p=8534\" target=\"_blank\" rel=\"noopener noreferrer\">Corona-Update vom 16.05.2020<\/a> vom RC 03 Ilbenstadt aufgestellt wurden.<br \/>\nDie Floskeln der Verb\u00e4nde, wie \u201eden Abstand in der Bewegung gro\u00dfz\u00fcgig zu bemessen\u201c (DOSB), die 2-Meter-Regel des DOSB mit einem \u201eindividuellen Plus\u201c (BDR) oder &#8222;je weiter die Distanz, desto sicherer (BDR) werden hier durch konkrete Anhalte ersetzt (bis 15 km\/h 11 Meter Abstand, bis 30 km\/h 20 Meter Abstand), die durch Windrichtung, -st\u00e4rke und gefahrener Formation variiert werden m\u00fcssen. Selbstverst\u00e4ndlich kann auch ein fixer Abstand von rund 30 Metern gew\u00e4hlt werden, der eine permanente Beurteilung der Lage (\u00c4nderung der Windrichtung\/Richtungswechsel pp.) \u00fcberfl\u00fcssig macht.<br \/>\nMittlerweile ist wissenschaftlich anerkannt, dass selbst Aerosole eine Virenlast transportieren k\u00f6nnen. Bei sportlicher Bet\u00e4tigung erh\u00f6ht sich die Aerosolmenge durch die intensivere Atmung. Es wird zwar immer noch die Ansteckungsgefahr an der frischen Luft f\u00fcr gering erachtet, doch ohne Abstandsregelung hat der Hintermann je nach Geschwindigkeit von einer halben Sekunde bis zu einer Sekunde Zeit, den Viren eines m\u00f6glicherweise infizierten Vordermannes auszuweichen &#8230;.<\/li>\n<\/ul>\n<\/li>\n<\/ul>\n<\/li>\n<li><a id=\"Hygieneregeln\"><\/a>Hygieneregeln\n<ul>\n<li>Ein Mund-\/Nasenschutz ist mitzuf\u00fchren.<br \/>\nF\u00fcr Hilfeleistungen, die den Mindestabstand zwangsl\u00e4ufig unterschreiten m\u00fcssen, f\u00fcr Eink\u00e4ufe, Restaurantbesuche und andere Zwecke muss Vorsorge getroffen werden.<\/li>\n<li>Ein Mund-\/Nasenschutz muss w\u00e4hrend der Fahrt nicht getragen werden.<br \/>\nBitte Vorsorge treffen, dass ein durchfeuchteter Mund-\/Nasenschutz gewechselt werden kann. F\u00fcr ein getrenntes, n\u00e4sse- und \u00fcbertragungsgesch\u00fctztes Mitf\u00fchren in der Trikotasche ist von den Sportlern Sorge zu tragen.<\/li>\n<li>Auf der Fahrt sind die Nies- und Schn\u00e4uzregeln besonders zu beachten.<br \/>\nIm Ereignisfall ist entweder ein Taschentuch einzusetzen oder der Gruppenverband ist zu verlassen (Windrichtung beachten!). F\u00e4llt dadurch ein Gruppenmitglied zur\u00fcck, muss, falls nicht die Umst\u00e4nde den Gruppenplatz erhalten (kurze Zeitspanne, g\u00fcnstige Windrichtung) die letzte Gruppenposition eingenommen werden.<\/li>\n<li>Es ist selbstverst\u00e4ndlich, dass die allgemein bekannten Hygienema\u00dfnahmen eingehalten werden. Da das H\u00e4ndewaschen auf Radtouren nicht immer gew\u00e4hrleistet werden kann, wird das Mitf\u00fchren eines kleinen Gebindes von Desinfektionsmitteln empfohlen.<\/li>\n<li>Weist ein Teilnehmer Krankheitszeichen auf (Husten, Schnupfen, Fieber, grippe\u00e4hnliche Symptome usw.), ist er von der Teilnahme an dieser Tour auszuschlie\u00dfen. Unerheblich ist, ob dies tats\u00e4chlich Zeichen f\u00fcr eine COVID-19-Erkrankung sind; der Anschein gen\u00fcgt.<\/li>\n<\/ul>\n<\/li>\n<\/ul>\n<ul>\n<li style=\"list-style-type: none;\"><\/li>\n<li>Es ist eine <a id=\"Teilnehmerliste\"><\/a>Teilnehmerliste zu f\u00fchren, die neben der Adresse noch die telefonische Erreichbarkeit enth\u00e4lt.<\/li>\n<li><a id=\"Gesetzliche\"><\/a>Gesetzliche Grundlagen, die auch die Verbandsregeln einschlie\u00dfen, werden der Vollst\u00e4ndigkeitshalber beigef\u00fcgt. Bitte beachtet, dass die Regeln des DSOB, des BDR und der VBG hinter der Gesetzeslage etwas hinterher hinken. Dies liegt mit daran, dass die Regelungen der Bundesl\u00e4nder vielfach voneinander abweichen. Eine explizite Anpassung der Regeln an Hessiche Verh\u00e4ltnisse wird durch den HRV nicht vorgenommen.\n<ul>\n<li><a href=\"https:\/\/www.rv.hessenrecht.hessen.de\/bshe\/document\/jlr-CoronaVKBBeschrVHErahmen\" target=\"_blank\" rel=\"noopener noreferrer\">Corona-Kontakt und Betriebsbeschr\u00e4nkungsverordnung (CoKoBeV) in der Fassung vom 11.08.2020<\/a><\/li>\n<li><a href=\"https:\/\/wirtschaft.hessen.de\/wirtschaft\/corona-info\/was-ist-wieder-erlaubt-was-nicht\" target=\"_blank\" rel=\"noopener noreferrer\">Auslegungshinweise des HMWEVW vom 15.08 2020 zur Corona-Kontakt und Betriebsbeschr\u00e4nkungsverordnung<\/a><\/li>\n<li><a href=\"https:\/\/rc03-ilbenstadt.de\/CORONA2020\/Corona_200826\/DOSB_Leitplanken-200702.pdf\" target=\"_blank\" rel=\"noopener noreferrer\">10 Leitplanken des DOSB vom 02.07.2020<\/a><\/li>\n<li><a href=\"https:\/\/rc03-ilbenstadt.de\/CORONA2020\/Corona_200826\/BDR-\u00dcbergangsregeln_Breitensport-200714.pdf\" target=\"_blank\" rel=\"noopener noreferrer\">\u00dcbergangsregeln des BDR f\u00fcr verantwortungsvolles Sporttreiben vom 14.07.2020<\/a><br \/>\n= inhaltlich identisch mit dem Schaubild vom 14.07.2020<\/li>\n<li><a href=\"https:\/\/rc03-ilbenstadt.de\/CORONA2020\/Corona_200826\/BDR-\u00dcbergangsregeln_Breitensport_Schaubild_200714.pdf\" target=\"_blank\" rel=\"noopener noreferrer\">\u00dcbergangsregeln des BDR Breitensport&#8220;,\u00a0 Schaubild vom 14.07.2020<\/a><\/li>\n<li>VBG \u2013 Gesetzliche Unfallversicherung:<br \/>\n<a href=\"https:\/\/www.rc03-ilbenstadt.de\/wp-content\/uploads\/2020\/05\/sars-cov-2-arbeitsschutzstandard_-_empfehlungen_fuer_sportvereine.pdf\" target=\"_blank\" rel=\"noopener noreferrer\">Empfehlungen SARS-VoB-2-Arbeitsschutzstandard f\u00fcr Sportvereine<\/a> vom 08.05.2020<br \/>\n<a href=\"https:\/\/rc03-ilbenstadt.de\/CORONA2020\/Corona_200826\/VBG-SARS-CoV-2-Mund-Nase-Bedeckung_200423.pdf\" target=\"_blank\" rel=\"noopener noreferrer\">Empfehlungen SARS-CoV-2-Mund-Nase-Bedeckung<\/a> vom 23.04.2020<\/li>\n<\/ul>\n<\/li>\n<\/ul>\n","protected":false},"excerpt":{"rendered":"<p>F\u00fcr Ungeduldige: Vorbemerkungen und Regelungsrahmen Regelwerk Grundlage Risikogruppe Gruppengr\u00f6\u00dfen und Abstandsregeln Hygieneregeln Teilnehmerliste Gesetzliche Grundlagen und Verbandsregeln Die sukzessiven Lockerungen der Beschr\u00e4nkungen im Lichte des aktuellen Pandemiegeschehens Chance f\u00fcr den Breitenradsport oder eine Fahrt ins Verderben? Die Kontakt- und Betriebsbeschr\u00e4nkungen &hellip; <a href=\"https:\/\/www.rc03-ilbenstadt.de\/?page_id=8677\">Weiterlesen <span class=\"meta-nav\">&rarr;<\/span><\/a><\/p>\n","protected":false},"author":9,"featured_media":8311,"parent":0,"menu_order":0,"comment_status":"closed","ping_status":"closed","template":"","meta":{"_crdt_document":"","footnotes":""},"class_list":["post-8677","page","type-page","status-publish","has-post-thumbnail","hentry"],"_links":{"self":[{"href":"https:\/\/www.rc03-ilbenstadt.de\/index.php?rest_route=\/wp\/v2\/pages\/8677","targetHints":{"allow":["GET"]}}],"collection":[{"href":"https:\/\/www.rc03-ilbenstadt.de\/index.php?rest_route=\/wp\/v2\/pages"}],"about":[{"href":"https:\/\/www.rc03-ilbenstadt.de\/index.php?rest_route=\/wp\/v2\/types\/page"}],"author":[{"embeddable":true,"href":"https:\/\/www.rc03-ilbenstadt.de\/index.php?rest_route=\/wp\/v2\/users\/9"}],"replies":[{"embeddable":true,"href":"https:\/\/www.rc03-ilbenstadt.de\/index.php?rest_route=%2Fwp%2Fv2%2Fcomments&post=8677"}],"version-history":[{"count":5,"href":"https:\/\/www.rc03-ilbenstadt.de\/index.php?rest_route=\/wp\/v2\/pages\/8677\/revisions"}],"predecessor-version":[{"id":8681,"href":"https:\/\/www.rc03-ilbenstadt.de\/index.php?rest_route=\/wp\/v2\/pages\/8677\/revisions\/8681"}],"wp:featuredmedia":[{"embeddable":true,"href":"https:\/\/www.rc03-ilbenstadt.de\/index.php?rest_route=\/wp\/v2\/media\/8311"}],"wp:attachment":[{"href":"https:\/\/www.rc03-ilbenstadt.de\/index.php?rest_route=%2Fwp%2Fv2%2Fmedia&parent=8677"}],"curies":[{"name":"wp","href":"https:\/\/api.w.org\/{rel}","templated":true}]}}